{"id":42521,"date":"2022-09-29T15:54:25","date_gmt":"2022-09-29T14:54:25","guid":{"rendered":"https:\/\/www.guibutik.pt\/loja\/?post_type=product&#038;p=42521"},"modified":"2025-12-18T17:41:03","modified_gmt":"2025-12-18T16:41:03","slug":"sapatilha-spherica-geox-2","status":"publish","type":"product","link":"https:\/\/www.guibutik.pt\/loja\/produto\/sapatilha-spherica-geox-2\/","title":{"rendered":"Sapatilha Spherica Geox"},"content":{"rendered":"<div class=\"description-element-subtitle\" data-seo-label=\"composition\">COMPOSI\u00c7\u00c3O<\/div>\n<div id=\"57rx9r-accordion\" class=\"description-element-body accordion-content\" role=\"tabpanel\" data-tab-content=\"\" aria-labelledby=\"57rx9r-accordion-label\" aria-hidden=\"false\">\n<div class=\"custom-field feat-wrap\">\n<div class=\"custom-field__icon-label-content\">\n<div class=\"label-content\">\n<p class=\"content\">Parte superior: 90% couro-10% t\u00eaxtil<br \/>\nForro: 75% t\u00eaxtil-25% sint\u00e9tico<\/p>\n<\/div>\n<\/div>\n<\/div>\n<div class=\"custom-field feat-wrap\">\n<div class=\"custom-field__icon-label-content\">\n<div class=\"label-content\">\n<p class=\"content\">Solado: 100% Material Sint\u00e9tico<br \/>\nPalmilha: 100% T\u00eaxtil<\/p>\n<div class=\"description-element-subtitle\" data-seo-label=\"characteristics\">CARACTER\u00cdSTICAS<\/div>\n<div id=\"r8red1-accordion\" class=\"description-element-body accordion-content\" role=\"tabpanel\" data-tab-content=\"\" aria-labelledby=\"r8red1-accordion-label\" aria-hidden=\"false\">\n<div class=\"custom-field feat-wrap\">\n<div class=\"custom-field__icon-label-content\">\n<div class=\"label-content\">\n<ul>\n<li>respirabilidade para a sola e uma sensa\u00e7\u00e3o de bem-estar para o p\u00e9 s\u00e3o garantidos por sistemas patenteados geox.<\/li>\n<li>conforto inabal\u00e1vel gra\u00e7as ao sistema de choque zero com esferas de absor\u00e7\u00e3o de choque que aumentam o efeito de amortecimento e absorvem pancadas e solavancos.<\/li>\n<li>cal\u00e7ado leve para uma caminhada confort\u00e1vel ao longo do dia.<\/li>\n<li>Fechamento de cadar\u00e7o para um ajuste facilmente ajust\u00e1vel.<\/li>\n<li>a palmilha remov\u00edvel \u00e9 higi\u00eanica e pr\u00e1tica.<\/li>\n<\/ul>\n<\/div>\n<\/div>\n<\/div>\n<\/div>\n<\/div>\n<\/div>\n<\/div>\n<\/div>\n","protected":false},"excerpt":{"rendered":"<p>T\u00eanis masculino ic\u00f4nico de cano baixo com design revolucion\u00e1rio de alta tecnologia e n\u00edveis sem precedentes de respirabilidade e amortecimento.\u00a0Renderizado em napa flex\u00edvel azul marinho, esta vers\u00e3o do Spherica\u2122 possui uma constru\u00e7\u00e3o de alta tecnologia que oferece total conforto, bem como uma est\u00e9tica urbana inovadora e moderna.\u00a0Cuidadosamente criado para absorver os choques e solavancos do ch\u00e3o, mima os p\u00e9s com uma sensa\u00e7\u00e3o de bem-estar passo a passo.<\/p>\n","protected":false},"featured_media":42529,"comment_status":"closed","ping_status":"closed","template":"","meta":[],"product_cat":[231,221,483],"product_tag":[491],"class_list":{"0":"post-42521","1":"product","2":"type-product","3":"status-publish","4":"has-post-thumbnail","6":"product_cat-calcado-homem","7":"product_cat-homem","8":"product_cat-promocoes-homem","9":"product_tag-geox","10":"ts_product_brand-geox","12":"first","13":"instock","14":"sale","15":"shipping-taxable","16":"purchasable","17":"product-type-variable"},"yoast_head":"<!-- This site is optimized with the Yoast SEO plugin v27.5 - https:\/\/yoast.com\/product\/yoast-seo-wordpress\/ -->\n<title>Sapatilha Spherica Geox - Guibutik<\/title>\n<meta name=\"robots\" content=\"index, follow, max-snippet:-1, max-image-preview:large, max-video-preview:-1\" \/>\n<link rel=\"canonical\" href=\"https:\/\/www.guibutik.pt\/loja\/produto\/sapatilha-spherica-geox-2\/\" \/>\n<meta property=\"og:locale\" content=\"pt_PT\" \/>\n<meta property=\"og:type\" content=\"article\" \/>\n<meta property=\"og:title\" content=\"Sapatilha Spherica Geox - Guibutik\" \/>\n<meta property=\"og:description\" content=\"T\u00eanis masculino ic\u00f4nico de cano baixo com design revolucion\u00e1rio de alta tecnologia e n\u00edveis sem precedentes de respirabilidade e amortecimento.\u00a0Renderizado em napa flex\u00edvel azul marinho, esta vers\u00e3o do Spherica\u2122 possui uma constru\u00e7\u00e3o de alta tecnologia que oferece total conforto, bem como uma est\u00e9tica urbana inovadora e moderna.\u00a0Cuidadosamente criado para absorver os choques e solavancos do ch\u00e3o, mima os p\u00e9s com uma sensa\u00e7\u00e3o de bem-estar passo a passo.\" \/>\n<meta property=\"og:url\" content=\"https:\/\/www.guibutik.pt\/loja\/produto\/sapatilha-spherica-geox-2\/\" \/>\n<meta property=\"og:site_name\" content=\"Guibutik\" \/>\n<meta property=\"article:publisher\" content=\"https:\/\/www.facebook.com\/guibutik\/\" \/>\n<meta property=\"article:modified_time\" content=\"2025-12-18T16:41:03+00:00\" \/>\n<meta property=\"og:image\" content=\"https:\/\/www.guibutik.pt\/loja\/wp-content\/uploads\/2022\/09\/geox-sneaker-blu-gomma-u26byd-6.jpg\" \/>\n\t<meta property=\"og:image:width\" content=\"1200\" \/>\n\t<meta property=\"og:image:height\" content=\"1200\" \/>\n\t<meta property=\"og:image:type\" content=\"image\/jpeg\" \/>\n<meta name=\"twitter:card\" content=\"summary_large_image\" \/>\n<meta name=\"twitter:label1\" content=\"Tempo estimado de leitura\" \/>\n\t<meta name=\"twitter:data1\" content=\"1 minuto\" \/>\n<script type=\"application\/ld+json\" class=\"yoast-schema-graph\">{\"@context\":\"https:\\\/\\\/schema.org\",\"@graph\":[{\"@type\":\"WebPage\",\"@id\":\"https:\\\/\\\/www.guibutik.pt\\\/loja\\\/produto\\\/sapatilha-spherica-geox-2\\\/\",\"url\":\"https:\\\/\\\/www.guibutik.pt\\\/loja\\\/produto\\\/sapatilha-spherica-geox-2\\\/\",\"name\":\"Sapatilha Spherica Geox - Guibutik\",\"isPartOf\":{\"@id\":\"https:\\\/\\\/www.guibutik.pt\\\/loja\\\/#website\"},\"primaryImageOfPage\":{\"@id\":\"https:\\\/\\\/www.guibutik.pt\\\/loja\\\/produto\\\/sapatilha-spherica-geox-2\\\/#primaryimage\"},\"image\":{\"@id\":\"https:\\\/\\\/www.guibutik.pt\\\/loja\\\/produto\\\/sapatilha-spherica-geox-2\\\/#primaryimage\"},\"thumbnailUrl\":\"https:\\\/\\\/www.guibutik.pt\\\/loja\\\/wp-content\\\/uploads\\\/2022\\\/09\\\/geox-sneaker-blu-gomma-u26byd-6.jpg\",\"datePublished\":\"2022-09-29T14:54:25+00:00\",\"dateModified\":\"2025-12-18T16:41:03+00:00\",\"breadcrumb\":{\"@id\":\"https:\\\/\\\/www.guibutik.pt\\\/loja\\\/produto\\\/sapatilha-spherica-geox-2\\\/#breadcrumb\"},\"inLanguage\":\"pt-PT\",\"potentialAction\":[{\"@type\":\"ReadAction\",\"target\":[\"https:\\\/\\\/www.guibutik.pt\\\/loja\\\/produto\\\/sapatilha-spherica-geox-2\\\/\"]}]},{\"@type\":\"ImageObject\",\"inLanguage\":\"pt-PT\",\"@id\":\"https:\\\/\\\/www.guibutik.pt\\\/loja\\\/produto\\\/sapatilha-spherica-geox-2\\\/#primaryimage\",\"url\":\"https:\\\/\\\/www.guibutik.pt\\\/loja\\\/wp-content\\\/uploads\\\/2022\\\/09\\\/geox-sneaker-blu-gomma-u26byd-6.jpg\",\"contentUrl\":\"https:\\\/\\\/www.guibutik.pt\\\/loja\\\/wp-content\\\/uploads\\\/2022\\\/09\\\/geox-sneaker-blu-gomma-u26byd-6.jpg\",\"width\":1200,\"height\":1200},{\"@type\":\"BreadcrumbList\",\"@id\":\"https:\\\/\\\/www.guibutik.pt\\\/loja\\\/produto\\\/sapatilha-spherica-geox-2\\\/#breadcrumb\",\"itemListElement\":[{\"@type\":\"ListItem\",\"position\":1,\"name\":\"In\u00edcio\",\"item\":\"https:\\\/\\\/www.guibutik.pt\\\/loja\\\/\"},{\"@type\":\"ListItem\",\"position\":2,\"name\":\"Loja\",\"item\":\"https:\\\/\\\/www.guibutik.pt\\\/loja\\\/shop\\\/\"},{\"@type\":\"ListItem\",\"position\":3,\"name\":\"Sapatilha Spherica Geox\"}]},{\"@type\":\"WebSite\",\"@id\":\"https:\\\/\\\/www.guibutik.pt\\\/loja\\\/#website\",\"url\":\"https:\\\/\\\/www.guibutik.pt\\\/loja\\\/\",\"name\":\"Guibutik\",\"description\":\"Moda e Sapataria\",\"potentialAction\":[{\"@type\":\"SearchAction\",\"target\":{\"@type\":\"EntryPoint\",\"urlTemplate\":\"https:\\\/\\\/www.guibutik.pt\\\/loja\\\/?s={search_term_string}\"},\"query-input\":{\"@type\":\"PropertyValueSpecification\",\"valueRequired\":true,\"valueName\":\"search_term_string\"}}],\"inLanguage\":\"pt-PT\"}]}<\/script>\n<!-- \/ Yoast SEO plugin. -->","yoast_head_json":{"title":"Sapatilha Spherica Geox - Guibutik","robots":{"index":"index","follow":"follow","max-snippet":"max-snippet:-1","max-image-preview":"max-image-preview:large","max-video-preview":"max-video-preview:-1"},"canonical":"https:\/\/www.guibutik.pt\/loja\/produto\/sapatilha-spherica-geox-2\/","og_locale":"pt_PT","og_type":"article","og_title":"Sapatilha Spherica Geox - Guibutik","og_description":"T\u00eanis masculino ic\u00f4nico de cano baixo com design revolucion\u00e1rio de alta tecnologia e n\u00edveis sem precedentes de respirabilidade e amortecimento.\u00a0Renderizado em napa flex\u00edvel azul marinho, esta vers\u00e3o do Spherica\u2122 possui uma constru\u00e7\u00e3o de alta tecnologia que oferece total conforto, bem como uma est\u00e9tica urbana inovadora e moderna.\u00a0Cuidadosamente criado para absorver os choques e solavancos do ch\u00e3o, mima os p\u00e9s com uma sensa\u00e7\u00e3o de bem-estar passo a passo.","og_url":"https:\/\/www.guibutik.pt\/loja\/produto\/sapatilha-spherica-geox-2\/","og_site_name":"Guibutik","article_publisher":"https:\/\/www.facebook.com\/guibutik\/","article_modified_time":"2025-12-18T16:41:03+00:00","og_image":[{"width":1200,"height":1200,"url":"https:\/\/www.guibutik.pt\/loja\/wp-content\/uploads\/2022\/09\/geox-sneaker-blu-gomma-u26byd-6.jpg","type":"image\/jpeg"}],"twitter_card":"summary_large_image","twitter_misc":{"Tempo estimado de leitura":"1 minuto"},"schema":{"@context":"https:\/\/schema.org","@graph":[{"@type":"WebPage","@id":"https:\/\/www.guibutik.pt\/loja\/produto\/sapatilha-spherica-geox-2\/","url":"https:\/\/www.guibutik.pt\/loja\/produto\/sapatilha-spherica-geox-2\/","name":"Sapatilha Spherica Geox - Guibutik","isPartOf":{"@id":"https:\/\/www.guibutik.pt\/loja\/#website"},"primaryImageOfPage":{"@id":"https:\/\/www.guibutik.pt\/loja\/produto\/sapatilha-spherica-geox-2\/#primaryimage"},"image":{"@id":"https:\/\/www.guibutik.pt\/loja\/produto\/sapatilha-spherica-geox-2\/#primaryimage"},"thumbnailUrl":"https:\/\/www.guibutik.pt\/loja\/wp-content\/uploads\/2022\/09\/geox-sneaker-blu-gomma-u26byd-6.jpg","datePublished":"2022-09-29T14:54:25+00:00","dateModified":"2025-12-18T16:41:03+00:00","breadcrumb":{"@id":"https:\/\/www.guibutik.pt\/loja\/produto\/sapatilha-spherica-geox-2\/#breadcrumb"},"inLanguage":"pt-PT","potentialAction":[{"@type":"ReadAction","target":["https:\/\/www.guibutik.pt\/loja\/produto\/sapatilha-spherica-geox-2\/"]}]},{"@type":"ImageObject","inLanguage":"pt-PT","@id":"https:\/\/www.guibutik.pt\/loja\/produto\/sapatilha-spherica-geox-2\/#primaryimage","url":"https:\/\/www.guibutik.pt\/loja\/wp-content\/uploads\/2022\/09\/geox-sneaker-blu-gomma-u26byd-6.jpg","contentUrl":"https:\/\/www.guibutik.pt\/loja\/wp-content\/uploads\/2022\/09\/geox-sneaker-blu-gomma-u26byd-6.jpg","width":1200,"height":1200},{"@type":"BreadcrumbList","@id":"https:\/\/www.guibutik.pt\/loja\/produto\/sapatilha-spherica-geox-2\/#breadcrumb","itemListElement":[{"@type":"ListItem","position":1,"name":"In\u00edcio","item":"https:\/\/www.guibutik.pt\/loja\/"},{"@type":"ListItem","position":2,"name":"Loja","item":"https:\/\/www.guibutik.pt\/loja\/shop\/"},{"@type":"ListItem","position":3,"name":"Sapatilha Spherica Geox"}]},{"@type":"WebSite","@id":"https:\/\/www.guibutik.pt\/loja\/#website","url":"https:\/\/www.guibutik.pt\/loja\/","name":"Guibutik","description":"Moda e Sapataria","potentialAction":[{"@type":"SearchAction","target":{"@type":"EntryPoint","urlTemplate":"https:\/\/www.guibutik.pt\/loja\/?s={search_term_string}"},"query-input":{"@type":"PropertyValueSpecification","valueRequired":true,"valueName":"search_term_string"}}],"inLanguage":"pt-PT"}]}},"_links":{"self":[{"href":"https:\/\/www.guibutik.pt\/loja\/wp-json\/wp\/v2\/product\/42521","targetHints":{"allow":["GET"]}}],"collection":[{"href":"https:\/\/www.guibutik.pt\/loja\/wp-json\/wp\/v2\/product"}],"about":[{"href":"https:\/\/www.guibutik.pt\/loja\/wp-json\/wp\/v2\/types\/product"}],"replies":[{"embeddable":true,"href":"https:\/\/www.guibutik.pt\/loja\/wp-json\/wp\/v2\/comments?post=42521"}],"wp:featuredmedia":[{"embeddable":true,"href":"https:\/\/www.guibutik.pt\/loja\/wp-json\/wp\/v2\/media\/42529"}],"wp:attachment":[{"href":"https:\/\/www.guibutik.pt\/loja\/wp-json\/wp\/v2\/media?parent=42521"}],"wp:term":[{"taxonomy":"product_cat","embeddable":true,"href":"https:\/\/www.guibutik.pt\/loja\/wp-json\/wp\/v2\/product_cat?post=42521"},{"taxonomy":"product_tag","embeddable":true,"href":"https:\/\/www.guibutik.pt\/loja\/wp-json\/wp\/v2\/product_tag?post=42521"}],"curies":[{"name":"wp","href":"https:\/\/api.w.org\/{rel}","templated":true}]}}