{"id":42494,"date":"2022-09-29T15:27:50","date_gmt":"2022-09-29T14:27:50","guid":{"rendered":"https:\/\/www.guibutik.pt\/loja\/?post_type=product&#038;p=42494"},"modified":"2026-03-06T10:51:59","modified_gmt":"2026-03-06T09:51:59","slug":"bota-flexyper-geox","status":"publish","type":"product","link":"https:\/\/www.guibutik.pt\/loja\/produto\/bota-flexyper-geox\/","title":{"rendered":"Bota Flexyper Geox"},"content":{"rendered":"<div class=\"description-element-subtitle\" data-seo-label=\"composition\">COMPOSI\u00c7\u00c3O<\/div>\n<div id=\"hd5bgr-accordion\" class=\"description-element-body accordion-content\" role=\"tabpanel\" data-tab-content=\"\" aria-labelledby=\"hd5bgr-accordion-label\" aria-hidden=\"false\">\n<div class=\"custom-field feat-wrap\">\n<div class=\"custom-field__icon-label-content\">\n<div class=\"label-content\">\n<p class=\"content\">Cabedal: 82% Couro-18% T\u00eaxtil, Forro: 80% T\u00eaxtil-20% Sint\u00e9tico<\/p>\n<\/div>\n<\/div>\n<\/div>\n<div class=\"custom-field feat-wrap\">\n<div class=\"custom-field__icon-label-content\">\n<div class=\"label-content\">\n<p class=\"content\">Sola: 65% Material Sint\u00e9tico-35% Borracha, Palmilha: 100% T\u00eaxtil<\/p>\n<\/div>\n<div class=\"description-element-subtitle\" data-seo-label=\"characteristics\">CARACTER\u00cdSTICAS<\/div>\n<div id=\"jqul26-accordion\" class=\"description-element-body accordion-content\" role=\"tabpanel\" data-tab-content=\"\" aria-labelledby=\"jqul26-accordion-label\" aria-hidden=\"false\">\n<div class=\"custom-field feat-wrap\">\n<div class=\"custom-field__icon-label-content\">\n<div class=\"label-content\">\n<ul>\n<li>respirabilidade para a sola e uma sensa\u00e7\u00e3o de bem-estar para o p\u00e9 s\u00e3o garantidos por sistemas patenteados geox.<\/li>\n<li>prote\u00e7\u00e3o superlativa e termorregula\u00e7\u00e3o ideal em todas as condi\u00e7\u00f5es clim\u00e1ticas, gra\u00e7as \u00e0 tecnologia anphibiox, que torna a parte superior e a sola imperme\u00e1veis \u200b\u200be respir\u00e1veis.<\/li>\n<li>prote\u00e7\u00e3o contra o frio gra\u00e7as aos excelentes n\u00edveis de isolamento t\u00e9rmico.<\/li>\n<li>um excelente efeito de amortecimento que oferece prote\u00e7\u00e3o e absorve solavancos e vibra\u00e7\u00f5es.<\/li>\n<li>cal\u00e7ado leve para uma caminhada confort\u00e1vel ao longo do dia.<\/li>\n<li>pe\u00e7a de cal\u00e7ado altamente vest\u00edvel que oferece n\u00edveis de conforto superiores.<\/li>\n<li>o fecho \u00fanico de riptape e o cadar\u00e7o el\u00e1stico facilitam o calce e o ajuste.<\/li>\n<li>forro interno aconchegante para maior prote\u00e7\u00e3o contra o frio.<\/li>\n<\/ul>\n<\/div>\n<\/div>\n<\/div>\n<\/div>\n<\/div>\n<\/div>\n<\/div>\n","protected":false},"excerpt":{"rendered":"<p>Bota de menino confort\u00e1vel, imperme\u00e1vel e aconchegante com excelente amortecimento.\u00a0A ankle boot Flexyper ABX destaca-se por sua parte superior feita de nobuck e nylon em uma cor azul marinho e azul-petr\u00f3leo;\u00a0foi aprimorado com detalhes ao ar livre e colocado em uma sola inovadora que oferece flexibilidade, amortecimento e estabilidade a cada passo.\u00a0Aconchegante e imperme\u00e1vel, \u00e9 a maneira perfeita de cobrir todas as bases para a vida cotidiana.<\/p>\n","protected":false},"featured_media":42507,"comment_status":"closed","ping_status":"closed","template":"","meta":[],"product_cat":[555,295,267,235],"product_tag":[491],"class_list":{"0":"post-42494","1":"product","2":"type-product","3":"status-publish","4":"has-post-thumbnail","6":"product_cat-bota-calcado-rapaz","7":"product_cat-calcado-rapaz","8":"product_cat-crianca","9":"product_cat-rapaz","10":"product_tag-geox","11":"ts_product_brand-geox","13":"first","14":"instock","15":"shipping-taxable","16":"purchasable","17":"product-type-variable"},"yoast_head":"<!-- This site is optimized with the Yoast SEO plugin v27.5 - https:\/\/yoast.com\/product\/yoast-seo-wordpress\/ -->\n<title>Bota Flexyper Geox - Guibutik<\/title>\n<meta name=\"robots\" content=\"index, follow, max-snippet:-1, max-image-preview:large, max-video-preview:-1\" \/>\n<link rel=\"canonical\" href=\"https:\/\/www.guibutik.pt\/loja\/produto\/bota-flexyper-geox\/\" \/>\n<meta property=\"og:locale\" content=\"pt_PT\" \/>\n<meta property=\"og:type\" content=\"article\" \/>\n<meta property=\"og:title\" content=\"Bota Flexyper Geox - Guibutik\" \/>\n<meta property=\"og:description\" content=\"Bota de menino confort\u00e1vel, imperme\u00e1vel e aconchegante com excelente amortecimento.\u00a0A ankle boot Flexyper ABX destaca-se por sua parte superior feita de nobuck e nylon em uma cor azul marinho e azul-petr\u00f3leo;\u00a0foi aprimorado com detalhes ao ar livre e colocado em uma sola inovadora que oferece flexibilidade, amortecimento e estabilidade a cada passo.\u00a0Aconchegante e imperme\u00e1vel, \u00e9 a maneira perfeita de cobrir todas as bases para a vida cotidiana.\" \/>\n<meta property=\"og:url\" content=\"https:\/\/www.guibutik.pt\/loja\/produto\/bota-flexyper-geox\/\" \/>\n<meta property=\"og:site_name\" content=\"Guibutik\" \/>\n<meta property=\"article:publisher\" content=\"https:\/\/www.facebook.com\/guibutik\/\" \/>\n<meta property=\"article:modified_time\" content=\"2026-03-06T09:51:59+00:00\" \/>\n<meta property=\"og:image\" content=\"https:\/\/www.guibutik.pt\/loja\/wp-content\/uploads\/2022\/09\/0000208484282_01_rz.jpg\" \/>\n\t<meta property=\"og:image:width\" content=\"800\" \/>\n\t<meta property=\"og:image:height\" content=\"800\" \/>\n\t<meta property=\"og:image:type\" content=\"image\/jpeg\" \/>\n<meta name=\"twitter:card\" content=\"summary_large_image\" \/>\n<meta name=\"twitter:label1\" content=\"Tempo estimado de leitura\" \/>\n\t<meta name=\"twitter:data1\" content=\"1 minuto\" \/>\n<script type=\"application\/ld+json\" class=\"yoast-schema-graph\">{\"@context\":\"https:\\\/\\\/schema.org\",\"@graph\":[{\"@type\":\"WebPage\",\"@id\":\"https:\\\/\\\/www.guibutik.pt\\\/loja\\\/produto\\\/bota-flexyper-geox\\\/\",\"url\":\"https:\\\/\\\/www.guibutik.pt\\\/loja\\\/produto\\\/bota-flexyper-geox\\\/\",\"name\":\"Bota Flexyper Geox - Guibutik\",\"isPartOf\":{\"@id\":\"https:\\\/\\\/www.guibutik.pt\\\/loja\\\/#website\"},\"primaryImageOfPage\":{\"@id\":\"https:\\\/\\\/www.guibutik.pt\\\/loja\\\/produto\\\/bota-flexyper-geox\\\/#primaryimage\"},\"image\":{\"@id\":\"https:\\\/\\\/www.guibutik.pt\\\/loja\\\/produto\\\/bota-flexyper-geox\\\/#primaryimage\"},\"thumbnailUrl\":\"https:\\\/\\\/www.guibutik.pt\\\/loja\\\/wp-content\\\/uploads\\\/2022\\\/09\\\/0000208484282_01_rz.jpg\",\"datePublished\":\"2022-09-29T14:27:50+00:00\",\"dateModified\":\"2026-03-06T09:51:59+00:00\",\"breadcrumb\":{\"@id\":\"https:\\\/\\\/www.guibutik.pt\\\/loja\\\/produto\\\/bota-flexyper-geox\\\/#breadcrumb\"},\"inLanguage\":\"pt-PT\",\"potentialAction\":[{\"@type\":\"ReadAction\",\"target\":[\"https:\\\/\\\/www.guibutik.pt\\\/loja\\\/produto\\\/bota-flexyper-geox\\\/\"]}]},{\"@type\":\"ImageObject\",\"inLanguage\":\"pt-PT\",\"@id\":\"https:\\\/\\\/www.guibutik.pt\\\/loja\\\/produto\\\/bota-flexyper-geox\\\/#primaryimage\",\"url\":\"https:\\\/\\\/www.guibutik.pt\\\/loja\\\/wp-content\\\/uploads\\\/2022\\\/09\\\/0000208484282_01_rz.jpg\",\"contentUrl\":\"https:\\\/\\\/www.guibutik.pt\\\/loja\\\/wp-content\\\/uploads\\\/2022\\\/09\\\/0000208484282_01_rz.jpg\",\"width\":800,\"height\":800},{\"@type\":\"BreadcrumbList\",\"@id\":\"https:\\\/\\\/www.guibutik.pt\\\/loja\\\/produto\\\/bota-flexyper-geox\\\/#breadcrumb\",\"itemListElement\":[{\"@type\":\"ListItem\",\"position\":1,\"name\":\"In\u00edcio\",\"item\":\"https:\\\/\\\/www.guibutik.pt\\\/loja\\\/\"},{\"@type\":\"ListItem\",\"position\":2,\"name\":\"Loja\",\"item\":\"https:\\\/\\\/www.guibutik.pt\\\/loja\\\/shop\\\/\"},{\"@type\":\"ListItem\",\"position\":3,\"name\":\"Bota Flexyper Geox\"}]},{\"@type\":\"WebSite\",\"@id\":\"https:\\\/\\\/www.guibutik.pt\\\/loja\\\/#website\",\"url\":\"https:\\\/\\\/www.guibutik.pt\\\/loja\\\/\",\"name\":\"Guibutik\",\"description\":\"Moda e Sapataria\",\"potentialAction\":[{\"@type\":\"SearchAction\",\"target\":{\"@type\":\"EntryPoint\",\"urlTemplate\":\"https:\\\/\\\/www.guibutik.pt\\\/loja\\\/?s={search_term_string}\"},\"query-input\":{\"@type\":\"PropertyValueSpecification\",\"valueRequired\":true,\"valueName\":\"search_term_string\"}}],\"inLanguage\":\"pt-PT\"}]}<\/script>\n<!-- \/ Yoast SEO plugin. -->","yoast_head_json":{"title":"Bota Flexyper Geox - Guibutik","robots":{"index":"index","follow":"follow","max-snippet":"max-snippet:-1","max-image-preview":"max-image-preview:large","max-video-preview":"max-video-preview:-1"},"canonical":"https:\/\/www.guibutik.pt\/loja\/produto\/bota-flexyper-geox\/","og_locale":"pt_PT","og_type":"article","og_title":"Bota Flexyper Geox - Guibutik","og_description":"Bota de menino confort\u00e1vel, imperme\u00e1vel e aconchegante com excelente amortecimento.\u00a0A ankle boot Flexyper ABX destaca-se por sua parte superior feita de nobuck e nylon em uma cor azul marinho e azul-petr\u00f3leo;\u00a0foi aprimorado com detalhes ao ar livre e colocado em uma sola inovadora que oferece flexibilidade, amortecimento e estabilidade a cada passo.\u00a0Aconchegante e imperme\u00e1vel, \u00e9 a maneira perfeita de cobrir todas as bases para a vida cotidiana.","og_url":"https:\/\/www.guibutik.pt\/loja\/produto\/bota-flexyper-geox\/","og_site_name":"Guibutik","article_publisher":"https:\/\/www.facebook.com\/guibutik\/","article_modified_time":"2026-03-06T09:51:59+00:00","og_image":[{"width":800,"height":800,"url":"https:\/\/www.guibutik.pt\/loja\/wp-content\/uploads\/2022\/09\/0000208484282_01_rz.jpg","type":"image\/jpeg"}],"twitter_card":"summary_large_image","twitter_misc":{"Tempo estimado de leitura":"1 minuto"},"schema":{"@context":"https:\/\/schema.org","@graph":[{"@type":"WebPage","@id":"https:\/\/www.guibutik.pt\/loja\/produto\/bota-flexyper-geox\/","url":"https:\/\/www.guibutik.pt\/loja\/produto\/bota-flexyper-geox\/","name":"Bota Flexyper Geox - Guibutik","isPartOf":{"@id":"https:\/\/www.guibutik.pt\/loja\/#website"},"primaryImageOfPage":{"@id":"https:\/\/www.guibutik.pt\/loja\/produto\/bota-flexyper-geox\/#primaryimage"},"image":{"@id":"https:\/\/www.guibutik.pt\/loja\/produto\/bota-flexyper-geox\/#primaryimage"},"thumbnailUrl":"https:\/\/www.guibutik.pt\/loja\/wp-content\/uploads\/2022\/09\/0000208484282_01_rz.jpg","datePublished":"2022-09-29T14:27:50+00:00","dateModified":"2026-03-06T09:51:59+00:00","breadcrumb":{"@id":"https:\/\/www.guibutik.pt\/loja\/produto\/bota-flexyper-geox\/#breadcrumb"},"inLanguage":"pt-PT","potentialAction":[{"@type":"ReadAction","target":["https:\/\/www.guibutik.pt\/loja\/produto\/bota-flexyper-geox\/"]}]},{"@type":"ImageObject","inLanguage":"pt-PT","@id":"https:\/\/www.guibutik.pt\/loja\/produto\/bota-flexyper-geox\/#primaryimage","url":"https:\/\/www.guibutik.pt\/loja\/wp-content\/uploads\/2022\/09\/0000208484282_01_rz.jpg","contentUrl":"https:\/\/www.guibutik.pt\/loja\/wp-content\/uploads\/2022\/09\/0000208484282_01_rz.jpg","width":800,"height":800},{"@type":"BreadcrumbList","@id":"https:\/\/www.guibutik.pt\/loja\/produto\/bota-flexyper-geox\/#breadcrumb","itemListElement":[{"@type":"ListItem","position":1,"name":"In\u00edcio","item":"https:\/\/www.guibutik.pt\/loja\/"},{"@type":"ListItem","position":2,"name":"Loja","item":"https:\/\/www.guibutik.pt\/loja\/shop\/"},{"@type":"ListItem","position":3,"name":"Bota Flexyper Geox"}]},{"@type":"WebSite","@id":"https:\/\/www.guibutik.pt\/loja\/#website","url":"https:\/\/www.guibutik.pt\/loja\/","name":"Guibutik","description":"Moda e Sapataria","potentialAction":[{"@type":"SearchAction","target":{"@type":"EntryPoint","urlTemplate":"https:\/\/www.guibutik.pt\/loja\/?s={search_term_string}"},"query-input":{"@type":"PropertyValueSpecification","valueRequired":true,"valueName":"search_term_string"}}],"inLanguage":"pt-PT"}]}},"_links":{"self":[{"href":"https:\/\/www.guibutik.pt\/loja\/wp-json\/wp\/v2\/product\/42494","targetHints":{"allow":["GET"]}}],"collection":[{"href":"https:\/\/www.guibutik.pt\/loja\/wp-json\/wp\/v2\/product"}],"about":[{"href":"https:\/\/www.guibutik.pt\/loja\/wp-json\/wp\/v2\/types\/product"}],"replies":[{"embeddable":true,"href":"https:\/\/www.guibutik.pt\/loja\/wp-json\/wp\/v2\/comments?post=42494"}],"wp:featuredmedia":[{"embeddable":true,"href":"https:\/\/www.guibutik.pt\/loja\/wp-json\/wp\/v2\/media\/42507"}],"wp:attachment":[{"href":"https:\/\/www.guibutik.pt\/loja\/wp-json\/wp\/v2\/media?parent=42494"}],"wp:term":[{"taxonomy":"product_cat","embeddable":true,"href":"https:\/\/www.guibutik.pt\/loja\/wp-json\/wp\/v2\/product_cat?post=42494"},{"taxonomy":"product_tag","embeddable":true,"href":"https:\/\/www.guibutik.pt\/loja\/wp-json\/wp\/v2\/product_tag?post=42494"}],"curies":[{"name":"wp","href":"https:\/\/api.w.org\/{rel}","templated":true}]}}