{"id":40954,"date":"2023-03-05T10:20:59","date_gmt":"2023-03-05T09:20:59","guid":{"rendered":"https:\/\/www.guibutik.pt\/loja\/?post_type=product&#038;p=40954"},"modified":"2026-03-06T10:51:39","modified_gmt":"2026-03-06T09:51:39","slug":"40954","status":"publish","type":"product","link":"https:\/\/www.guibutik.pt\/loja\/produto\/40954\/","title":{"rendered":"Sapatilha Alben Geox"},"content":{"rendered":"<div class=\"description-element-subtitle\" data-seo-label=\"characteristics\">CARACTER\u00cdSTICAS<\/div>\n<div id=\"955lok-accordion\" class=\"description-element-body accordion-content\" role=\"tabpanel\" data-tab-content=\"\" aria-labelledby=\"955lok-accordion-label\" aria-hidden=\"false\">\n<div class=\"custom-field feat-wrap\">\n<div class=\"custom-field__icon-label-content\">\n<div class=\"label-content\">\n<ul>\n<li>respirabilidade para a sola e uma sensa\u00e7\u00e3o de bem-estar para o p\u00e9 s\u00e3o garantidos por sistemas patenteados geox.<\/li>\n<li>um excelente efeito de amortecimento que oferece prote\u00e7\u00e3o e absorve solavancos e vibra\u00e7\u00f5es.<\/li>\n<li>cal\u00e7ado leve para uma caminhada confort\u00e1vel ao longo do dia.<\/li>\n<li>pe\u00e7a de cal\u00e7ado altamente vest\u00edvel que oferece n\u00edveis de conforto superiores.<\/li>\n<li>palmilha antibacteriana.<\/li>\n<li>o revestimento na palmilha foi feito de couro n\u00e3o t\u00f3xico sem cromo.<\/li>\n<li>fecha com uma \u00fanica fita adesiva, facilitando a entrada r\u00e1pida.<\/li>\n<\/ul>\n<div class=\"description-element-subtitle\" data-seo-label=\"composition\">COMPOSI\u00c7\u00c3O<\/div>\n<div id=\"ajnnsk-accordion\" class=\"description-element-body accordion-content\" role=\"tabpanel\" data-tab-content=\"\" aria-labelledby=\"ajnnsk-accordion-label\" aria-hidden=\"false\">\n<div class=\"custom-field feat-wrap\">\n<div class=\"custom-field__icon-label-content\">\n<div class=\"label-content\">\n<p class=\"content\">Cabedal: 53% Couro-35% Sint\u00e9tico-12% T\u00eaxtil, Forro: 100% T\u00eaxtil<\/p>\n<\/div>\n<\/div>\n<\/div>\n<div class=\"custom-field feat-wrap\">\n<div class=\"custom-field__icon-label-content\">\n<div class=\"label-content\">\n<p class=\"content\">Solado: 100% Borracha, Palmilha: 100% Couro<\/p>\n<\/div>\n<\/div>\n<\/div>\n<\/div>\n<\/div>\n<\/div>\n<\/div>\n<\/div>\n","protected":false},"excerpt":{"rendered":"<p>T\u00eanis confort\u00e1vel respir\u00e1vel para menino com uma est\u00e9tica ativa.\u00a0Alben foi feito de camur\u00e7a e um material com efeito de couro e se destaca por seu apelo retr\u00f4 e vibe de t\u00eanis de corrida.\u00a0Renderizado em uma paleta de azul marinho e embelezado com detalhes em azul escuro, este t\u00eanis repousa em uma sola respir\u00e1vel contrastante e possui tiras confort\u00e1veis, o que o torna perfeito para um estilo vers\u00e1til do dia a dia.<\/p>\n","protected":false},"featured_media":40971,"comment_status":"closed","ping_status":"closed","template":"","meta":[],"product_cat":[295,267,235,553],"product_tag":[491],"class_list":{"0":"post-40954","1":"product","2":"type-product","3":"status-publish","4":"has-post-thumbnail","6":"product_cat-calcado-rapaz","7":"product_cat-crianca","8":"product_cat-rapaz","9":"product_cat-sapatilha-calcado-rapaz","10":"product_tag-geox","11":"ts_product_brand-geox","13":"first","14":"instock","15":"shipping-taxable","16":"purchasable","17":"product-type-variable"},"yoast_head":"<!-- This site is optimized with the Yoast SEO plugin v27.5 - https:\/\/yoast.com\/product\/yoast-seo-wordpress\/ -->\n<title>Sapatilha Alben Geox - Guibutik<\/title>\n<meta name=\"robots\" content=\"index, follow, max-snippet:-1, max-image-preview:large, max-video-preview:-1\" \/>\n<link rel=\"canonical\" href=\"https:\/\/www.guibutik.pt\/loja\/produto\/40954\/\" \/>\n<meta property=\"og:locale\" content=\"pt_PT\" \/>\n<meta property=\"og:type\" content=\"article\" \/>\n<meta property=\"og:title\" content=\"Sapatilha Alben Geox - Guibutik\" \/>\n<meta property=\"og:description\" content=\"T\u00eanis confort\u00e1vel respir\u00e1vel para menino com uma est\u00e9tica ativa.\u00a0Alben foi feito de camur\u00e7a e um material com efeito de couro e se destaca por seu apelo retr\u00f4 e vibe de t\u00eanis de corrida.\u00a0Renderizado em uma paleta de azul marinho e embelezado com detalhes em azul escuro, este t\u00eanis repousa em uma sola respir\u00e1vel contrastante e possui tiras confort\u00e1veis, o que o torna perfeito para um estilo vers\u00e1til do dia a dia.\" \/>\n<meta property=\"og:url\" content=\"https:\/\/www.guibutik.pt\/loja\/produto\/40954\/\" \/>\n<meta property=\"og:site_name\" content=\"Guibutik\" \/>\n<meta property=\"article:publisher\" content=\"https:\/\/www.facebook.com\/guibutik\/\" \/>\n<meta property=\"article:modified_time\" content=\"2026-03-06T09:51:39+00:00\" \/>\n<meta property=\"og:image\" content=\"https:\/\/www.guibutik.pt\/loja\/wp-content\/uploads\/2022\/09\/EC_Q20388_100.jpg\" \/>\n\t<meta property=\"og:image:width\" content=\"2000\" \/>\n\t<meta property=\"og:image:height\" content=\"2000\" \/>\n\t<meta property=\"og:image:type\" content=\"image\/jpeg\" \/>\n<meta name=\"twitter:card\" content=\"summary_large_image\" \/>\n<meta name=\"twitter:label1\" content=\"Tempo estimado de leitura\" \/>\n\t<meta name=\"twitter:data1\" content=\"1 minuto\" \/>\n<script type=\"application\/ld+json\" class=\"yoast-schema-graph\">{\"@context\":\"https:\\\/\\\/schema.org\",\"@graph\":[{\"@type\":\"WebPage\",\"@id\":\"https:\\\/\\\/www.guibutik.pt\\\/loja\\\/produto\\\/40954\\\/\",\"url\":\"https:\\\/\\\/www.guibutik.pt\\\/loja\\\/produto\\\/40954\\\/\",\"name\":\"Sapatilha Alben Geox - Guibutik\",\"isPartOf\":{\"@id\":\"https:\\\/\\\/www.guibutik.pt\\\/loja\\\/#website\"},\"primaryImageOfPage\":{\"@id\":\"https:\\\/\\\/www.guibutik.pt\\\/loja\\\/produto\\\/40954\\\/#primaryimage\"},\"image\":{\"@id\":\"https:\\\/\\\/www.guibutik.pt\\\/loja\\\/produto\\\/40954\\\/#primaryimage\"},\"thumbnailUrl\":\"https:\\\/\\\/www.guibutik.pt\\\/loja\\\/wp-content\\\/uploads\\\/2022\\\/09\\\/EC_Q20388_100.jpg\",\"datePublished\":\"2023-03-05T09:20:59+00:00\",\"dateModified\":\"2026-03-06T09:51:39+00:00\",\"breadcrumb\":{\"@id\":\"https:\\\/\\\/www.guibutik.pt\\\/loja\\\/produto\\\/40954\\\/#breadcrumb\"},\"inLanguage\":\"pt-PT\",\"potentialAction\":[{\"@type\":\"ReadAction\",\"target\":[\"https:\\\/\\\/www.guibutik.pt\\\/loja\\\/produto\\\/40954\\\/\"]}]},{\"@type\":\"ImageObject\",\"inLanguage\":\"pt-PT\",\"@id\":\"https:\\\/\\\/www.guibutik.pt\\\/loja\\\/produto\\\/40954\\\/#primaryimage\",\"url\":\"https:\\\/\\\/www.guibutik.pt\\\/loja\\\/wp-content\\\/uploads\\\/2022\\\/09\\\/EC_Q20388_100.jpg\",\"contentUrl\":\"https:\\\/\\\/www.guibutik.pt\\\/loja\\\/wp-content\\\/uploads\\\/2022\\\/09\\\/EC_Q20388_100.jpg\",\"width\":2000,\"height\":2000},{\"@type\":\"BreadcrumbList\",\"@id\":\"https:\\\/\\\/www.guibutik.pt\\\/loja\\\/produto\\\/40954\\\/#breadcrumb\",\"itemListElement\":[{\"@type\":\"ListItem\",\"position\":1,\"name\":\"In\u00edcio\",\"item\":\"https:\\\/\\\/www.guibutik.pt\\\/loja\\\/\"},{\"@type\":\"ListItem\",\"position\":2,\"name\":\"Loja\",\"item\":\"https:\\\/\\\/www.guibutik.pt\\\/loja\\\/shop\\\/\"},{\"@type\":\"ListItem\",\"position\":3,\"name\":\"Sapatilha Alben Geox\"}]},{\"@type\":\"WebSite\",\"@id\":\"https:\\\/\\\/www.guibutik.pt\\\/loja\\\/#website\",\"url\":\"https:\\\/\\\/www.guibutik.pt\\\/loja\\\/\",\"name\":\"Guibutik\",\"description\":\"Moda e Sapataria\",\"potentialAction\":[{\"@type\":\"SearchAction\",\"target\":{\"@type\":\"EntryPoint\",\"urlTemplate\":\"https:\\\/\\\/www.guibutik.pt\\\/loja\\\/?s={search_term_string}\"},\"query-input\":{\"@type\":\"PropertyValueSpecification\",\"valueRequired\":true,\"valueName\":\"search_term_string\"}}],\"inLanguage\":\"pt-PT\"}]}<\/script>\n<!-- \/ Yoast SEO plugin. -->","yoast_head_json":{"title":"Sapatilha Alben Geox - Guibutik","robots":{"index":"index","follow":"follow","max-snippet":"max-snippet:-1","max-image-preview":"max-image-preview:large","max-video-preview":"max-video-preview:-1"},"canonical":"https:\/\/www.guibutik.pt\/loja\/produto\/40954\/","og_locale":"pt_PT","og_type":"article","og_title":"Sapatilha Alben Geox - Guibutik","og_description":"T\u00eanis confort\u00e1vel respir\u00e1vel para menino com uma est\u00e9tica ativa.\u00a0Alben foi feito de camur\u00e7a e um material com efeito de couro e se destaca por seu apelo retr\u00f4 e vibe de t\u00eanis de corrida.\u00a0Renderizado em uma paleta de azul marinho e embelezado com detalhes em azul escuro, este t\u00eanis repousa em uma sola respir\u00e1vel contrastante e possui tiras confort\u00e1veis, o que o torna perfeito para um estilo vers\u00e1til do dia a dia.","og_url":"https:\/\/www.guibutik.pt\/loja\/produto\/40954\/","og_site_name":"Guibutik","article_publisher":"https:\/\/www.facebook.com\/guibutik\/","article_modified_time":"2026-03-06T09:51:39+00:00","og_image":[{"width":2000,"height":2000,"url":"https:\/\/www.guibutik.pt\/loja\/wp-content\/uploads\/2022\/09\/EC_Q20388_100.jpg","type":"image\/jpeg"}],"twitter_card":"summary_large_image","twitter_misc":{"Tempo estimado de leitura":"1 minuto"},"schema":{"@context":"https:\/\/schema.org","@graph":[{"@type":"WebPage","@id":"https:\/\/www.guibutik.pt\/loja\/produto\/40954\/","url":"https:\/\/www.guibutik.pt\/loja\/produto\/40954\/","name":"Sapatilha Alben Geox - Guibutik","isPartOf":{"@id":"https:\/\/www.guibutik.pt\/loja\/#website"},"primaryImageOfPage":{"@id":"https:\/\/www.guibutik.pt\/loja\/produto\/40954\/#primaryimage"},"image":{"@id":"https:\/\/www.guibutik.pt\/loja\/produto\/40954\/#primaryimage"},"thumbnailUrl":"https:\/\/www.guibutik.pt\/loja\/wp-content\/uploads\/2022\/09\/EC_Q20388_100.jpg","datePublished":"2023-03-05T09:20:59+00:00","dateModified":"2026-03-06T09:51:39+00:00","breadcrumb":{"@id":"https:\/\/www.guibutik.pt\/loja\/produto\/40954\/#breadcrumb"},"inLanguage":"pt-PT","potentialAction":[{"@type":"ReadAction","target":["https:\/\/www.guibutik.pt\/loja\/produto\/40954\/"]}]},{"@type":"ImageObject","inLanguage":"pt-PT","@id":"https:\/\/www.guibutik.pt\/loja\/produto\/40954\/#primaryimage","url":"https:\/\/www.guibutik.pt\/loja\/wp-content\/uploads\/2022\/09\/EC_Q20388_100.jpg","contentUrl":"https:\/\/www.guibutik.pt\/loja\/wp-content\/uploads\/2022\/09\/EC_Q20388_100.jpg","width":2000,"height":2000},{"@type":"BreadcrumbList","@id":"https:\/\/www.guibutik.pt\/loja\/produto\/40954\/#breadcrumb","itemListElement":[{"@type":"ListItem","position":1,"name":"In\u00edcio","item":"https:\/\/www.guibutik.pt\/loja\/"},{"@type":"ListItem","position":2,"name":"Loja","item":"https:\/\/www.guibutik.pt\/loja\/shop\/"},{"@type":"ListItem","position":3,"name":"Sapatilha Alben Geox"}]},{"@type":"WebSite","@id":"https:\/\/www.guibutik.pt\/loja\/#website","url":"https:\/\/www.guibutik.pt\/loja\/","name":"Guibutik","description":"Moda e Sapataria","potentialAction":[{"@type":"SearchAction","target":{"@type":"EntryPoint","urlTemplate":"https:\/\/www.guibutik.pt\/loja\/?s={search_term_string}"},"query-input":{"@type":"PropertyValueSpecification","valueRequired":true,"valueName":"search_term_string"}}],"inLanguage":"pt-PT"}]}},"_links":{"self":[{"href":"https:\/\/www.guibutik.pt\/loja\/wp-json\/wp\/v2\/product\/40954","targetHints":{"allow":["GET"]}}],"collection":[{"href":"https:\/\/www.guibutik.pt\/loja\/wp-json\/wp\/v2\/product"}],"about":[{"href":"https:\/\/www.guibutik.pt\/loja\/wp-json\/wp\/v2\/types\/product"}],"replies":[{"embeddable":true,"href":"https:\/\/www.guibutik.pt\/loja\/wp-json\/wp\/v2\/comments?post=40954"}],"wp:featuredmedia":[{"embeddable":true,"href":"https:\/\/www.guibutik.pt\/loja\/wp-json\/wp\/v2\/media\/40971"}],"wp:attachment":[{"href":"https:\/\/www.guibutik.pt\/loja\/wp-json\/wp\/v2\/media?parent=40954"}],"wp:term":[{"taxonomy":"product_cat","embeddable":true,"href":"https:\/\/www.guibutik.pt\/loja\/wp-json\/wp\/v2\/product_cat?post=40954"},{"taxonomy":"product_tag","embeddable":true,"href":"https:\/\/www.guibutik.pt\/loja\/wp-json\/wp\/v2\/product_tag?post=40954"}],"curies":[{"name":"wp","href":"https:\/\/api.w.org\/{rel}","templated":true}]}}