{"id":39143,"date":"2022-05-09T16:56:06","date_gmt":"2022-05-09T15:56:06","guid":{"rendered":"https:\/\/www.guibutik.pt\/loja\/?post_type=product&#038;p=39143"},"modified":"2025-06-11T16:17:33","modified_gmt":"2025-06-11T15:17:33","slug":"calcao-joma","status":"publish","type":"product","link":"https:\/\/www.guibutik.pt\/loja\/produto\/calcao-joma\/","title":{"rendered":"Cal\u00e7\u00e3o Joma"},"content":{"rendered":"<div class=\"col-sm-7 col-md-8 col-lg-8\">\n<div class=\"row\">\n<div class=\"col-xs-12 text-center wrap_thumbnails wrap_techs\">\n<div class=\"techs\">\n<p><a tabindex=\"0\" title=\"\" role=\"button\" data-toggle=\"popover\" data-trigger=\"focus\" data-placement=\"top\" data-original-title=\"Micro-Mesh\" aria-describedby=\"popover372682\"><img loading=\"lazy\" decoding=\"async\" class=\"img-responsive\" src=\"https:\/\/www.joma-sport.com\/ka\/apps\/joma_com_media\/assets\/techs\/1002.svg\" alt=\"\/ka\/apps\/joma_com_media\/assets\/techs\/1002.svg\" width=\"93\" height=\"88\" \/>MICRO-MESH<\/a><\/p>\n<div id=\"popover372682\" class=\"popover fade top in\" role=\"tooltip\">\n<div class=\"arrow\"><\/div>\n<h3 class=\"popover-title\">MICRO-MESH<\/h3>\n<div class=\"popover-content\">\u00c9 uma tecnologia que favorece a evapora\u00e7\u00e3o do suor que optimiza a transpira\u00e7\u00e3o do atleta. Desta forma, o seu corpo fica seco e a sensa\u00e7\u00e3o de conforto aumenta.<\/div>\n<\/div>\n<\/div>\n<\/div>\n<\/div>\n<\/div>\n<div class=\"col-xs-12\">\n<div class=\"description\">\n<div class=\"row\">\n<div class=\"col-sm-8 col-md-9\">\n<h2>DETALHES:<\/h2>\n<ul>\n<li><strong>Composi\u00e7\u00e3o:<\/strong><\/li>\n<\/ul>\n<p><strong>Materiais:<\/strong>\u00a092% Nylon 8% Elastano 260 grms<\/p>\n<ul>\n<li><strong>Bolsos<\/strong>:<\/li>\n<\/ul>\n<p>Bolso interno na parte frontal<\/p>\n<ul>\n<li><strong>Logo:<\/strong><\/li>\n<\/ul>\n<p>Tela impressa<\/p>\n<ul>\n<li><strong>Caracter\u00edsticas<\/strong>:<\/li>\n<\/ul>\n<p>Costuras planas para evitar atrito. Bolso interno na parte frontal<\/p>\n<\/div>\n<\/div>\n<\/div>\n<\/div>\n","protected":false},"excerpt":{"rendered":"<p>MICRO-MESH MICRO-MESH \u00c9 uma tecnologia que favorece a evapora\u00e7\u00e3o do suor que optimiza a transpira\u00e7\u00e3o do atleta. Desta forma, o seu corpo fica seco e a sensa\u00e7\u00e3o de conforto aumenta. DETALHES: Composi\u00e7\u00e3o: Materiais:\u00a092% Nylon 8% Elastano 260 grms Bolsos: Bolso interno na parte frontal Logo: Tela impressa Caracter\u00edsticas: Costuras planas para evitar atrito. Bolso interno [&hellip;]<\/p>\n","protected":false},"featured_media":39153,"comment_status":"closed","ping_status":"closed","template":"","meta":[],"product_cat":[293,221,483],"product_tag":[],"class_list":{"0":"post-39143","1":"product","2":"type-product","3":"status-publish","4":"has-post-thumbnail","6":"product_cat-calcao","7":"product_cat-homem","8":"product_cat-promocoes-homem","9":"ts_product_brand-joma","11":"first","12":"instock","13":"sale","14":"shipping-taxable","15":"purchasable","16":"product-type-variable"},"yoast_head":"<!-- This site is optimized with the Yoast SEO plugin v27.5 - https:\/\/yoast.com\/product\/yoast-seo-wordpress\/ -->\n<title>Cal\u00e7\u00e3o Joma - Guibutik<\/title>\n<meta name=\"robots\" content=\"index, follow, max-snippet:-1, max-image-preview:large, max-video-preview:-1\" \/>\n<link rel=\"canonical\" href=\"https:\/\/www.guibutik.pt\/loja\/produto\/calcao-joma\/\" \/>\n<meta property=\"og:locale\" content=\"pt_PT\" \/>\n<meta property=\"og:type\" content=\"article\" \/>\n<meta property=\"og:title\" content=\"Cal\u00e7\u00e3o Joma - Guibutik\" \/>\n<meta property=\"og:description\" content=\"MICRO-MESH MICRO-MESH \u00c9 uma tecnologia que favorece a evapora\u00e7\u00e3o do suor que optimiza a transpira\u00e7\u00e3o do atleta. Desta forma, o seu corpo fica seco e a sensa\u00e7\u00e3o de conforto aumenta. DETALHES: Composi\u00e7\u00e3o: Materiais:\u00a092% Nylon 8% Elastano 260 grms Bolsos: Bolso interno na parte frontal Logo: Tela impressa Caracter\u00edsticas: Costuras planas para evitar atrito. Bolso interno [&hellip;]\" \/>\n<meta property=\"og:url\" content=\"https:\/\/www.guibutik.pt\/loja\/produto\/calcao-joma\/\" \/>\n<meta property=\"og:site_name\" content=\"Guibutik\" \/>\n<meta property=\"article:publisher\" content=\"https:\/\/www.facebook.com\/guibutik\/\" \/>\n<meta property=\"article:modified_time\" content=\"2025-06-11T15:17:33+00:00\" \/>\n<meta property=\"og:image\" content=\"https:\/\/www.guibutik.pt\/loja\/wp-content\/uploads\/2022\/05\/20190919_101404_100042.100_2.jpg\" \/>\n\t<meta property=\"og:image:width\" content=\"768\" \/>\n\t<meta property=\"og:image:height\" content=\"768\" \/>\n\t<meta property=\"og:image:type\" content=\"image\/jpeg\" \/>\n<meta name=\"twitter:card\" content=\"summary_large_image\" \/>\n<meta name=\"twitter:label1\" content=\"Tempo estimado de leitura\" \/>\n\t<meta name=\"twitter:data1\" content=\"1 minuto\" \/>\n<script type=\"application\/ld+json\" class=\"yoast-schema-graph\">{\"@context\":\"https:\\\/\\\/schema.org\",\"@graph\":[{\"@type\":\"WebPage\",\"@id\":\"https:\\\/\\\/www.guibutik.pt\\\/loja\\\/produto\\\/calcao-joma\\\/\",\"url\":\"https:\\\/\\\/www.guibutik.pt\\\/loja\\\/produto\\\/calcao-joma\\\/\",\"name\":\"Cal\u00e7\u00e3o Joma - Guibutik\",\"isPartOf\":{\"@id\":\"https:\\\/\\\/www.guibutik.pt\\\/loja\\\/#website\"},\"primaryImageOfPage\":{\"@id\":\"https:\\\/\\\/www.guibutik.pt\\\/loja\\\/produto\\\/calcao-joma\\\/#primaryimage\"},\"image\":{\"@id\":\"https:\\\/\\\/www.guibutik.pt\\\/loja\\\/produto\\\/calcao-joma\\\/#primaryimage\"},\"thumbnailUrl\":\"https:\\\/\\\/www.guibutik.pt\\\/loja\\\/wp-content\\\/uploads\\\/2022\\\/05\\\/20190919_101404_100042.100_2.jpg\",\"datePublished\":\"2022-05-09T15:56:06+00:00\",\"dateModified\":\"2025-06-11T15:17:33+00:00\",\"breadcrumb\":{\"@id\":\"https:\\\/\\\/www.guibutik.pt\\\/loja\\\/produto\\\/calcao-joma\\\/#breadcrumb\"},\"inLanguage\":\"pt-PT\",\"potentialAction\":[{\"@type\":\"ReadAction\",\"target\":[\"https:\\\/\\\/www.guibutik.pt\\\/loja\\\/produto\\\/calcao-joma\\\/\"]}]},{\"@type\":\"ImageObject\",\"inLanguage\":\"pt-PT\",\"@id\":\"https:\\\/\\\/www.guibutik.pt\\\/loja\\\/produto\\\/calcao-joma\\\/#primaryimage\",\"url\":\"https:\\\/\\\/www.guibutik.pt\\\/loja\\\/wp-content\\\/uploads\\\/2022\\\/05\\\/20190919_101404_100042.100_2.jpg\",\"contentUrl\":\"https:\\\/\\\/www.guibutik.pt\\\/loja\\\/wp-content\\\/uploads\\\/2022\\\/05\\\/20190919_101404_100042.100_2.jpg\",\"width\":768,\"height\":768},{\"@type\":\"BreadcrumbList\",\"@id\":\"https:\\\/\\\/www.guibutik.pt\\\/loja\\\/produto\\\/calcao-joma\\\/#breadcrumb\",\"itemListElement\":[{\"@type\":\"ListItem\",\"position\":1,\"name\":\"In\u00edcio\",\"item\":\"https:\\\/\\\/www.guibutik.pt\\\/loja\\\/\"},{\"@type\":\"ListItem\",\"position\":2,\"name\":\"Loja\",\"item\":\"https:\\\/\\\/www.guibutik.pt\\\/loja\\\/shop\\\/\"},{\"@type\":\"ListItem\",\"position\":3,\"name\":\"Cal\u00e7\u00e3o Joma\"}]},{\"@type\":\"WebSite\",\"@id\":\"https:\\\/\\\/www.guibutik.pt\\\/loja\\\/#website\",\"url\":\"https:\\\/\\\/www.guibutik.pt\\\/loja\\\/\",\"name\":\"Guibutik\",\"description\":\"Moda e Sapataria\",\"potentialAction\":[{\"@type\":\"SearchAction\",\"target\":{\"@type\":\"EntryPoint\",\"urlTemplate\":\"https:\\\/\\\/www.guibutik.pt\\\/loja\\\/?s={search_term_string}\"},\"query-input\":{\"@type\":\"PropertyValueSpecification\",\"valueRequired\":true,\"valueName\":\"search_term_string\"}}],\"inLanguage\":\"pt-PT\"}]}<\/script>\n<!-- \/ Yoast SEO plugin. -->","yoast_head_json":{"title":"Cal\u00e7\u00e3o Joma - Guibutik","robots":{"index":"index","follow":"follow","max-snippet":"max-snippet:-1","max-image-preview":"max-image-preview:large","max-video-preview":"max-video-preview:-1"},"canonical":"https:\/\/www.guibutik.pt\/loja\/produto\/calcao-joma\/","og_locale":"pt_PT","og_type":"article","og_title":"Cal\u00e7\u00e3o Joma - Guibutik","og_description":"MICRO-MESH MICRO-MESH \u00c9 uma tecnologia que favorece a evapora\u00e7\u00e3o do suor que optimiza a transpira\u00e7\u00e3o do atleta. Desta forma, o seu corpo fica seco e a sensa\u00e7\u00e3o de conforto aumenta. DETALHES: Composi\u00e7\u00e3o: Materiais:\u00a092% Nylon 8% Elastano 260 grms Bolsos: Bolso interno na parte frontal Logo: Tela impressa Caracter\u00edsticas: Costuras planas para evitar atrito. Bolso interno [&hellip;]","og_url":"https:\/\/www.guibutik.pt\/loja\/produto\/calcao-joma\/","og_site_name":"Guibutik","article_publisher":"https:\/\/www.facebook.com\/guibutik\/","article_modified_time":"2025-06-11T15:17:33+00:00","og_image":[{"width":768,"height":768,"url":"https:\/\/www.guibutik.pt\/loja\/wp-content\/uploads\/2022\/05\/20190919_101404_100042.100_2.jpg","type":"image\/jpeg"}],"twitter_card":"summary_large_image","twitter_misc":{"Tempo estimado de leitura":"1 minuto"},"schema":{"@context":"https:\/\/schema.org","@graph":[{"@type":"WebPage","@id":"https:\/\/www.guibutik.pt\/loja\/produto\/calcao-joma\/","url":"https:\/\/www.guibutik.pt\/loja\/produto\/calcao-joma\/","name":"Cal\u00e7\u00e3o Joma - Guibutik","isPartOf":{"@id":"https:\/\/www.guibutik.pt\/loja\/#website"},"primaryImageOfPage":{"@id":"https:\/\/www.guibutik.pt\/loja\/produto\/calcao-joma\/#primaryimage"},"image":{"@id":"https:\/\/www.guibutik.pt\/loja\/produto\/calcao-joma\/#primaryimage"},"thumbnailUrl":"https:\/\/www.guibutik.pt\/loja\/wp-content\/uploads\/2022\/05\/20190919_101404_100042.100_2.jpg","datePublished":"2022-05-09T15:56:06+00:00","dateModified":"2025-06-11T15:17:33+00:00","breadcrumb":{"@id":"https:\/\/www.guibutik.pt\/loja\/produto\/calcao-joma\/#breadcrumb"},"inLanguage":"pt-PT","potentialAction":[{"@type":"ReadAction","target":["https:\/\/www.guibutik.pt\/loja\/produto\/calcao-joma\/"]}]},{"@type":"ImageObject","inLanguage":"pt-PT","@id":"https:\/\/www.guibutik.pt\/loja\/produto\/calcao-joma\/#primaryimage","url":"https:\/\/www.guibutik.pt\/loja\/wp-content\/uploads\/2022\/05\/20190919_101404_100042.100_2.jpg","contentUrl":"https:\/\/www.guibutik.pt\/loja\/wp-content\/uploads\/2022\/05\/20190919_101404_100042.100_2.jpg","width":768,"height":768},{"@type":"BreadcrumbList","@id":"https:\/\/www.guibutik.pt\/loja\/produto\/calcao-joma\/#breadcrumb","itemListElement":[{"@type":"ListItem","position":1,"name":"In\u00edcio","item":"https:\/\/www.guibutik.pt\/loja\/"},{"@type":"ListItem","position":2,"name":"Loja","item":"https:\/\/www.guibutik.pt\/loja\/shop\/"},{"@type":"ListItem","position":3,"name":"Cal\u00e7\u00e3o Joma"}]},{"@type":"WebSite","@id":"https:\/\/www.guibutik.pt\/loja\/#website","url":"https:\/\/www.guibutik.pt\/loja\/","name":"Guibutik","description":"Moda e Sapataria","potentialAction":[{"@type":"SearchAction","target":{"@type":"EntryPoint","urlTemplate":"https:\/\/www.guibutik.pt\/loja\/?s={search_term_string}"},"query-input":{"@type":"PropertyValueSpecification","valueRequired":true,"valueName":"search_term_string"}}],"inLanguage":"pt-PT"}]}},"_links":{"self":[{"href":"https:\/\/www.guibutik.pt\/loja\/wp-json\/wp\/v2\/product\/39143","targetHints":{"allow":["GET"]}}],"collection":[{"href":"https:\/\/www.guibutik.pt\/loja\/wp-json\/wp\/v2\/product"}],"about":[{"href":"https:\/\/www.guibutik.pt\/loja\/wp-json\/wp\/v2\/types\/product"}],"replies":[{"embeddable":true,"href":"https:\/\/www.guibutik.pt\/loja\/wp-json\/wp\/v2\/comments?post=39143"}],"wp:featuredmedia":[{"embeddable":true,"href":"https:\/\/www.guibutik.pt\/loja\/wp-json\/wp\/v2\/media\/39153"}],"wp:attachment":[{"href":"https:\/\/www.guibutik.pt\/loja\/wp-json\/wp\/v2\/media?parent=39143"}],"wp:term":[{"taxonomy":"product_cat","embeddable":true,"href":"https:\/\/www.guibutik.pt\/loja\/wp-json\/wp\/v2\/product_cat?post=39143"},{"taxonomy":"product_tag","embeddable":true,"href":"https:\/\/www.guibutik.pt\/loja\/wp-json\/wp\/v2\/product_tag?post=39143"}],"curies":[{"name":"wp","href":"https:\/\/api.w.org\/{rel}","templated":true}]}}