{"id":36297,"date":"2023-03-02T16:48:02","date_gmt":"2023-03-02T15:48:02","guid":{"rendered":"https:\/\/www.guibutik.pt\/loja\/?post_type=product&#038;p=36297"},"modified":"2026-01-20T14:13:03","modified_gmt":"2026-01-20T13:13:03","slug":"sapatilha-ezra-skechers","status":"publish","type":"product","link":"https:\/\/www.guibutik.pt\/loja\/produto\/sapatilha-ezra-skechers\/","title":{"rendered":"Sapatilha Ezra Skechers"},"content":{"rendered":"<div class=\"c-product-features-details__detail description collapsible-sm d-lg-block col-12 col-lg-6 active\">\n<h2 class=\"c-product-features-details__title title d-none d-md-block\">Principais funcionalidades<\/h2>\n<ul class=\"c-product-features-details__bullets content value\">\n<li class=\"c-product-features-details__bullet\">Palmilha almofadada confort\u00e1vel Skechers Air-Cooled Memory Foam\u00ae<\/li>\n<li class=\"c-product-features-details__bullet\">Amortecimento Goga Mat \u00ae Arch para maior apoio<\/li>\n<\/ul>\n<\/div>\n<div class=\"c-product-features-details__detail details collapsible-sm d-lg-block col-12 col-lg-6\">\n<h2 class=\"c-product-features-details__title title d-none d-md-block\">Detalhes do design<\/h2>\n<ul class=\"c-product-features-details__bullets content value\">\n<li class=\"c-product-features-details__bullet\">Parte superior em pele e material sint\u00e9tico e atacadores el\u00e1sticos \u00e0 frente<\/li>\n<li class=\"c-product-features-details__bullet\">Modelo cl\u00e1ssico de sapatilha Oxford slip-on<\/li>\n<li class=\"c-product-features-details__bullet\">Entressola flex\u00edvel com absor\u00e7\u00e3o de choque e sola exterior de tra\u00e7\u00e3o em borracha<\/li>\n<li class=\"c-product-features-details__bullet\">Log\u00f3tipo Skechers\u00ae vis\u00edvel<\/li>\n<\/ul>\n<\/div>\n","protected":false},"excerpt":{"rendered":"<p>O modelo leve e vers\u00e1til Skechers Street\u2122 Delson 3.0 &#8211; Ezra \u00e9 atualizado com maior conforto almofadado. Este modelo cl\u00e1ssico slip-on apresenta uma parte superior em pele com uma palmilha Air-Cooled Memory Foam\u00ae e amortecimento Goga Mat\u00ae Arch para maior apoio.<\/p>\n","protected":false},"featured_media":36329,"comment_status":"closed","ping_status":"closed","template":"","meta":[],"product_cat":[231,221],"product_tag":[498],"class_list":{"0":"post-36297","1":"product","2":"type-product","3":"status-publish","4":"has-post-thumbnail","6":"product_cat-calcado-homem","7":"product_cat-homem","8":"product_tag-skechers","9":"ts_product_brand-skechers","11":"first","12":"instock","13":"shipping-taxable","14":"purchasable","15":"product-type-variable"},"yoast_head":"<!-- This site is optimized with the Yoast SEO plugin v27.5 - https:\/\/yoast.com\/product\/yoast-seo-wordpress\/ -->\n<title>Sapatilha Ezra Skechers - Guibutik<\/title>\n<meta name=\"robots\" content=\"index, follow, max-snippet:-1, max-image-preview:large, max-video-preview:-1\" \/>\n<link rel=\"canonical\" href=\"https:\/\/www.guibutik.pt\/loja\/produto\/sapatilha-ezra-skechers\/\" \/>\n<meta property=\"og:locale\" content=\"pt_PT\" \/>\n<meta property=\"og:type\" content=\"article\" \/>\n<meta property=\"og:title\" content=\"Sapatilha Ezra Skechers - Guibutik\" \/>\n<meta property=\"og:description\" content=\"O modelo leve e vers\u00e1til Skechers Street\u2122 Delson 3.0 - Ezra \u00e9 atualizado com maior conforto almofadado. Este modelo cl\u00e1ssico slip-on apresenta uma parte superior em pele com uma palmilha Air-Cooled Memory Foam\u00ae e amortecimento Goga Mat\u00ae Arch para maior apoio.\" \/>\n<meta property=\"og:url\" content=\"https:\/\/www.guibutik.pt\/loja\/produto\/sapatilha-ezra-skechers\/\" \/>\n<meta property=\"og:site_name\" content=\"Guibutik\" \/>\n<meta property=\"article:publisher\" content=\"https:\/\/www.facebook.com\/guibutik\/\" \/>\n<meta property=\"article:modified_time\" content=\"2026-01-20T13:13:03+00:00\" \/>\n<meta property=\"og:image\" content=\"https:\/\/www.guibutik.pt\/loja\/wp-content\/uploads\/2022\/03\/1643127414-30831600.jpg\" \/>\n\t<meta property=\"og:image:width\" content=\"1000\" \/>\n\t<meta property=\"og:image:height\" content=\"1000\" \/>\n\t<meta property=\"og:image:type\" content=\"image\/jpeg\" \/>\n<meta name=\"twitter:card\" content=\"summary_large_image\" \/>\n<meta name=\"twitter:label1\" content=\"Tempo estimado de leitura\" \/>\n\t<meta name=\"twitter:data1\" content=\"1 minuto\" \/>\n<script type=\"application\/ld+json\" class=\"yoast-schema-graph\">{\"@context\":\"https:\\\/\\\/schema.org\",\"@graph\":[{\"@type\":\"WebPage\",\"@id\":\"https:\\\/\\\/www.guibutik.pt\\\/loja\\\/produto\\\/sapatilha-ezra-skechers\\\/\",\"url\":\"https:\\\/\\\/www.guibutik.pt\\\/loja\\\/produto\\\/sapatilha-ezra-skechers\\\/\",\"name\":\"Sapatilha Ezra Skechers - Guibutik\",\"isPartOf\":{\"@id\":\"https:\\\/\\\/www.guibutik.pt\\\/loja\\\/#website\"},\"primaryImageOfPage\":{\"@id\":\"https:\\\/\\\/www.guibutik.pt\\\/loja\\\/produto\\\/sapatilha-ezra-skechers\\\/#primaryimage\"},\"image\":{\"@id\":\"https:\\\/\\\/www.guibutik.pt\\\/loja\\\/produto\\\/sapatilha-ezra-skechers\\\/#primaryimage\"},\"thumbnailUrl\":\"https:\\\/\\\/www.guibutik.pt\\\/loja\\\/wp-content\\\/uploads\\\/2022\\\/03\\\/1643127414-30831600.jpg\",\"datePublished\":\"2023-03-02T15:48:02+00:00\",\"dateModified\":\"2026-01-20T13:13:03+00:00\",\"breadcrumb\":{\"@id\":\"https:\\\/\\\/www.guibutik.pt\\\/loja\\\/produto\\\/sapatilha-ezra-skechers\\\/#breadcrumb\"},\"inLanguage\":\"pt-PT\",\"potentialAction\":[{\"@type\":\"ReadAction\",\"target\":[\"https:\\\/\\\/www.guibutik.pt\\\/loja\\\/produto\\\/sapatilha-ezra-skechers\\\/\"]}]},{\"@type\":\"ImageObject\",\"inLanguage\":\"pt-PT\",\"@id\":\"https:\\\/\\\/www.guibutik.pt\\\/loja\\\/produto\\\/sapatilha-ezra-skechers\\\/#primaryimage\",\"url\":\"https:\\\/\\\/www.guibutik.pt\\\/loja\\\/wp-content\\\/uploads\\\/2022\\\/03\\\/1643127414-30831600.jpg\",\"contentUrl\":\"https:\\\/\\\/www.guibutik.pt\\\/loja\\\/wp-content\\\/uploads\\\/2022\\\/03\\\/1643127414-30831600.jpg\",\"width\":1000,\"height\":1000},{\"@type\":\"BreadcrumbList\",\"@id\":\"https:\\\/\\\/www.guibutik.pt\\\/loja\\\/produto\\\/sapatilha-ezra-skechers\\\/#breadcrumb\",\"itemListElement\":[{\"@type\":\"ListItem\",\"position\":1,\"name\":\"In\u00edcio\",\"item\":\"https:\\\/\\\/www.guibutik.pt\\\/loja\\\/\"},{\"@type\":\"ListItem\",\"position\":2,\"name\":\"Loja\",\"item\":\"https:\\\/\\\/www.guibutik.pt\\\/loja\\\/shop\\\/\"},{\"@type\":\"ListItem\",\"position\":3,\"name\":\"Sapatilha Ezra Skechers\"}]},{\"@type\":\"WebSite\",\"@id\":\"https:\\\/\\\/www.guibutik.pt\\\/loja\\\/#website\",\"url\":\"https:\\\/\\\/www.guibutik.pt\\\/loja\\\/\",\"name\":\"Guibutik\",\"description\":\"Moda e Sapataria\",\"potentialAction\":[{\"@type\":\"SearchAction\",\"target\":{\"@type\":\"EntryPoint\",\"urlTemplate\":\"https:\\\/\\\/www.guibutik.pt\\\/loja\\\/?s={search_term_string}\"},\"query-input\":{\"@type\":\"PropertyValueSpecification\",\"valueRequired\":true,\"valueName\":\"search_term_string\"}}],\"inLanguage\":\"pt-PT\"}]}<\/script>\n<!-- \/ Yoast SEO plugin. -->","yoast_head_json":{"title":"Sapatilha Ezra Skechers - Guibutik","robots":{"index":"index","follow":"follow","max-snippet":"max-snippet:-1","max-image-preview":"max-image-preview:large","max-video-preview":"max-video-preview:-1"},"canonical":"https:\/\/www.guibutik.pt\/loja\/produto\/sapatilha-ezra-skechers\/","og_locale":"pt_PT","og_type":"article","og_title":"Sapatilha Ezra Skechers - Guibutik","og_description":"O modelo leve e vers\u00e1til Skechers Street\u2122 Delson 3.0 - Ezra \u00e9 atualizado com maior conforto almofadado. Este modelo cl\u00e1ssico slip-on apresenta uma parte superior em pele com uma palmilha Air-Cooled Memory Foam\u00ae e amortecimento Goga Mat\u00ae Arch para maior apoio.","og_url":"https:\/\/www.guibutik.pt\/loja\/produto\/sapatilha-ezra-skechers\/","og_site_name":"Guibutik","article_publisher":"https:\/\/www.facebook.com\/guibutik\/","article_modified_time":"2026-01-20T13:13:03+00:00","og_image":[{"width":1000,"height":1000,"url":"https:\/\/www.guibutik.pt\/loja\/wp-content\/uploads\/2022\/03\/1643127414-30831600.jpg","type":"image\/jpeg"}],"twitter_card":"summary_large_image","twitter_misc":{"Tempo estimado de leitura":"1 minuto"},"schema":{"@context":"https:\/\/schema.org","@graph":[{"@type":"WebPage","@id":"https:\/\/www.guibutik.pt\/loja\/produto\/sapatilha-ezra-skechers\/","url":"https:\/\/www.guibutik.pt\/loja\/produto\/sapatilha-ezra-skechers\/","name":"Sapatilha Ezra Skechers - Guibutik","isPartOf":{"@id":"https:\/\/www.guibutik.pt\/loja\/#website"},"primaryImageOfPage":{"@id":"https:\/\/www.guibutik.pt\/loja\/produto\/sapatilha-ezra-skechers\/#primaryimage"},"image":{"@id":"https:\/\/www.guibutik.pt\/loja\/produto\/sapatilha-ezra-skechers\/#primaryimage"},"thumbnailUrl":"https:\/\/www.guibutik.pt\/loja\/wp-content\/uploads\/2022\/03\/1643127414-30831600.jpg","datePublished":"2023-03-02T15:48:02+00:00","dateModified":"2026-01-20T13:13:03+00:00","breadcrumb":{"@id":"https:\/\/www.guibutik.pt\/loja\/produto\/sapatilha-ezra-skechers\/#breadcrumb"},"inLanguage":"pt-PT","potentialAction":[{"@type":"ReadAction","target":["https:\/\/www.guibutik.pt\/loja\/produto\/sapatilha-ezra-skechers\/"]}]},{"@type":"ImageObject","inLanguage":"pt-PT","@id":"https:\/\/www.guibutik.pt\/loja\/produto\/sapatilha-ezra-skechers\/#primaryimage","url":"https:\/\/www.guibutik.pt\/loja\/wp-content\/uploads\/2022\/03\/1643127414-30831600.jpg","contentUrl":"https:\/\/www.guibutik.pt\/loja\/wp-content\/uploads\/2022\/03\/1643127414-30831600.jpg","width":1000,"height":1000},{"@type":"BreadcrumbList","@id":"https:\/\/www.guibutik.pt\/loja\/produto\/sapatilha-ezra-skechers\/#breadcrumb","itemListElement":[{"@type":"ListItem","position":1,"name":"In\u00edcio","item":"https:\/\/www.guibutik.pt\/loja\/"},{"@type":"ListItem","position":2,"name":"Loja","item":"https:\/\/www.guibutik.pt\/loja\/shop\/"},{"@type":"ListItem","position":3,"name":"Sapatilha Ezra Skechers"}]},{"@type":"WebSite","@id":"https:\/\/www.guibutik.pt\/loja\/#website","url":"https:\/\/www.guibutik.pt\/loja\/","name":"Guibutik","description":"Moda e Sapataria","potentialAction":[{"@type":"SearchAction","target":{"@type":"EntryPoint","urlTemplate":"https:\/\/www.guibutik.pt\/loja\/?s={search_term_string}"},"query-input":{"@type":"PropertyValueSpecification","valueRequired":true,"valueName":"search_term_string"}}],"inLanguage":"pt-PT"}]}},"_links":{"self":[{"href":"https:\/\/www.guibutik.pt\/loja\/wp-json\/wp\/v2\/product\/36297","targetHints":{"allow":["GET"]}}],"collection":[{"href":"https:\/\/www.guibutik.pt\/loja\/wp-json\/wp\/v2\/product"}],"about":[{"href":"https:\/\/www.guibutik.pt\/loja\/wp-json\/wp\/v2\/types\/product"}],"replies":[{"embeddable":true,"href":"https:\/\/www.guibutik.pt\/loja\/wp-json\/wp\/v2\/comments?post=36297"}],"wp:featuredmedia":[{"embeddable":true,"href":"https:\/\/www.guibutik.pt\/loja\/wp-json\/wp\/v2\/media\/36329"}],"wp:attachment":[{"href":"https:\/\/www.guibutik.pt\/loja\/wp-json\/wp\/v2\/media?parent=36297"}],"wp:term":[{"taxonomy":"product_cat","embeddable":true,"href":"https:\/\/www.guibutik.pt\/loja\/wp-json\/wp\/v2\/product_cat?post=36297"},{"taxonomy":"product_tag","embeddable":true,"href":"https:\/\/www.guibutik.pt\/loja\/wp-json\/wp\/v2\/product_tag?post=36297"}],"curies":[{"name":"wp","href":"https:\/\/api.w.org\/{rel}","templated":true}]}}