{"id":34673,"date":"2022-01-05T13:59:33","date_gmt":"2022-01-05T12:59:33","guid":{"rendered":"https:\/\/www.guibutik.pt\/loja\/?post_type=product&#038;p=34673"},"modified":"2025-08-28T10:46:08","modified_gmt":"2025-08-28T09:46:08","slug":"sapato-vela-timberland-3","status":"publish","type":"product","link":"https:\/\/www.guibutik.pt\/loja\/produto\/sapato-vela-timberland-3\/","title":{"rendered":"Sapato Vela Timberland"},"content":{"rendered":"<ul class=\"e-list e-product-attributes e-product-attributes--4-columns\">\n<li class=\"e-list-item e-product-attributes__section\" style=\"list-style-type: none;\">\n<ul class=\"e-list e-product-attributes__attribute-list\">\n<li class=\"e-list-item e-product-attributes__attribute-item\" data-attribute=\"cholewka\"><span class=\"e-product-attributes__attribute-label\">Superior: <\/span>Couro genu\u00edno &#8211; couro full grain<\/li>\n<li class=\"e-list-item e-product-attributes__attribute-item\" data-attribute=\"podeszwa\"><span class=\"e-product-attributes__attribute-label\">\u00danico: <\/span>Borracha<\/li>\n<li class=\"e-list-item e-product-attributes__attribute-item\" data-attribute=\"technologie\"><span class=\"e-product-attributes__attribute-label\">Tecnologias: <\/span>EVA , Ortholite , Sensorflex<\/li>\n<li class=\"e-list-item e-product-attributes__attribute-item\" data-attribute=\"wkladka\"><span class=\"e-product-attributes__attribute-label\">Palmilha: <\/span>Couro<\/li>\n<li class=\"e-list-item e-product-attributes__attribute-item\" data-attribute=\"wnetrze\"><span class=\"e-product-attributes__attribute-label\">Resina: <\/span>Couro , T\u00eaxtil<\/li>\n<\/ul>\n<\/li>\n<li class=\"e-list-item e-product-attributes__section\">\n<h3 class=\"e-heading e-product-attributes__section-heading e-heading--fifth-level\">Design e Estilo<\/h3>\n<ul class=\"e-list e-product-attributes__attribute-list\">\n<li class=\"e-list-item e-product-attributes__attribute-item\" data-attribute=\"inne_lista\"><span class=\"e-product-attributes__attribute-label\">De outros: <\/span>Cadar\u00e7os de couro<\/li>\n<li class=\"e-list-item e-product-attributes__attribute-item\" data-attribute=\"kolor\"><span class=\"e-product-attributes__attribute-label\">Cor: <\/span>marrom<\/li>\n<li class=\"e-list-item e-product-attributes__attribute-item\" data-attribute=\"rodzaj_obcasa\"><span class=\"e-product-attributes__attribute-label\">Tipo de sola: <\/span>Plano<\/li>\n<li class=\"e-list-item e-product-attributes__attribute-item\" data-attribute=\"rodzaj_zapiecia\"><span class=\"e-product-attributes__attribute-label\">Tipo de fechamento: <\/span>Renda<\/li>\n<li class=\"e-list-item e-product-attributes__attribute-item\" data-attribute=\"wyciagane_wkladki\"><span class=\"e-product-attributes__attribute-label\">Palmilhas remov\u00edveis: <\/span>N\u00e3o<\/li>\n<\/ul>\n<\/li>\n<li class=\"e-list-item e-product-attributes__section\">\n<h3 class=\"e-heading e-product-attributes__section-heading e-heading--fifth-level\">Tamanho e ajuste<\/h3>\n<ul class=\"e-list e-product-attributes__attribute-list\">\n<li class=\"e-list-item e-product-attributes__attribute-item\" data-attribute=\"grubosc_podeszwy\"><span class=\"e-product-attributes__attribute-label\">Espessura da sola: <\/span>2 cm<\/li>\n<li class=\"e-list-item e-product-attributes__attribute-item\" data-attribute=\"wysokosc_calkowita\"><span class=\"e-product-attributes__attribute-label\">Altura total: <\/span>8,5 cm<\/li>\n<\/ul>\n<\/li>\n<\/ul>\n","protected":false},"excerpt":{"rendered":"<p>Superior: Couro genu\u00edno &#8211; couro full grain \u00danico: Borracha Tecnologias: EVA , Ortholite , Sensorflex Palmilha: Couro Resina: Couro , T\u00eaxtil Design e Estilo De outros: Cadar\u00e7os de couro Cor: marrom Tipo de sola: Plano Tipo de fechamento: Renda Palmilhas remov\u00edveis: N\u00e3o Tamanho e ajuste Espessura da sola: 2 cm Altura total: 8,5 cm<\/p>\n","protected":false},"featured_media":34677,"comment_status":"closed","ping_status":"closed","template":"","meta":[],"product_cat":[291,484,222],"product_tag":[492],"class_list":{"0":"post-34673","1":"product","2":"type-product","3":"status-publish","4":"has-post-thumbnail","6":"product_cat-calcado-senhora","7":"product_cat-promocoes-senhora","8":"product_cat-senhora","9":"product_tag-timberland","10":"ts_product_brand-timberland","12":"first","13":"instock","14":"sale","15":"shipping-taxable","16":"purchasable","17":"product-type-variable"},"yoast_head":"<!-- This site is optimized with the Yoast SEO plugin v27.5 - https:\/\/yoast.com\/product\/yoast-seo-wordpress\/ -->\n<title>Sapato Vela Timberland - Guibutik<\/title>\n<meta name=\"robots\" content=\"index, follow, max-snippet:-1, max-image-preview:large, max-video-preview:-1\" \/>\n<link rel=\"canonical\" href=\"https:\/\/www.guibutik.pt\/loja\/produto\/sapato-vela-timberland-3\/\" \/>\n<meta property=\"og:locale\" content=\"pt_PT\" \/>\n<meta property=\"og:type\" content=\"article\" \/>\n<meta property=\"og:title\" content=\"Sapato Vela Timberland - Guibutik\" \/>\n<meta property=\"og:description\" content=\"Superior: Couro genu\u00edno &#8211; couro full grain \u00danico: Borracha Tecnologias: EVA , Ortholite , Sensorflex Palmilha: Couro Resina: Couro , T\u00eaxtil Design e Estilo De outros: Cadar\u00e7os de couro Cor: marrom Tipo de sola: Plano Tipo de fechamento: Renda Palmilhas remov\u00edveis: N\u00e3o Tamanho e ajuste Espessura da sola: 2 cm Altura total: 8,5 cm\" \/>\n<meta property=\"og:url\" content=\"https:\/\/www.guibutik.pt\/loja\/produto\/sapato-vela-timberland-3\/\" \/>\n<meta property=\"og:site_name\" content=\"Guibutik\" \/>\n<meta property=\"article:publisher\" content=\"https:\/\/www.facebook.com\/guibutik\/\" \/>\n<meta property=\"article:modified_time\" content=\"2025-08-28T09:46:08+00:00\" \/>\n<meta property=\"og:image\" content=\"https:\/\/www.guibutik.pt\/loja\/wp-content\/uploads\/2022\/01\/0000200403700_01_ab.jpg\" \/>\n\t<meta property=\"og:image:width\" content=\"800\" \/>\n\t<meta property=\"og:image:height\" content=\"800\" \/>\n\t<meta property=\"og:image:type\" content=\"image\/jpeg\" \/>\n<meta name=\"twitter:card\" content=\"summary_large_image\" \/>\n<meta name=\"twitter:label1\" content=\"Tempo estimado de leitura\" \/>\n\t<meta name=\"twitter:data1\" content=\"1 minuto\" \/>\n<script type=\"application\/ld+json\" class=\"yoast-schema-graph\">{\"@context\":\"https:\\\/\\\/schema.org\",\"@graph\":[{\"@type\":\"WebPage\",\"@id\":\"https:\\\/\\\/www.guibutik.pt\\\/loja\\\/produto\\\/sapato-vela-timberland-3\\\/\",\"url\":\"https:\\\/\\\/www.guibutik.pt\\\/loja\\\/produto\\\/sapato-vela-timberland-3\\\/\",\"name\":\"Sapato Vela Timberland - Guibutik\",\"isPartOf\":{\"@id\":\"https:\\\/\\\/www.guibutik.pt\\\/loja\\\/#website\"},\"primaryImageOfPage\":{\"@id\":\"https:\\\/\\\/www.guibutik.pt\\\/loja\\\/produto\\\/sapato-vela-timberland-3\\\/#primaryimage\"},\"image\":{\"@id\":\"https:\\\/\\\/www.guibutik.pt\\\/loja\\\/produto\\\/sapato-vela-timberland-3\\\/#primaryimage\"},\"thumbnailUrl\":\"https:\\\/\\\/www.guibutik.pt\\\/loja\\\/wp-content\\\/uploads\\\/2022\\\/01\\\/0000200403700_01_ab.jpg\",\"datePublished\":\"2022-01-05T12:59:33+00:00\",\"dateModified\":\"2025-08-28T09:46:08+00:00\",\"breadcrumb\":{\"@id\":\"https:\\\/\\\/www.guibutik.pt\\\/loja\\\/produto\\\/sapato-vela-timberland-3\\\/#breadcrumb\"},\"inLanguage\":\"pt-PT\",\"potentialAction\":[{\"@type\":\"ReadAction\",\"target\":[\"https:\\\/\\\/www.guibutik.pt\\\/loja\\\/produto\\\/sapato-vela-timberland-3\\\/\"]}]},{\"@type\":\"ImageObject\",\"inLanguage\":\"pt-PT\",\"@id\":\"https:\\\/\\\/www.guibutik.pt\\\/loja\\\/produto\\\/sapato-vela-timberland-3\\\/#primaryimage\",\"url\":\"https:\\\/\\\/www.guibutik.pt\\\/loja\\\/wp-content\\\/uploads\\\/2022\\\/01\\\/0000200403700_01_ab.jpg\",\"contentUrl\":\"https:\\\/\\\/www.guibutik.pt\\\/loja\\\/wp-content\\\/uploads\\\/2022\\\/01\\\/0000200403700_01_ab.jpg\",\"width\":800,\"height\":800},{\"@type\":\"BreadcrumbList\",\"@id\":\"https:\\\/\\\/www.guibutik.pt\\\/loja\\\/produto\\\/sapato-vela-timberland-3\\\/#breadcrumb\",\"itemListElement\":[{\"@type\":\"ListItem\",\"position\":1,\"name\":\"In\u00edcio\",\"item\":\"https:\\\/\\\/www.guibutik.pt\\\/loja\\\/\"},{\"@type\":\"ListItem\",\"position\":2,\"name\":\"Loja\",\"item\":\"https:\\\/\\\/www.guibutik.pt\\\/loja\\\/shop\\\/\"},{\"@type\":\"ListItem\",\"position\":3,\"name\":\"Sapato Vela Timberland\"}]},{\"@type\":\"WebSite\",\"@id\":\"https:\\\/\\\/www.guibutik.pt\\\/loja\\\/#website\",\"url\":\"https:\\\/\\\/www.guibutik.pt\\\/loja\\\/\",\"name\":\"Guibutik\",\"description\":\"Moda e Sapataria\",\"potentialAction\":[{\"@type\":\"SearchAction\",\"target\":{\"@type\":\"EntryPoint\",\"urlTemplate\":\"https:\\\/\\\/www.guibutik.pt\\\/loja\\\/?s={search_term_string}\"},\"query-input\":{\"@type\":\"PropertyValueSpecification\",\"valueRequired\":true,\"valueName\":\"search_term_string\"}}],\"inLanguage\":\"pt-PT\"}]}<\/script>\n<!-- \/ Yoast SEO plugin. -->","yoast_head_json":{"title":"Sapato Vela Timberland - Guibutik","robots":{"index":"index","follow":"follow","max-snippet":"max-snippet:-1","max-image-preview":"max-image-preview:large","max-video-preview":"max-video-preview:-1"},"canonical":"https:\/\/www.guibutik.pt\/loja\/produto\/sapato-vela-timberland-3\/","og_locale":"pt_PT","og_type":"article","og_title":"Sapato Vela Timberland - Guibutik","og_description":"Superior: Couro genu\u00edno &#8211; couro full grain \u00danico: Borracha Tecnologias: EVA , Ortholite , Sensorflex Palmilha: Couro Resina: Couro , T\u00eaxtil Design e Estilo De outros: Cadar\u00e7os de couro Cor: marrom Tipo de sola: Plano Tipo de fechamento: Renda Palmilhas remov\u00edveis: N\u00e3o Tamanho e ajuste Espessura da sola: 2 cm Altura total: 8,5 cm","og_url":"https:\/\/www.guibutik.pt\/loja\/produto\/sapato-vela-timberland-3\/","og_site_name":"Guibutik","article_publisher":"https:\/\/www.facebook.com\/guibutik\/","article_modified_time":"2025-08-28T09:46:08+00:00","og_image":[{"width":800,"height":800,"url":"https:\/\/www.guibutik.pt\/loja\/wp-content\/uploads\/2022\/01\/0000200403700_01_ab.jpg","type":"image\/jpeg"}],"twitter_card":"summary_large_image","twitter_misc":{"Tempo estimado de leitura":"1 minuto"},"schema":{"@context":"https:\/\/schema.org","@graph":[{"@type":"WebPage","@id":"https:\/\/www.guibutik.pt\/loja\/produto\/sapato-vela-timberland-3\/","url":"https:\/\/www.guibutik.pt\/loja\/produto\/sapato-vela-timberland-3\/","name":"Sapato Vela Timberland - Guibutik","isPartOf":{"@id":"https:\/\/www.guibutik.pt\/loja\/#website"},"primaryImageOfPage":{"@id":"https:\/\/www.guibutik.pt\/loja\/produto\/sapato-vela-timberland-3\/#primaryimage"},"image":{"@id":"https:\/\/www.guibutik.pt\/loja\/produto\/sapato-vela-timberland-3\/#primaryimage"},"thumbnailUrl":"https:\/\/www.guibutik.pt\/loja\/wp-content\/uploads\/2022\/01\/0000200403700_01_ab.jpg","datePublished":"2022-01-05T12:59:33+00:00","dateModified":"2025-08-28T09:46:08+00:00","breadcrumb":{"@id":"https:\/\/www.guibutik.pt\/loja\/produto\/sapato-vela-timberland-3\/#breadcrumb"},"inLanguage":"pt-PT","potentialAction":[{"@type":"ReadAction","target":["https:\/\/www.guibutik.pt\/loja\/produto\/sapato-vela-timberland-3\/"]}]},{"@type":"ImageObject","inLanguage":"pt-PT","@id":"https:\/\/www.guibutik.pt\/loja\/produto\/sapato-vela-timberland-3\/#primaryimage","url":"https:\/\/www.guibutik.pt\/loja\/wp-content\/uploads\/2022\/01\/0000200403700_01_ab.jpg","contentUrl":"https:\/\/www.guibutik.pt\/loja\/wp-content\/uploads\/2022\/01\/0000200403700_01_ab.jpg","width":800,"height":800},{"@type":"BreadcrumbList","@id":"https:\/\/www.guibutik.pt\/loja\/produto\/sapato-vela-timberland-3\/#breadcrumb","itemListElement":[{"@type":"ListItem","position":1,"name":"In\u00edcio","item":"https:\/\/www.guibutik.pt\/loja\/"},{"@type":"ListItem","position":2,"name":"Loja","item":"https:\/\/www.guibutik.pt\/loja\/shop\/"},{"@type":"ListItem","position":3,"name":"Sapato Vela Timberland"}]},{"@type":"WebSite","@id":"https:\/\/www.guibutik.pt\/loja\/#website","url":"https:\/\/www.guibutik.pt\/loja\/","name":"Guibutik","description":"Moda e Sapataria","potentialAction":[{"@type":"SearchAction","target":{"@type":"EntryPoint","urlTemplate":"https:\/\/www.guibutik.pt\/loja\/?s={search_term_string}"},"query-input":{"@type":"PropertyValueSpecification","valueRequired":true,"valueName":"search_term_string"}}],"inLanguage":"pt-PT"}]}},"_links":{"self":[{"href":"https:\/\/www.guibutik.pt\/loja\/wp-json\/wp\/v2\/product\/34673","targetHints":{"allow":["GET"]}}],"collection":[{"href":"https:\/\/www.guibutik.pt\/loja\/wp-json\/wp\/v2\/product"}],"about":[{"href":"https:\/\/www.guibutik.pt\/loja\/wp-json\/wp\/v2\/types\/product"}],"replies":[{"embeddable":true,"href":"https:\/\/www.guibutik.pt\/loja\/wp-json\/wp\/v2\/comments?post=34673"}],"wp:featuredmedia":[{"embeddable":true,"href":"https:\/\/www.guibutik.pt\/loja\/wp-json\/wp\/v2\/media\/34677"}],"wp:attachment":[{"href":"https:\/\/www.guibutik.pt\/loja\/wp-json\/wp\/v2\/media?parent=34673"}],"wp:term":[{"taxonomy":"product_cat","embeddable":true,"href":"https:\/\/www.guibutik.pt\/loja\/wp-json\/wp\/v2\/product_cat?post=34673"},{"taxonomy":"product_tag","embeddable":true,"href":"https:\/\/www.guibutik.pt\/loja\/wp-json\/wp\/v2\/product_tag?post=34673"}],"curies":[{"name":"wp","href":"https:\/\/api.w.org\/{rel}","templated":true}]}}