{"id":33408,"date":"2021-11-22T11:56:02","date_gmt":"2021-11-22T10:56:02","guid":{"rendered":"https:\/\/www.guibutik.pt\/loja\/?post_type=product&#038;p=33408"},"modified":"2025-03-05T19:55:45","modified_gmt":"2025-03-05T18:55:45","slug":"bota-garrison-timberland","status":"publish","type":"product","link":"https:\/\/www.guibutik.pt\/loja\/produto\/bota-garrison-timberland\/","title":{"rendered":"Bota Garrison Timberland"},"content":{"rendered":"<article class=\"drawer-description\">\n<div class=\"drawer-description-content product-details-container product-details-js\">\n<div id=\"drawer_description_content_additional_description\" class=\"drawer-description-content-list-js\" data-list-content=\"Parte superior em Better Leather premium de uma f\u00e1brica de curtumes sustent\u00e1vel com classifica\u00e7\u00e3o prata pelas suas pr\u00e1ticas de gest\u00e3o de \u00e1gua, energia e res\u00edduos, e pele sint\u00e9tica. | Forro em tecido dur\u00e1vel ReBOTL\u2122 com, pelo menos, 50% de pl\u00e1stico reciclado | Membrana imperme\u00e1vel TimberDry\u2122 feita com 50% de pl\u00e1stico reciclado | Estilo de atacadores para um ajuste seguro | L\u00edngua refor\u00e7ada que repele a chuva e a sujidade | Biqueira e zona do calcanhar protetoras com borracha pr\u00f3pria para caminhada | Entressola de mistura de espuma Eva moldada por compress\u00e3o para amortecimento | Sola em borracha com reentr\u00e2ncias com tecnologia de tra\u00e7\u00e3o ecorrespons\u00e1vel TimberGrip\u2122 | Altura do cano: 3,5&quot;\/8,9 cm | Altura do salto: 1,25&quot;\/3,2 cm\">\n<ul>\n<li>Parte superior em Better Leather premium de uma f\u00e1brica de curtumes sustent\u00e1vel com classifica\u00e7\u00e3o prata pelas suas pr\u00e1ticas de gest\u00e3o de \u00e1gua, energia e res\u00edduos, e pele sint\u00e9tica.<\/li>\n<li>Forro em tecido dur\u00e1vel ReBOTL\u2122 com, pelo menos, 50% de pl\u00e1stico reciclado<\/li>\n<li>Membrana imperme\u00e1vel TimberDry\u2122 feita com 50% de pl\u00e1stico reciclado<\/li>\n<li>Estilo de atacadores para um ajuste seguro<\/li>\n<li>L\u00edngua refor\u00e7ada que repele a chuva e a sujidade<\/li>\n<li>Biqueira e zona do calcanhar protetoras com borracha pr\u00f3pria para caminhada<\/li>\n<li>Entressola de mistura de espuma Eva moldada por compress\u00e3o para amortecimento<\/li>\n<li>Sola em borracha com reentr\u00e2ncias com tecnologia de tra\u00e7\u00e3o ecorrespons\u00e1vel TimberGrip\u2122<\/li>\n<li>Altura do cano: 3,5&#8243;\/8,9 cm<\/li>\n<li>Altura do salto: 1,25&#8243;\/3,2 cm<\/li>\n<\/ul>\n<\/div>\n<\/div>\n<\/article>\n<div id=\"drawer_description_main_feature\" class=\"drawer-description-main-feature\">\n<article class=\"drawer-description\">\n<div class=\"title\">CARE INSTRUCTIONS:<\/div>\n<p>Limpeza<br \/>\nCleanerBoot Sauce\u2122<\/p>\n<p>Escova para limpeza da sola de borracha<\/p>\n<p>ProtectorMax\u00ae<\/p>\n<\/article>\n<\/div>\n","protected":false},"excerpt":{"rendered":"<p>Esta bota de caminhada para mulher \u00e9 fabricada com uma combina\u00e7\u00e3o de Better Leather premium proveniente de uma f\u00e1brica de curtumes sustent\u00e1vel com classifica\u00e7\u00e3o prata pelos seus processos ambientais e pele sint\u00e9tica. No interior, a membrana imperme\u00e1vel TimberDry\u2122 e o forro em tecido ReBOTL\u2122 s\u00e3o feitos com, pelo menos, 50% de pl\u00e1stico reciclado desviado de aterros sanit\u00e1rios. As caracter\u00edsticas de conforto no interior da bota amortecem o p\u00e9, enquanto a nossa tecnologia TimberGrip\u2122 proporciona tra\u00e7\u00e3o superior numa variedade de terrenos.<\/p>\n","protected":false},"featured_media":33420,"comment_status":"closed","ping_status":"closed","template":"","meta":[],"product_cat":[291,484,222],"product_tag":[],"class_list":{"0":"post-33408","1":"product","2":"type-product","3":"status-publish","4":"has-post-thumbnail","6":"product_cat-calcado-senhora","7":"product_cat-promocoes-senhora","8":"product_cat-senhora","9":"ts_product_brand-timberland","11":"first","12":"instock","13":"sale","14":"shipping-taxable","15":"purchasable","16":"product-type-variable"},"yoast_head":"<!-- This site is optimized with the Yoast SEO plugin v27.4 - https:\/\/yoast.com\/product\/yoast-seo-wordpress\/ -->\n<title>Bota Garrison Timberland - Guibutik<\/title>\n<meta name=\"robots\" content=\"index, follow, max-snippet:-1, max-image-preview:large, max-video-preview:-1\" \/>\n<link rel=\"canonical\" href=\"https:\/\/www.guibutik.pt\/loja\/produto\/bota-garrison-timberland\/\" \/>\n<meta property=\"og:locale\" content=\"pt_PT\" \/>\n<meta property=\"og:type\" content=\"article\" \/>\n<meta property=\"og:title\" content=\"Bota Garrison Timberland - Guibutik\" \/>\n<meta property=\"og:description\" content=\"Esta bota de caminhada para mulher \u00e9 fabricada com uma combina\u00e7\u00e3o de Better Leather premium proveniente de uma f\u00e1brica de curtumes sustent\u00e1vel com classifica\u00e7\u00e3o prata pelos seus processos ambientais e pele sint\u00e9tica. No interior, a membrana imperme\u00e1vel TimberDry\u2122 e o forro em tecido ReBOTL\u2122 s\u00e3o feitos com, pelo menos, 50% de pl\u00e1stico reciclado desviado de aterros sanit\u00e1rios. As caracter\u00edsticas de conforto no interior da bota amortecem o p\u00e9, enquanto a nossa tecnologia TimberGrip\u2122 proporciona tra\u00e7\u00e3o superior numa variedade de terrenos.\" \/>\n<meta property=\"og:url\" content=\"https:\/\/www.guibutik.pt\/loja\/produto\/bota-garrison-timberland\/\" \/>\n<meta property=\"og:site_name\" content=\"Guibutik\" \/>\n<meta property=\"article:publisher\" content=\"https:\/\/www.facebook.com\/guibutik\/\" \/>\n<meta property=\"article:modified_time\" content=\"2025-03-05T18:55:45+00:00\" \/>\n<meta property=\"og:image\" content=\"https:\/\/www.guibutik.pt\/loja\/wp-content\/uploads\/2021\/11\/A2fq43.jpg\" \/>\n\t<meta property=\"og:image:width\" content=\"614\" \/>\n\t<meta property=\"og:image:height\" content=\"397\" \/>\n\t<meta property=\"og:image:type\" content=\"image\/jpeg\" \/>\n<meta name=\"twitter:card\" content=\"summary_large_image\" \/>\n<meta name=\"twitter:label1\" content=\"Tempo estimado de leitura\" \/>\n\t<meta name=\"twitter:data1\" content=\"1 minuto\" \/>\n<script type=\"application\/ld+json\" class=\"yoast-schema-graph\">{\"@context\":\"https:\\\/\\\/schema.org\",\"@graph\":[{\"@type\":\"WebPage\",\"@id\":\"https:\\\/\\\/www.guibutik.pt\\\/loja\\\/produto\\\/bota-garrison-timberland\\\/\",\"url\":\"https:\\\/\\\/www.guibutik.pt\\\/loja\\\/produto\\\/bota-garrison-timberland\\\/\",\"name\":\"Bota Garrison Timberland - Guibutik\",\"isPartOf\":{\"@id\":\"https:\\\/\\\/www.guibutik.pt\\\/loja\\\/#website\"},\"primaryImageOfPage\":{\"@id\":\"https:\\\/\\\/www.guibutik.pt\\\/loja\\\/produto\\\/bota-garrison-timberland\\\/#primaryimage\"},\"image\":{\"@id\":\"https:\\\/\\\/www.guibutik.pt\\\/loja\\\/produto\\\/bota-garrison-timberland\\\/#primaryimage\"},\"thumbnailUrl\":\"https:\\\/\\\/www.guibutik.pt\\\/loja\\\/wp-content\\\/uploads\\\/2021\\\/11\\\/A2fq43.jpg\",\"datePublished\":\"2021-11-22T10:56:02+00:00\",\"dateModified\":\"2025-03-05T18:55:45+00:00\",\"breadcrumb\":{\"@id\":\"https:\\\/\\\/www.guibutik.pt\\\/loja\\\/produto\\\/bota-garrison-timberland\\\/#breadcrumb\"},\"inLanguage\":\"pt-PT\",\"potentialAction\":[{\"@type\":\"ReadAction\",\"target\":[\"https:\\\/\\\/www.guibutik.pt\\\/loja\\\/produto\\\/bota-garrison-timberland\\\/\"]}]},{\"@type\":\"ImageObject\",\"inLanguage\":\"pt-PT\",\"@id\":\"https:\\\/\\\/www.guibutik.pt\\\/loja\\\/produto\\\/bota-garrison-timberland\\\/#primaryimage\",\"url\":\"https:\\\/\\\/www.guibutik.pt\\\/loja\\\/wp-content\\\/uploads\\\/2021\\\/11\\\/A2fq43.jpg\",\"contentUrl\":\"https:\\\/\\\/www.guibutik.pt\\\/loja\\\/wp-content\\\/uploads\\\/2021\\\/11\\\/A2fq43.jpg\",\"width\":614,\"height\":397},{\"@type\":\"BreadcrumbList\",\"@id\":\"https:\\\/\\\/www.guibutik.pt\\\/loja\\\/produto\\\/bota-garrison-timberland\\\/#breadcrumb\",\"itemListElement\":[{\"@type\":\"ListItem\",\"position\":1,\"name\":\"In\u00edcio\",\"item\":\"https:\\\/\\\/www.guibutik.pt\\\/loja\\\/\"},{\"@type\":\"ListItem\",\"position\":2,\"name\":\"Loja\",\"item\":\"https:\\\/\\\/www.guibutik.pt\\\/loja\\\/shop\\\/\"},{\"@type\":\"ListItem\",\"position\":3,\"name\":\"Bota Garrison Timberland\"}]},{\"@type\":\"WebSite\",\"@id\":\"https:\\\/\\\/www.guibutik.pt\\\/loja\\\/#website\",\"url\":\"https:\\\/\\\/www.guibutik.pt\\\/loja\\\/\",\"name\":\"Guibutik\",\"description\":\"Moda e Sapataria\",\"potentialAction\":[{\"@type\":\"SearchAction\",\"target\":{\"@type\":\"EntryPoint\",\"urlTemplate\":\"https:\\\/\\\/www.guibutik.pt\\\/loja\\\/?s={search_term_string}\"},\"query-input\":{\"@type\":\"PropertyValueSpecification\",\"valueRequired\":true,\"valueName\":\"search_term_string\"}}],\"inLanguage\":\"pt-PT\"}]}<\/script>\n<!-- \/ Yoast SEO plugin. -->","yoast_head_json":{"title":"Bota Garrison Timberland - Guibutik","robots":{"index":"index","follow":"follow","max-snippet":"max-snippet:-1","max-image-preview":"max-image-preview:large","max-video-preview":"max-video-preview:-1"},"canonical":"https:\/\/www.guibutik.pt\/loja\/produto\/bota-garrison-timberland\/","og_locale":"pt_PT","og_type":"article","og_title":"Bota Garrison Timberland - Guibutik","og_description":"Esta bota de caminhada para mulher \u00e9 fabricada com uma combina\u00e7\u00e3o de Better Leather premium proveniente de uma f\u00e1brica de curtumes sustent\u00e1vel com classifica\u00e7\u00e3o prata pelos seus processos ambientais e pele sint\u00e9tica. No interior, a membrana imperme\u00e1vel TimberDry\u2122 e o forro em tecido ReBOTL\u2122 s\u00e3o feitos com, pelo menos, 50% de pl\u00e1stico reciclado desviado de aterros sanit\u00e1rios. As caracter\u00edsticas de conforto no interior da bota amortecem o p\u00e9, enquanto a nossa tecnologia TimberGrip\u2122 proporciona tra\u00e7\u00e3o superior numa variedade de terrenos.","og_url":"https:\/\/www.guibutik.pt\/loja\/produto\/bota-garrison-timberland\/","og_site_name":"Guibutik","article_publisher":"https:\/\/www.facebook.com\/guibutik\/","article_modified_time":"2025-03-05T18:55:45+00:00","og_image":[{"width":614,"height":397,"url":"https:\/\/www.guibutik.pt\/loja\/wp-content\/uploads\/2021\/11\/A2fq43.jpg","type":"image\/jpeg"}],"twitter_card":"summary_large_image","twitter_misc":{"Tempo estimado de leitura":"1 minuto"},"schema":{"@context":"https:\/\/schema.org","@graph":[{"@type":"WebPage","@id":"https:\/\/www.guibutik.pt\/loja\/produto\/bota-garrison-timberland\/","url":"https:\/\/www.guibutik.pt\/loja\/produto\/bota-garrison-timberland\/","name":"Bota Garrison Timberland - Guibutik","isPartOf":{"@id":"https:\/\/www.guibutik.pt\/loja\/#website"},"primaryImageOfPage":{"@id":"https:\/\/www.guibutik.pt\/loja\/produto\/bota-garrison-timberland\/#primaryimage"},"image":{"@id":"https:\/\/www.guibutik.pt\/loja\/produto\/bota-garrison-timberland\/#primaryimage"},"thumbnailUrl":"https:\/\/www.guibutik.pt\/loja\/wp-content\/uploads\/2021\/11\/A2fq43.jpg","datePublished":"2021-11-22T10:56:02+00:00","dateModified":"2025-03-05T18:55:45+00:00","breadcrumb":{"@id":"https:\/\/www.guibutik.pt\/loja\/produto\/bota-garrison-timberland\/#breadcrumb"},"inLanguage":"pt-PT","potentialAction":[{"@type":"ReadAction","target":["https:\/\/www.guibutik.pt\/loja\/produto\/bota-garrison-timberland\/"]}]},{"@type":"ImageObject","inLanguage":"pt-PT","@id":"https:\/\/www.guibutik.pt\/loja\/produto\/bota-garrison-timberland\/#primaryimage","url":"https:\/\/www.guibutik.pt\/loja\/wp-content\/uploads\/2021\/11\/A2fq43.jpg","contentUrl":"https:\/\/www.guibutik.pt\/loja\/wp-content\/uploads\/2021\/11\/A2fq43.jpg","width":614,"height":397},{"@type":"BreadcrumbList","@id":"https:\/\/www.guibutik.pt\/loja\/produto\/bota-garrison-timberland\/#breadcrumb","itemListElement":[{"@type":"ListItem","position":1,"name":"In\u00edcio","item":"https:\/\/www.guibutik.pt\/loja\/"},{"@type":"ListItem","position":2,"name":"Loja","item":"https:\/\/www.guibutik.pt\/loja\/shop\/"},{"@type":"ListItem","position":3,"name":"Bota Garrison Timberland"}]},{"@type":"WebSite","@id":"https:\/\/www.guibutik.pt\/loja\/#website","url":"https:\/\/www.guibutik.pt\/loja\/","name":"Guibutik","description":"Moda e Sapataria","potentialAction":[{"@type":"SearchAction","target":{"@type":"EntryPoint","urlTemplate":"https:\/\/www.guibutik.pt\/loja\/?s={search_term_string}"},"query-input":{"@type":"PropertyValueSpecification","valueRequired":true,"valueName":"search_term_string"}}],"inLanguage":"pt-PT"}]}},"_links":{"self":[{"href":"https:\/\/www.guibutik.pt\/loja\/wp-json\/wp\/v2\/product\/33408","targetHints":{"allow":["GET"]}}],"collection":[{"href":"https:\/\/www.guibutik.pt\/loja\/wp-json\/wp\/v2\/product"}],"about":[{"href":"https:\/\/www.guibutik.pt\/loja\/wp-json\/wp\/v2\/types\/product"}],"replies":[{"embeddable":true,"href":"https:\/\/www.guibutik.pt\/loja\/wp-json\/wp\/v2\/comments?post=33408"}],"wp:featuredmedia":[{"embeddable":true,"href":"https:\/\/www.guibutik.pt\/loja\/wp-json\/wp\/v2\/media\/33420"}],"wp:attachment":[{"href":"https:\/\/www.guibutik.pt\/loja\/wp-json\/wp\/v2\/media?parent=33408"}],"wp:term":[{"taxonomy":"product_cat","embeddable":true,"href":"https:\/\/www.guibutik.pt\/loja\/wp-json\/wp\/v2\/product_cat?post=33408"},{"taxonomy":"product_tag","embeddable":true,"href":"https:\/\/www.guibutik.pt\/loja\/wp-json\/wp\/v2\/product_tag?post=33408"}],"curies":[{"name":"wp","href":"https:\/\/api.w.org\/{rel}","templated":true}]}}