{"id":32714,"date":"2021-10-25T10:51:43","date_gmt":"2021-10-25T09:51:43","guid":{"rendered":"https:\/\/www.guibutik.pt\/loja\/?post_type=product&#038;p=32714"},"modified":"2026-01-10T17:17:55","modified_gmt":"2026-01-10T16:17:55","slug":"calcas-timberland","status":"publish","type":"product","link":"https:\/\/www.guibutik.pt\/loja\/produto\/calcas-timberland\/","title":{"rendered":"Cal\u00e7as Timberland"},"content":{"rendered":"<p>A malha macia em algod\u00e3o e poli\u00e9ster faz com que as cal\u00e7as de treino Exeter River para homem sejam uma escolha confort\u00e1vel para descontrair ou fazer exerc\u00edcio. O c\u00f3s com cord\u00e3o el\u00e1stico ajuda a manter as tuas cal\u00e7as de treino no lugar sem apertar e permite o m\u00e1ximo conforto.<\/p>\n<p>Cuidados:<\/p>\n<ul class=\"grid list-disc gap-4 text-sm c-grey-20 cols-2\" title=\"Details and Care\" data-test-id=\"product-details-bulletin\">\n<li class=\"ml-5\">Lavar \u00e0 m\u00e1quina a frio<\/li>\n<li class=\"ml-5\">Secar na m\u00e1quina em programa lento<\/li>\n<li class=\"ml-5\">Engomar a frio, se necess\u00e1rio<\/li>\n<li class=\"ml-5\">N\u00e3o lavar a seco<\/li>\n<li class=\"ml-5\">Lavar e secar com as mesmas cores<\/li>\n<li class=\"ml-5\">N\u00e3o aplicar lix\u00edvia<\/li>\n<li class=\"ml-5\">Descri\u00e7\u00e3o do material: Malha<\/li>\n<li class=\"ml-5\">Composi\u00e7\u00e3o do tecido: 85% algod\u00e3o, 15% poli\u00e9ster<\/li>\n<li class=\"ml-5\">Peso: 320 g<\/li>\n<li class=\"ml-5\">Marca: Log\u00f3tipo da \u00e1rvore bordado<\/li>\n<li class=\"ml-5\">Escovado<\/li>\n<li class=\"ml-5\">Bolsos: Bolsos laterais<\/li>\n<li class=\"ml-5\">C\u00f3s el\u00e1stico com cord\u00e3o<\/li>\n<li class=\"ml-5\">Bainha canelada<\/li>\n<li class=\"ml-5\">Uma silhueta confort\u00e1vel para o dia a dia, com cintura m\u00e9dia, perna afunilada e punho canelado no tornozelo<\/li>\n<\/ul>\n","protected":false},"excerpt":{"rendered":"<p>Estas cal\u00e7as de treino para homem s\u00e3o confecionadas numa mistura de algod\u00e3o e poli\u00e9ster, que proporciona o conforto e a respirabilidade do algod\u00e3o e o acabamento bem definido do poli\u00e9ster. T\u00eam um estilo casual, cord\u00e3o ajust\u00e1vel na cintura e punhos canelados no tornozelo.<\/p>\n","protected":false},"featured_media":64411,"comment_status":"closed","ping_status":"closed","template":"","meta":[],"product_cat":[298,221],"product_tag":[492],"class_list":{"0":"post-32714","1":"product","2":"type-product","3":"status-publish","4":"has-post-thumbnail","6":"product_cat-calcas","7":"product_cat-homem","8":"product_tag-timberland","9":"ts_product_brand-timberland","11":"first","12":"instock","13":"shipping-taxable","14":"purchasable","15":"product-type-variable"},"yoast_head":"<!-- This site is optimized with the Yoast SEO plugin v27.5 - https:\/\/yoast.com\/product\/yoast-seo-wordpress\/ -->\n<title>Cal\u00e7as Timberland - Guibutik<\/title>\n<meta name=\"robots\" content=\"index, follow, max-snippet:-1, max-image-preview:large, max-video-preview:-1\" \/>\n<link rel=\"canonical\" href=\"https:\/\/www.guibutik.pt\/loja\/produto\/calcas-timberland\/\" \/>\n<meta property=\"og:locale\" content=\"pt_PT\" \/>\n<meta property=\"og:type\" content=\"article\" \/>\n<meta property=\"og:title\" content=\"Cal\u00e7as Timberland - Guibutik\" \/>\n<meta property=\"og:description\" content=\"Estas cal\u00e7as de treino para homem s\u00e3o confecionadas numa mistura de algod\u00e3o e poli\u00e9ster, que proporciona o conforto e a respirabilidade do algod\u00e3o e o acabamento bem definido do poli\u00e9ster. T\u00eam um estilo casual, cord\u00e3o ajust\u00e1vel na cintura e punhos canelados no tornozelo.\" \/>\n<meta property=\"og:url\" content=\"https:\/\/www.guibutik.pt\/loja\/produto\/calcas-timberland\/\" \/>\n<meta property=\"og:site_name\" content=\"Guibutik\" \/>\n<meta property=\"article:publisher\" content=\"https:\/\/www.facebook.com\/guibutik\/\" \/>\n<meta property=\"article:modified_time\" content=\"2026-01-10T16:17:55+00:00\" \/>\n<meta property=\"og:image\" content=\"https:\/\/www.guibutik.pt\/loja\/wp-content\/uploads\/2021\/10\/A2CN7-5.jpg\" \/>\n\t<meta property=\"og:image:width\" content=\"1300\" \/>\n\t<meta property=\"og:image:height\" content=\"1300\" \/>\n\t<meta property=\"og:image:type\" content=\"image\/jpeg\" \/>\n<meta name=\"twitter:card\" content=\"summary_large_image\" \/>\n<meta name=\"twitter:label1\" content=\"Tempo estimado de leitura\" \/>\n\t<meta name=\"twitter:data1\" content=\"1 minuto\" \/>\n<script type=\"application\/ld+json\" class=\"yoast-schema-graph\">{\"@context\":\"https:\\\/\\\/schema.org\",\"@graph\":[{\"@type\":\"WebPage\",\"@id\":\"https:\\\/\\\/www.guibutik.pt\\\/loja\\\/produto\\\/calcas-timberland\\\/\",\"url\":\"https:\\\/\\\/www.guibutik.pt\\\/loja\\\/produto\\\/calcas-timberland\\\/\",\"name\":\"Cal\u00e7as Timberland - Guibutik\",\"isPartOf\":{\"@id\":\"https:\\\/\\\/www.guibutik.pt\\\/loja\\\/#website\"},\"primaryImageOfPage\":{\"@id\":\"https:\\\/\\\/www.guibutik.pt\\\/loja\\\/produto\\\/calcas-timberland\\\/#primaryimage\"},\"image\":{\"@id\":\"https:\\\/\\\/www.guibutik.pt\\\/loja\\\/produto\\\/calcas-timberland\\\/#primaryimage\"},\"thumbnailUrl\":\"https:\\\/\\\/www.guibutik.pt\\\/loja\\\/wp-content\\\/uploads\\\/2021\\\/10\\\/A2CN7-5.jpg\",\"datePublished\":\"2021-10-25T09:51:43+00:00\",\"dateModified\":\"2026-01-10T16:17:55+00:00\",\"breadcrumb\":{\"@id\":\"https:\\\/\\\/www.guibutik.pt\\\/loja\\\/produto\\\/calcas-timberland\\\/#breadcrumb\"},\"inLanguage\":\"pt-PT\",\"potentialAction\":[{\"@type\":\"ReadAction\",\"target\":[\"https:\\\/\\\/www.guibutik.pt\\\/loja\\\/produto\\\/calcas-timberland\\\/\"]}]},{\"@type\":\"ImageObject\",\"inLanguage\":\"pt-PT\",\"@id\":\"https:\\\/\\\/www.guibutik.pt\\\/loja\\\/produto\\\/calcas-timberland\\\/#primaryimage\",\"url\":\"https:\\\/\\\/www.guibutik.pt\\\/loja\\\/wp-content\\\/uploads\\\/2021\\\/10\\\/A2CN7-5.jpg\",\"contentUrl\":\"https:\\\/\\\/www.guibutik.pt\\\/loja\\\/wp-content\\\/uploads\\\/2021\\\/10\\\/A2CN7-5.jpg\",\"width\":1300,\"height\":1300},{\"@type\":\"BreadcrumbList\",\"@id\":\"https:\\\/\\\/www.guibutik.pt\\\/loja\\\/produto\\\/calcas-timberland\\\/#breadcrumb\",\"itemListElement\":[{\"@type\":\"ListItem\",\"position\":1,\"name\":\"In\u00edcio\",\"item\":\"https:\\\/\\\/www.guibutik.pt\\\/loja\\\/\"},{\"@type\":\"ListItem\",\"position\":2,\"name\":\"Loja\",\"item\":\"https:\\\/\\\/www.guibutik.pt\\\/loja\\\/shop\\\/\"},{\"@type\":\"ListItem\",\"position\":3,\"name\":\"Cal\u00e7as Timberland\"}]},{\"@type\":\"WebSite\",\"@id\":\"https:\\\/\\\/www.guibutik.pt\\\/loja\\\/#website\",\"url\":\"https:\\\/\\\/www.guibutik.pt\\\/loja\\\/\",\"name\":\"Guibutik\",\"description\":\"Moda e Sapataria\",\"potentialAction\":[{\"@type\":\"SearchAction\",\"target\":{\"@type\":\"EntryPoint\",\"urlTemplate\":\"https:\\\/\\\/www.guibutik.pt\\\/loja\\\/?s={search_term_string}\"},\"query-input\":{\"@type\":\"PropertyValueSpecification\",\"valueRequired\":true,\"valueName\":\"search_term_string\"}}],\"inLanguage\":\"pt-PT\"}]}<\/script>\n<!-- \/ Yoast SEO plugin. -->","yoast_head_json":{"title":"Cal\u00e7as Timberland - Guibutik","robots":{"index":"index","follow":"follow","max-snippet":"max-snippet:-1","max-image-preview":"max-image-preview:large","max-video-preview":"max-video-preview:-1"},"canonical":"https:\/\/www.guibutik.pt\/loja\/produto\/calcas-timberland\/","og_locale":"pt_PT","og_type":"article","og_title":"Cal\u00e7as Timberland - Guibutik","og_description":"Estas cal\u00e7as de treino para homem s\u00e3o confecionadas numa mistura de algod\u00e3o e poli\u00e9ster, que proporciona o conforto e a respirabilidade do algod\u00e3o e o acabamento bem definido do poli\u00e9ster. T\u00eam um estilo casual, cord\u00e3o ajust\u00e1vel na cintura e punhos canelados no tornozelo.","og_url":"https:\/\/www.guibutik.pt\/loja\/produto\/calcas-timberland\/","og_site_name":"Guibutik","article_publisher":"https:\/\/www.facebook.com\/guibutik\/","article_modified_time":"2026-01-10T16:17:55+00:00","og_image":[{"width":1300,"height":1300,"url":"https:\/\/www.guibutik.pt\/loja\/wp-content\/uploads\/2021\/10\/A2CN7-5.jpg","type":"image\/jpeg"}],"twitter_card":"summary_large_image","twitter_misc":{"Tempo estimado de leitura":"1 minuto"},"schema":{"@context":"https:\/\/schema.org","@graph":[{"@type":"WebPage","@id":"https:\/\/www.guibutik.pt\/loja\/produto\/calcas-timberland\/","url":"https:\/\/www.guibutik.pt\/loja\/produto\/calcas-timberland\/","name":"Cal\u00e7as Timberland - Guibutik","isPartOf":{"@id":"https:\/\/www.guibutik.pt\/loja\/#website"},"primaryImageOfPage":{"@id":"https:\/\/www.guibutik.pt\/loja\/produto\/calcas-timberland\/#primaryimage"},"image":{"@id":"https:\/\/www.guibutik.pt\/loja\/produto\/calcas-timberland\/#primaryimage"},"thumbnailUrl":"https:\/\/www.guibutik.pt\/loja\/wp-content\/uploads\/2021\/10\/A2CN7-5.jpg","datePublished":"2021-10-25T09:51:43+00:00","dateModified":"2026-01-10T16:17:55+00:00","breadcrumb":{"@id":"https:\/\/www.guibutik.pt\/loja\/produto\/calcas-timberland\/#breadcrumb"},"inLanguage":"pt-PT","potentialAction":[{"@type":"ReadAction","target":["https:\/\/www.guibutik.pt\/loja\/produto\/calcas-timberland\/"]}]},{"@type":"ImageObject","inLanguage":"pt-PT","@id":"https:\/\/www.guibutik.pt\/loja\/produto\/calcas-timberland\/#primaryimage","url":"https:\/\/www.guibutik.pt\/loja\/wp-content\/uploads\/2021\/10\/A2CN7-5.jpg","contentUrl":"https:\/\/www.guibutik.pt\/loja\/wp-content\/uploads\/2021\/10\/A2CN7-5.jpg","width":1300,"height":1300},{"@type":"BreadcrumbList","@id":"https:\/\/www.guibutik.pt\/loja\/produto\/calcas-timberland\/#breadcrumb","itemListElement":[{"@type":"ListItem","position":1,"name":"In\u00edcio","item":"https:\/\/www.guibutik.pt\/loja\/"},{"@type":"ListItem","position":2,"name":"Loja","item":"https:\/\/www.guibutik.pt\/loja\/shop\/"},{"@type":"ListItem","position":3,"name":"Cal\u00e7as Timberland"}]},{"@type":"WebSite","@id":"https:\/\/www.guibutik.pt\/loja\/#website","url":"https:\/\/www.guibutik.pt\/loja\/","name":"Guibutik","description":"Moda e Sapataria","potentialAction":[{"@type":"SearchAction","target":{"@type":"EntryPoint","urlTemplate":"https:\/\/www.guibutik.pt\/loja\/?s={search_term_string}"},"query-input":{"@type":"PropertyValueSpecification","valueRequired":true,"valueName":"search_term_string"}}],"inLanguage":"pt-PT"}]}},"_links":{"self":[{"href":"https:\/\/www.guibutik.pt\/loja\/wp-json\/wp\/v2\/product\/32714","targetHints":{"allow":["GET"]}}],"collection":[{"href":"https:\/\/www.guibutik.pt\/loja\/wp-json\/wp\/v2\/product"}],"about":[{"href":"https:\/\/www.guibutik.pt\/loja\/wp-json\/wp\/v2\/types\/product"}],"replies":[{"embeddable":true,"href":"https:\/\/www.guibutik.pt\/loja\/wp-json\/wp\/v2\/comments?post=32714"}],"wp:featuredmedia":[{"embeddable":true,"href":"https:\/\/www.guibutik.pt\/loja\/wp-json\/wp\/v2\/media\/64411"}],"wp:attachment":[{"href":"https:\/\/www.guibutik.pt\/loja\/wp-json\/wp\/v2\/media?parent=32714"}],"wp:term":[{"taxonomy":"product_cat","embeddable":true,"href":"https:\/\/www.guibutik.pt\/loja\/wp-json\/wp\/v2\/product_cat?post=32714"},{"taxonomy":"product_tag","embeddable":true,"href":"https:\/\/www.guibutik.pt\/loja\/wp-json\/wp\/v2\/product_tag?post=32714"}],"curies":[{"name":"wp","href":"https:\/\/api.w.org\/{rel}","templated":true}]}}