{"id":27231,"date":"2023-03-17T12:29:57","date_gmt":"2023-03-17T11:29:57","guid":{"rendered":"https:\/\/www.guibutik.pt\/loja\/?post_type=product&#038;p=27231"},"modified":"2025-08-14T17:14:23","modified_gmt":"2025-08-14T16:14:23","slug":"calca-chino-timberland","status":"publish","type":"product","link":"https:\/\/www.guibutik.pt\/loja\/produto\/calca-chino-timberland\/","title":{"rendered":"Cal\u00e7a Chino Timberland"},"content":{"rendered":"<article class=\"drawer-description\">\n<div class=\"drawer-description-content product-details-container product-details-js\">\n<div id=\"drawer_description_content_additional_description\" class=\"drawer-description-content-list-js\" data-list-content=\"Tecido em 97% algod\u00e3o biol\u00f3gico e 3% elastano | Quatro bolsos, incluindo dois bolsos atr\u00e1s com bot\u00f5es | Etiqueta em pele com o log\u00f3tipo da \u00e1rvore Timberland\u00ae | Carcela pr\u00e1tica, com fecho de correr | Corte justo elegante\">\n<ul>\n<li>Tecido em 97% algod\u00e3o biol\u00f3gico e 3% elastano<\/li>\n<li>Quatro bolsos, incluindo dois bolsos atr\u00e1s com bot\u00f5es<\/li>\n<li>Etiqueta em pele com o log\u00f3tipo da \u00e1rvore Timberland\u00ae<\/li>\n<li>Carcela pr\u00e1tica, com fecho de correr<\/li>\n<li>Corte justo elegante<\/li>\n<\/ul>\n<\/div>\n<\/div>\n<\/article>\n<div id=\"drawer_description_main_feature\" class=\"drawer-description-main-feature\">\n<article class=\"drawer-description\">\n<div class=\"title\"><\/div>\n<p>Lavar \u00e0 m\u00e1quina a frio<\/p>\n<p>Lavar em separado<\/p>\n<p>Programa suave ou delicado<\/p>\n<p>Utilizar apenas lix\u00edvia sem cloro, se necess\u00e1rio.<\/p>\n<p>Secar na m\u00e1quina em programa lento<\/p>\n<p>Engomar a frio, se necess\u00e1rio<\/p>\n<p>N\u00e3o lavar a seco<\/p>\n<p>N\u00e3o passar a costura ou as decora\u00e7\u00f5es a ferro<\/p>\n<p>Fechar o fecho antes de lavar<\/p>\n<\/article>\n<\/div>\n","protected":false},"excerpt":{"rendered":"<p>Cal\u00e7as chino de corte justo para homem concebidas com um toque de elasticidade para conforto.<\/p>\n<p>Al\u00e9m disso, s\u00e3o confecionadas em 97% algod\u00e3o biol\u00f3gico cultivado sem produtos qu\u00edmicos ou pesticidas nocivos.<\/p>\n","protected":false},"featured_media":64466,"comment_status":"closed","ping_status":"closed","template":"","meta":[],"product_cat":[298,221,483],"product_tag":[492],"class_list":{"0":"post-27231","1":"product","2":"type-product","3":"status-publish","4":"has-post-thumbnail","6":"product_cat-calcas","7":"product_cat-homem","8":"product_cat-promocoes-homem","9":"product_tag-timberland","10":"ts_product_brand-timberland","12":"first","13":"instock","14":"sale","15":"shipping-taxable","16":"purchasable","17":"product-type-variable"},"yoast_head":"<!-- This site is optimized with the Yoast SEO plugin v27.5 - https:\/\/yoast.com\/product\/yoast-seo-wordpress\/ -->\n<title>Cal\u00e7a Chino Timberland - Guibutik<\/title>\n<meta name=\"robots\" content=\"index, follow, max-snippet:-1, max-image-preview:large, max-video-preview:-1\" \/>\n<link rel=\"canonical\" href=\"https:\/\/www.guibutik.pt\/loja\/produto\/calca-chino-timberland\/\" \/>\n<meta property=\"og:locale\" content=\"pt_PT\" \/>\n<meta property=\"og:type\" content=\"article\" \/>\n<meta property=\"og:title\" content=\"Cal\u00e7a Chino Timberland - Guibutik\" \/>\n<meta property=\"og:description\" content=\"Cal\u00e7as chino de corte justo para homem concebidas com um toque de elasticidade para conforto.  Al\u00e9m disso, s\u00e3o confecionadas em 97% algod\u00e3o biol\u00f3gico cultivado sem produtos qu\u00edmicos ou pesticidas nocivos.\" \/>\n<meta property=\"og:url\" content=\"https:\/\/www.guibutik.pt\/loja\/produto\/calca-chino-timberland\/\" \/>\n<meta property=\"og:site_name\" content=\"Guibutik\" \/>\n<meta property=\"article:publisher\" content=\"https:\/\/www.facebook.com\/guibutik\/\" \/>\n<meta property=\"article:modified_time\" content=\"2025-08-14T16:14:23+00:00\" \/>\n<meta property=\"og:image\" content=\"https:\/\/www.guibutik.pt\/loja\/wp-content\/uploads\/2023\/03\/A2BYY433-hero.jpg\" \/>\n\t<meta property=\"og:image:width\" content=\"720\" \/>\n\t<meta property=\"og:image:height\" content=\"720\" \/>\n\t<meta property=\"og:image:type\" content=\"image\/jpeg\" \/>\n<meta name=\"twitter:card\" content=\"summary_large_image\" \/>\n<meta name=\"twitter:label1\" content=\"Tempo estimado de leitura\" \/>\n\t<meta name=\"twitter:data1\" content=\"1 minuto\" \/>\n<script type=\"application\/ld+json\" class=\"yoast-schema-graph\">{\"@context\":\"https:\\\/\\\/schema.org\",\"@graph\":[{\"@type\":\"WebPage\",\"@id\":\"https:\\\/\\\/www.guibutik.pt\\\/loja\\\/produto\\\/calca-chino-timberland\\\/\",\"url\":\"https:\\\/\\\/www.guibutik.pt\\\/loja\\\/produto\\\/calca-chino-timberland\\\/\",\"name\":\"Cal\u00e7a Chino Timberland - Guibutik\",\"isPartOf\":{\"@id\":\"https:\\\/\\\/www.guibutik.pt\\\/loja\\\/#website\"},\"primaryImageOfPage\":{\"@id\":\"https:\\\/\\\/www.guibutik.pt\\\/loja\\\/produto\\\/calca-chino-timberland\\\/#primaryimage\"},\"image\":{\"@id\":\"https:\\\/\\\/www.guibutik.pt\\\/loja\\\/produto\\\/calca-chino-timberland\\\/#primaryimage\"},\"thumbnailUrl\":\"https:\\\/\\\/www.guibutik.pt\\\/loja\\\/wp-content\\\/uploads\\\/2023\\\/03\\\/A2BYY433-hero.jpg\",\"datePublished\":\"2023-03-17T11:29:57+00:00\",\"dateModified\":\"2025-08-14T16:14:23+00:00\",\"breadcrumb\":{\"@id\":\"https:\\\/\\\/www.guibutik.pt\\\/loja\\\/produto\\\/calca-chino-timberland\\\/#breadcrumb\"},\"inLanguage\":\"pt-PT\",\"potentialAction\":[{\"@type\":\"ReadAction\",\"target\":[\"https:\\\/\\\/www.guibutik.pt\\\/loja\\\/produto\\\/calca-chino-timberland\\\/\"]}]},{\"@type\":\"ImageObject\",\"inLanguage\":\"pt-PT\",\"@id\":\"https:\\\/\\\/www.guibutik.pt\\\/loja\\\/produto\\\/calca-chino-timberland\\\/#primaryimage\",\"url\":\"https:\\\/\\\/www.guibutik.pt\\\/loja\\\/wp-content\\\/uploads\\\/2023\\\/03\\\/A2BYY433-hero.jpg\",\"contentUrl\":\"https:\\\/\\\/www.guibutik.pt\\\/loja\\\/wp-content\\\/uploads\\\/2023\\\/03\\\/A2BYY433-hero.jpg\",\"width\":720,\"height\":720},{\"@type\":\"BreadcrumbList\",\"@id\":\"https:\\\/\\\/www.guibutik.pt\\\/loja\\\/produto\\\/calca-chino-timberland\\\/#breadcrumb\",\"itemListElement\":[{\"@type\":\"ListItem\",\"position\":1,\"name\":\"In\u00edcio\",\"item\":\"https:\\\/\\\/www.guibutik.pt\\\/loja\\\/\"},{\"@type\":\"ListItem\",\"position\":2,\"name\":\"Loja\",\"item\":\"https:\\\/\\\/www.guibutik.pt\\\/loja\\\/shop\\\/\"},{\"@type\":\"ListItem\",\"position\":3,\"name\":\"Cal\u00e7a Chino Timberland\"}]},{\"@type\":\"WebSite\",\"@id\":\"https:\\\/\\\/www.guibutik.pt\\\/loja\\\/#website\",\"url\":\"https:\\\/\\\/www.guibutik.pt\\\/loja\\\/\",\"name\":\"Guibutik\",\"description\":\"Moda e Sapataria\",\"potentialAction\":[{\"@type\":\"SearchAction\",\"target\":{\"@type\":\"EntryPoint\",\"urlTemplate\":\"https:\\\/\\\/www.guibutik.pt\\\/loja\\\/?s={search_term_string}\"},\"query-input\":{\"@type\":\"PropertyValueSpecification\",\"valueRequired\":true,\"valueName\":\"search_term_string\"}}],\"inLanguage\":\"pt-PT\"}]}<\/script>\n<!-- \/ Yoast SEO plugin. -->","yoast_head_json":{"title":"Cal\u00e7a Chino Timberland - Guibutik","robots":{"index":"index","follow":"follow","max-snippet":"max-snippet:-1","max-image-preview":"max-image-preview:large","max-video-preview":"max-video-preview:-1"},"canonical":"https:\/\/www.guibutik.pt\/loja\/produto\/calca-chino-timberland\/","og_locale":"pt_PT","og_type":"article","og_title":"Cal\u00e7a Chino Timberland - Guibutik","og_description":"Cal\u00e7as chino de corte justo para homem concebidas com um toque de elasticidade para conforto.  Al\u00e9m disso, s\u00e3o confecionadas em 97% algod\u00e3o biol\u00f3gico cultivado sem produtos qu\u00edmicos ou pesticidas nocivos.","og_url":"https:\/\/www.guibutik.pt\/loja\/produto\/calca-chino-timberland\/","og_site_name":"Guibutik","article_publisher":"https:\/\/www.facebook.com\/guibutik\/","article_modified_time":"2025-08-14T16:14:23+00:00","og_image":[{"width":720,"height":720,"url":"https:\/\/www.guibutik.pt\/loja\/wp-content\/uploads\/2023\/03\/A2BYY433-hero.jpg","type":"image\/jpeg"}],"twitter_card":"summary_large_image","twitter_misc":{"Tempo estimado de leitura":"1 minuto"},"schema":{"@context":"https:\/\/schema.org","@graph":[{"@type":"WebPage","@id":"https:\/\/www.guibutik.pt\/loja\/produto\/calca-chino-timberland\/","url":"https:\/\/www.guibutik.pt\/loja\/produto\/calca-chino-timberland\/","name":"Cal\u00e7a Chino Timberland - Guibutik","isPartOf":{"@id":"https:\/\/www.guibutik.pt\/loja\/#website"},"primaryImageOfPage":{"@id":"https:\/\/www.guibutik.pt\/loja\/produto\/calca-chino-timberland\/#primaryimage"},"image":{"@id":"https:\/\/www.guibutik.pt\/loja\/produto\/calca-chino-timberland\/#primaryimage"},"thumbnailUrl":"https:\/\/www.guibutik.pt\/loja\/wp-content\/uploads\/2023\/03\/A2BYY433-hero.jpg","datePublished":"2023-03-17T11:29:57+00:00","dateModified":"2025-08-14T16:14:23+00:00","breadcrumb":{"@id":"https:\/\/www.guibutik.pt\/loja\/produto\/calca-chino-timberland\/#breadcrumb"},"inLanguage":"pt-PT","potentialAction":[{"@type":"ReadAction","target":["https:\/\/www.guibutik.pt\/loja\/produto\/calca-chino-timberland\/"]}]},{"@type":"ImageObject","inLanguage":"pt-PT","@id":"https:\/\/www.guibutik.pt\/loja\/produto\/calca-chino-timberland\/#primaryimage","url":"https:\/\/www.guibutik.pt\/loja\/wp-content\/uploads\/2023\/03\/A2BYY433-hero.jpg","contentUrl":"https:\/\/www.guibutik.pt\/loja\/wp-content\/uploads\/2023\/03\/A2BYY433-hero.jpg","width":720,"height":720},{"@type":"BreadcrumbList","@id":"https:\/\/www.guibutik.pt\/loja\/produto\/calca-chino-timberland\/#breadcrumb","itemListElement":[{"@type":"ListItem","position":1,"name":"In\u00edcio","item":"https:\/\/www.guibutik.pt\/loja\/"},{"@type":"ListItem","position":2,"name":"Loja","item":"https:\/\/www.guibutik.pt\/loja\/shop\/"},{"@type":"ListItem","position":3,"name":"Cal\u00e7a Chino Timberland"}]},{"@type":"WebSite","@id":"https:\/\/www.guibutik.pt\/loja\/#website","url":"https:\/\/www.guibutik.pt\/loja\/","name":"Guibutik","description":"Moda e Sapataria","potentialAction":[{"@type":"SearchAction","target":{"@type":"EntryPoint","urlTemplate":"https:\/\/www.guibutik.pt\/loja\/?s={search_term_string}"},"query-input":{"@type":"PropertyValueSpecification","valueRequired":true,"valueName":"search_term_string"}}],"inLanguage":"pt-PT"}]}},"_links":{"self":[{"href":"https:\/\/www.guibutik.pt\/loja\/wp-json\/wp\/v2\/product\/27231","targetHints":{"allow":["GET"]}}],"collection":[{"href":"https:\/\/www.guibutik.pt\/loja\/wp-json\/wp\/v2\/product"}],"about":[{"href":"https:\/\/www.guibutik.pt\/loja\/wp-json\/wp\/v2\/types\/product"}],"replies":[{"embeddable":true,"href":"https:\/\/www.guibutik.pt\/loja\/wp-json\/wp\/v2\/comments?post=27231"}],"wp:featuredmedia":[{"embeddable":true,"href":"https:\/\/www.guibutik.pt\/loja\/wp-json\/wp\/v2\/media\/64466"}],"wp:attachment":[{"href":"https:\/\/www.guibutik.pt\/loja\/wp-json\/wp\/v2\/media?parent=27231"}],"wp:term":[{"taxonomy":"product_cat","embeddable":true,"href":"https:\/\/www.guibutik.pt\/loja\/wp-json\/wp\/v2\/product_cat?post=27231"},{"taxonomy":"product_tag","embeddable":true,"href":"https:\/\/www.guibutik.pt\/loja\/wp-json\/wp\/v2\/product_tag?post=27231"}],"curies":[{"name":"wp","href":"https:\/\/api.w.org\/{rel}","templated":true}]}}