{"id":26236,"date":"2021-04-28T12:38:13","date_gmt":"2021-04-28T11:38:13","guid":{"rendered":"https:\/\/www.guibutik.pt\/loja\/?post_type=product&#038;p=26236"},"modified":"2025-01-04T18:03:21","modified_gmt":"2025-01-04T17:03:21","slug":"sapatilha-timberland-10","status":"publish","type":"product","link":"https:\/\/www.guibutik.pt\/loja\/produto\/sapatilha-timberland-10\/","title":{"rendered":"Sapatilha Timberland"},"content":{"rendered":"<p>Material: T\u00eaxtil<\/p>\n<p>Recomendamos o tamanho habitual.<\/p>\n<p><strong>Material:<\/strong><\/p>\n<p>-Malha respir\u00e1vel muito suave e male\u00e1vel.<\/p>\n<p>-Tiras de material sint\u00e9tico liso nas laterais.<\/p>\n<p>-Refor\u00e7o de pele lisa e resistente na zona do calcanhar.<\/p>\n<p>-Ilh\u00f3s de tecido.<\/p>\n<p>-Atacadores redondos de algod\u00e3o.<\/p>\n<p><strong>Cor:<\/strong><\/p>\n<p>-Malha e ilh\u00f3s em azul marinho.<\/p>\n<p>-Tiras de material sint\u00e9tico em azul escuro.<\/p>\n<p>-Refor\u00e7o de pele em castanho claro.<\/p>\n<p>-Atacadores tamb\u00e9m em azul marinho, com pequenos pontos em cinzento claro.<\/p>\n<p><strong>Interior:<\/strong><\/p>\n<p>-Forrado com tecido aconchegador em azul marinho, com refor\u00e7o de camur\u00e7a no calcanhar.<\/p>\n<p>-Palmilha remov\u00edvel e almofadada, forrada com tecido cinzento e com tecnologia Aerocore.<\/p>\n<p><strong>Sola:<\/strong><\/p>\n<p>-Entressola super leve e amortecedora de espuma EVA branca.<\/p>\n<p>-Sola de borracha em tons de cinzento e azul marinho, com relevos para maior ader\u00eancia.<\/p>\n","protected":false},"excerpt":{"rendered":"<p>Material: T\u00eaxtil Recomendamos o tamanho habitual. Material: -Malha respir\u00e1vel muito suave e male\u00e1vel. -Tiras de material sint\u00e9tico liso nas laterais. -Refor\u00e7o de pele lisa e resistente na zona do calcanhar. -Ilh\u00f3s de tecido. -Atacadores redondos de algod\u00e3o. Cor: -Malha e ilh\u00f3s em azul marinho. -Tiras de material sint\u00e9tico em azul escuro. -Refor\u00e7o de pele em [&hellip;]<\/p>\n","protected":false},"featured_media":26239,"comment_status":"closed","ping_status":"closed","template":"","meta":[],"product_cat":[231,221,483],"product_tag":[],"class_list":{"0":"post-26236","1":"product","2":"type-product","3":"status-publish","4":"has-post-thumbnail","6":"product_cat-calcado-homem","7":"product_cat-homem","8":"product_cat-promocoes-homem","9":"ts_product_brand-timberland","11":"first","12":"instock","13":"sale","14":"shipping-taxable","15":"purchasable","16":"product-type-variable"},"yoast_head":"<!-- This site is optimized with the Yoast SEO plugin v27.5 - https:\/\/yoast.com\/product\/yoast-seo-wordpress\/ -->\n<title>Sapatilha Timberland - Guibutik<\/title>\n<meta name=\"robots\" content=\"index, follow, max-snippet:-1, max-image-preview:large, max-video-preview:-1\" \/>\n<link rel=\"canonical\" href=\"https:\/\/www.guibutik.pt\/loja\/produto\/sapatilha-timberland-10\/\" \/>\n<meta property=\"og:locale\" content=\"pt_PT\" \/>\n<meta property=\"og:type\" content=\"article\" \/>\n<meta property=\"og:title\" content=\"Sapatilha Timberland - Guibutik\" \/>\n<meta property=\"og:description\" content=\"Material: T\u00eaxtil Recomendamos o tamanho habitual. Material: -Malha respir\u00e1vel muito suave e male\u00e1vel. -Tiras de material sint\u00e9tico liso nas laterais. -Refor\u00e7o de pele lisa e resistente na zona do calcanhar. -Ilh\u00f3s de tecido. -Atacadores redondos de algod\u00e3o. Cor: -Malha e ilh\u00f3s em azul marinho. -Tiras de material sint\u00e9tico em azul escuro. -Refor\u00e7o de pele em [&hellip;]\" \/>\n<meta property=\"og:url\" content=\"https:\/\/www.guibutik.pt\/loja\/produto\/sapatilha-timberland-10\/\" \/>\n<meta property=\"og:site_name\" content=\"Guibutik\" \/>\n<meta property=\"article:publisher\" content=\"https:\/\/www.facebook.com\/guibutik\/\" \/>\n<meta property=\"article:modified_time\" content=\"2025-01-04T17:03:21+00:00\" \/>\n<meta property=\"og:image\" content=\"https:\/\/www.guibutik.pt\/loja\/wp-content\/uploads\/2021\/04\/c8033d3b-22f2-406c-a72f-a0fc39006c59.jpg\" \/>\n\t<meta property=\"og:image:width\" content=\"1600\" \/>\n\t<meta property=\"og:image:height\" content=\"1100\" \/>\n\t<meta property=\"og:image:type\" content=\"image\/jpeg\" \/>\n<meta name=\"twitter:card\" content=\"summary_large_image\" \/>\n<meta name=\"twitter:label1\" content=\"Tempo estimado de leitura\" \/>\n\t<meta name=\"twitter:data1\" content=\"1 minuto\" \/>\n<script type=\"application\/ld+json\" class=\"yoast-schema-graph\">{\"@context\":\"https:\\\/\\\/schema.org\",\"@graph\":[{\"@type\":\"WebPage\",\"@id\":\"https:\\\/\\\/www.guibutik.pt\\\/loja\\\/produto\\\/sapatilha-timberland-10\\\/\",\"url\":\"https:\\\/\\\/www.guibutik.pt\\\/loja\\\/produto\\\/sapatilha-timberland-10\\\/\",\"name\":\"Sapatilha Timberland - Guibutik\",\"isPartOf\":{\"@id\":\"https:\\\/\\\/www.guibutik.pt\\\/loja\\\/#website\"},\"primaryImageOfPage\":{\"@id\":\"https:\\\/\\\/www.guibutik.pt\\\/loja\\\/produto\\\/sapatilha-timberland-10\\\/#primaryimage\"},\"image\":{\"@id\":\"https:\\\/\\\/www.guibutik.pt\\\/loja\\\/produto\\\/sapatilha-timberland-10\\\/#primaryimage\"},\"thumbnailUrl\":\"https:\\\/\\\/www.guibutik.pt\\\/loja\\\/wp-content\\\/uploads\\\/2021\\\/04\\\/c8033d3b-22f2-406c-a72f-a0fc39006c59.jpg\",\"datePublished\":\"2021-04-28T11:38:13+00:00\",\"dateModified\":\"2025-01-04T17:03:21+00:00\",\"breadcrumb\":{\"@id\":\"https:\\\/\\\/www.guibutik.pt\\\/loja\\\/produto\\\/sapatilha-timberland-10\\\/#breadcrumb\"},\"inLanguage\":\"pt-PT\",\"potentialAction\":[{\"@type\":\"ReadAction\",\"target\":[\"https:\\\/\\\/www.guibutik.pt\\\/loja\\\/produto\\\/sapatilha-timberland-10\\\/\"]}]},{\"@type\":\"ImageObject\",\"inLanguage\":\"pt-PT\",\"@id\":\"https:\\\/\\\/www.guibutik.pt\\\/loja\\\/produto\\\/sapatilha-timberland-10\\\/#primaryimage\",\"url\":\"https:\\\/\\\/www.guibutik.pt\\\/loja\\\/wp-content\\\/uploads\\\/2021\\\/04\\\/c8033d3b-22f2-406c-a72f-a0fc39006c59.jpg\",\"contentUrl\":\"https:\\\/\\\/www.guibutik.pt\\\/loja\\\/wp-content\\\/uploads\\\/2021\\\/04\\\/c8033d3b-22f2-406c-a72f-a0fc39006c59.jpg\",\"width\":1600,\"height\":1100},{\"@type\":\"BreadcrumbList\",\"@id\":\"https:\\\/\\\/www.guibutik.pt\\\/loja\\\/produto\\\/sapatilha-timberland-10\\\/#breadcrumb\",\"itemListElement\":[{\"@type\":\"ListItem\",\"position\":1,\"name\":\"In\u00edcio\",\"item\":\"https:\\\/\\\/www.guibutik.pt\\\/loja\\\/\"},{\"@type\":\"ListItem\",\"position\":2,\"name\":\"Loja\",\"item\":\"https:\\\/\\\/www.guibutik.pt\\\/loja\\\/shop\\\/\"},{\"@type\":\"ListItem\",\"position\":3,\"name\":\"Sapatilha Timberland\"}]},{\"@type\":\"WebSite\",\"@id\":\"https:\\\/\\\/www.guibutik.pt\\\/loja\\\/#website\",\"url\":\"https:\\\/\\\/www.guibutik.pt\\\/loja\\\/\",\"name\":\"Guibutik\",\"description\":\"Moda e Sapataria\",\"potentialAction\":[{\"@type\":\"SearchAction\",\"target\":{\"@type\":\"EntryPoint\",\"urlTemplate\":\"https:\\\/\\\/www.guibutik.pt\\\/loja\\\/?s={search_term_string}\"},\"query-input\":{\"@type\":\"PropertyValueSpecification\",\"valueRequired\":true,\"valueName\":\"search_term_string\"}}],\"inLanguage\":\"pt-PT\"}]}<\/script>\n<!-- \/ Yoast SEO plugin. -->","yoast_head_json":{"title":"Sapatilha Timberland - Guibutik","robots":{"index":"index","follow":"follow","max-snippet":"max-snippet:-1","max-image-preview":"max-image-preview:large","max-video-preview":"max-video-preview:-1"},"canonical":"https:\/\/www.guibutik.pt\/loja\/produto\/sapatilha-timberland-10\/","og_locale":"pt_PT","og_type":"article","og_title":"Sapatilha Timberland - Guibutik","og_description":"Material: T\u00eaxtil Recomendamos o tamanho habitual. Material: -Malha respir\u00e1vel muito suave e male\u00e1vel. -Tiras de material sint\u00e9tico liso nas laterais. -Refor\u00e7o de pele lisa e resistente na zona do calcanhar. -Ilh\u00f3s de tecido. -Atacadores redondos de algod\u00e3o. Cor: -Malha e ilh\u00f3s em azul marinho. -Tiras de material sint\u00e9tico em azul escuro. -Refor\u00e7o de pele em [&hellip;]","og_url":"https:\/\/www.guibutik.pt\/loja\/produto\/sapatilha-timberland-10\/","og_site_name":"Guibutik","article_publisher":"https:\/\/www.facebook.com\/guibutik\/","article_modified_time":"2025-01-04T17:03:21+00:00","og_image":[{"width":1600,"height":1100,"url":"https:\/\/www.guibutik.pt\/loja\/wp-content\/uploads\/2021\/04\/c8033d3b-22f2-406c-a72f-a0fc39006c59.jpg","type":"image\/jpeg"}],"twitter_card":"summary_large_image","twitter_misc":{"Tempo estimado de leitura":"1 minuto"},"schema":{"@context":"https:\/\/schema.org","@graph":[{"@type":"WebPage","@id":"https:\/\/www.guibutik.pt\/loja\/produto\/sapatilha-timberland-10\/","url":"https:\/\/www.guibutik.pt\/loja\/produto\/sapatilha-timberland-10\/","name":"Sapatilha Timberland - Guibutik","isPartOf":{"@id":"https:\/\/www.guibutik.pt\/loja\/#website"},"primaryImageOfPage":{"@id":"https:\/\/www.guibutik.pt\/loja\/produto\/sapatilha-timberland-10\/#primaryimage"},"image":{"@id":"https:\/\/www.guibutik.pt\/loja\/produto\/sapatilha-timberland-10\/#primaryimage"},"thumbnailUrl":"https:\/\/www.guibutik.pt\/loja\/wp-content\/uploads\/2021\/04\/c8033d3b-22f2-406c-a72f-a0fc39006c59.jpg","datePublished":"2021-04-28T11:38:13+00:00","dateModified":"2025-01-04T17:03:21+00:00","breadcrumb":{"@id":"https:\/\/www.guibutik.pt\/loja\/produto\/sapatilha-timberland-10\/#breadcrumb"},"inLanguage":"pt-PT","potentialAction":[{"@type":"ReadAction","target":["https:\/\/www.guibutik.pt\/loja\/produto\/sapatilha-timberland-10\/"]}]},{"@type":"ImageObject","inLanguage":"pt-PT","@id":"https:\/\/www.guibutik.pt\/loja\/produto\/sapatilha-timberland-10\/#primaryimage","url":"https:\/\/www.guibutik.pt\/loja\/wp-content\/uploads\/2021\/04\/c8033d3b-22f2-406c-a72f-a0fc39006c59.jpg","contentUrl":"https:\/\/www.guibutik.pt\/loja\/wp-content\/uploads\/2021\/04\/c8033d3b-22f2-406c-a72f-a0fc39006c59.jpg","width":1600,"height":1100},{"@type":"BreadcrumbList","@id":"https:\/\/www.guibutik.pt\/loja\/produto\/sapatilha-timberland-10\/#breadcrumb","itemListElement":[{"@type":"ListItem","position":1,"name":"In\u00edcio","item":"https:\/\/www.guibutik.pt\/loja\/"},{"@type":"ListItem","position":2,"name":"Loja","item":"https:\/\/www.guibutik.pt\/loja\/shop\/"},{"@type":"ListItem","position":3,"name":"Sapatilha Timberland"}]},{"@type":"WebSite","@id":"https:\/\/www.guibutik.pt\/loja\/#website","url":"https:\/\/www.guibutik.pt\/loja\/","name":"Guibutik","description":"Moda e Sapataria","potentialAction":[{"@type":"SearchAction","target":{"@type":"EntryPoint","urlTemplate":"https:\/\/www.guibutik.pt\/loja\/?s={search_term_string}"},"query-input":{"@type":"PropertyValueSpecification","valueRequired":true,"valueName":"search_term_string"}}],"inLanguage":"pt-PT"}]}},"_links":{"self":[{"href":"https:\/\/www.guibutik.pt\/loja\/wp-json\/wp\/v2\/product\/26236","targetHints":{"allow":["GET"]}}],"collection":[{"href":"https:\/\/www.guibutik.pt\/loja\/wp-json\/wp\/v2\/product"}],"about":[{"href":"https:\/\/www.guibutik.pt\/loja\/wp-json\/wp\/v2\/types\/product"}],"replies":[{"embeddable":true,"href":"https:\/\/www.guibutik.pt\/loja\/wp-json\/wp\/v2\/comments?post=26236"}],"wp:featuredmedia":[{"embeddable":true,"href":"https:\/\/www.guibutik.pt\/loja\/wp-json\/wp\/v2\/media\/26239"}],"wp:attachment":[{"href":"https:\/\/www.guibutik.pt\/loja\/wp-json\/wp\/v2\/media?parent=26236"}],"wp:term":[{"taxonomy":"product_cat","embeddable":true,"href":"https:\/\/www.guibutik.pt\/loja\/wp-json\/wp\/v2\/product_cat?post=26236"},{"taxonomy":"product_tag","embeddable":true,"href":"https:\/\/www.guibutik.pt\/loja\/wp-json\/wp\/v2\/product_tag?post=26236"}],"curies":[{"name":"wp","href":"https:\/\/api.w.org\/{rel}","templated":true}]}}