{"id":25116,"date":"2021-04-13T16:08:18","date_gmt":"2021-04-13T15:08:18","guid":{"rendered":"https:\/\/www.guibutik.pt\/loja\/?post_type=product&#038;p=25116"},"modified":"2026-03-06T10:54:14","modified_gmt":"2026-03-06T09:54:14","slug":"sandalia-kaytan-geox-4","status":"publish","type":"product","link":"https:\/\/www.guibutik.pt\/loja\/produto\/sandalia-kaytan-geox-4\/","title":{"rendered":"Sand\u00e1lia Kaytan Geox"},"content":{"rendered":"<div class=\"custom-field feat-wrap\">\n<div class=\"custom-field__icon-label-content\">\n<div class=\"label-content\">\n<p class=\"content\">Superior: 100% couro, forro: 100% couro<\/p>\n<\/div>\n<\/div>\n<\/div>\n<div class=\"custom-field feat-wrap\">\n<div class=\"custom-field__icon-label-content\">\n<div class=\"label-content\">\n<p class=\"content\">Sola: 100% material sint\u00e9tico, palmilha: 100% couro<\/p>\n<\/div>\n<ul>\n<li>A sola respir\u00e1vel possui sistema patenteado da Geox que garante o bem-estar dos p\u00e9s.<\/li>\n<li>A sola de borracha oferece excelente ader\u00eancia e durabilidade.<\/li>\n<li>Protetores de dedo e calcanhar fornecem prote\u00e7\u00e3o contra batidas e impactos.<\/li>\n<li>A palmilha \u00e9 remov\u00edvel para higiene e praticidade.<\/li>\n<li>A palmilha foi forrada com couro n\u00e3o t\u00f3xico e livre de cromo para manter o p\u00e9 sempre seco e confort\u00e1vel.<\/li>\n<li>O fecho de tira de velcro \u00fanico e la\u00e7o el\u00e1stico facilitam o deslizamento e o ajuste.<\/li>\n<li>O sistema de amortecimento suave integrado ao piso oferece amortecimento ideal, protegendo o p\u00e9 de solavancos e impactos.<\/li>\n<li>O piso com Flexy System integrado oferece excelente flexibilidade.<\/li>\n<li>O suporte Stabyx fornece estabilidade ao tornozelo.<\/li>\n<\/ul>\n<\/div>\n<\/div>\n","protected":false},"excerpt":{"rendered":"<p>Sand\u00e1lia de primeiros passos confort\u00e1vel e respir\u00e1vel com cano em couro.<\/p>\n<p>A parceira ideal para crian\u00e7as que aprendem a andar, Kaytan \u00e9 uma sand\u00e1lia fechada que se destaca por seus materiais de alta qualidade, design confort\u00e1vel e est\u00e9tica moderna.<\/p>\n","protected":false},"featured_media":25124,"comment_status":"closed","ping_status":"closed","template":"","meta":[],"product_cat":[295,267,235,554],"product_tag":[],"class_list":{"0":"post-25116","1":"product","2":"type-product","3":"status-publish","4":"has-post-thumbnail","6":"product_cat-calcado-rapaz","7":"product_cat-crianca","8":"product_cat-rapaz","9":"product_cat-sandalia-calcado-rapaz","10":"ts_product_brand-geox","12":"first","13":"instock","14":"shipping-taxable","15":"purchasable","16":"product-type-variable"},"yoast_head":"<!-- This site is optimized with the Yoast SEO plugin v27.3 - https:\/\/yoast.com\/product\/yoast-seo-wordpress\/ -->\n<title>Sand\u00e1lia Kaytan Geox - Guibutik<\/title>\n<meta name=\"robots\" content=\"index, follow, max-snippet:-1, max-image-preview:large, max-video-preview:-1\" \/>\n<link rel=\"canonical\" href=\"https:\/\/www.guibutik.pt\/loja\/produto\/sandalia-kaytan-geox-4\/\" \/>\n<meta property=\"og:locale\" content=\"pt_PT\" \/>\n<meta property=\"og:type\" content=\"article\" \/>\n<meta property=\"og:title\" content=\"Sand\u00e1lia Kaytan Geox - Guibutik\" \/>\n<meta property=\"og:description\" content=\"Sand\u00e1lia de primeiros passos confort\u00e1vel e respir\u00e1vel com cano em couro.  A parceira ideal para crian\u00e7as que aprendem a andar, Kaytan \u00e9 uma sand\u00e1lia fechada que se destaca por seus materiais de alta qualidade, design confort\u00e1vel e est\u00e9tica moderna.\" \/>\n<meta property=\"og:url\" content=\"https:\/\/www.guibutik.pt\/loja\/produto\/sandalia-kaytan-geox-4\/\" \/>\n<meta property=\"og:site_name\" content=\"Guibutik\" \/>\n<meta property=\"article:publisher\" content=\"https:\/\/www.facebook.com\/guibutik\/\" \/>\n<meta property=\"article:modified_time\" content=\"2026-03-06T09:54:14+00:00\" \/>\n<meta property=\"og:image\" content=\"https:\/\/www.guibutik.pt\/loja\/wp-content\/uploads\/2021\/04\/2000061-geox-b1550a-0cl22-kaytan-b.-a-navy.jpg\" \/>\n\t<meta property=\"og:image:width\" content=\"800\" \/>\n\t<meta property=\"og:image:height\" content=\"800\" \/>\n\t<meta property=\"og:image:type\" content=\"image\/jpeg\" \/>\n<meta name=\"twitter:card\" content=\"summary_large_image\" \/>\n<meta name=\"twitter:label1\" content=\"Tempo estimado de leitura\" \/>\n\t<meta name=\"twitter:data1\" content=\"1 minuto\" \/>\n<script type=\"application\/ld+json\" class=\"yoast-schema-graph\">{\"@context\":\"https:\\\/\\\/schema.org\",\"@graph\":[{\"@type\":\"WebPage\",\"@id\":\"https:\\\/\\\/www.guibutik.pt\\\/loja\\\/produto\\\/sandalia-kaytan-geox-4\\\/\",\"url\":\"https:\\\/\\\/www.guibutik.pt\\\/loja\\\/produto\\\/sandalia-kaytan-geox-4\\\/\",\"name\":\"Sand\u00e1lia Kaytan Geox - Guibutik\",\"isPartOf\":{\"@id\":\"https:\\\/\\\/www.guibutik.pt\\\/loja\\\/#website\"},\"primaryImageOfPage\":{\"@id\":\"https:\\\/\\\/www.guibutik.pt\\\/loja\\\/produto\\\/sandalia-kaytan-geox-4\\\/#primaryimage\"},\"image\":{\"@id\":\"https:\\\/\\\/www.guibutik.pt\\\/loja\\\/produto\\\/sandalia-kaytan-geox-4\\\/#primaryimage\"},\"thumbnailUrl\":\"https:\\\/\\\/www.guibutik.pt\\\/loja\\\/wp-content\\\/uploads\\\/2021\\\/04\\\/2000061-geox-b1550a-0cl22-kaytan-b.-a-navy.jpg\",\"datePublished\":\"2021-04-13T15:08:18+00:00\",\"dateModified\":\"2026-03-06T09:54:14+00:00\",\"breadcrumb\":{\"@id\":\"https:\\\/\\\/www.guibutik.pt\\\/loja\\\/produto\\\/sandalia-kaytan-geox-4\\\/#breadcrumb\"},\"inLanguage\":\"pt-PT\",\"potentialAction\":[{\"@type\":\"ReadAction\",\"target\":[\"https:\\\/\\\/www.guibutik.pt\\\/loja\\\/produto\\\/sandalia-kaytan-geox-4\\\/\"]}]},{\"@type\":\"ImageObject\",\"inLanguage\":\"pt-PT\",\"@id\":\"https:\\\/\\\/www.guibutik.pt\\\/loja\\\/produto\\\/sandalia-kaytan-geox-4\\\/#primaryimage\",\"url\":\"https:\\\/\\\/www.guibutik.pt\\\/loja\\\/wp-content\\\/uploads\\\/2021\\\/04\\\/2000061-geox-b1550a-0cl22-kaytan-b.-a-navy.jpg\",\"contentUrl\":\"https:\\\/\\\/www.guibutik.pt\\\/loja\\\/wp-content\\\/uploads\\\/2021\\\/04\\\/2000061-geox-b1550a-0cl22-kaytan-b.-a-navy.jpg\",\"width\":800,\"height\":800},{\"@type\":\"BreadcrumbList\",\"@id\":\"https:\\\/\\\/www.guibutik.pt\\\/loja\\\/produto\\\/sandalia-kaytan-geox-4\\\/#breadcrumb\",\"itemListElement\":[{\"@type\":\"ListItem\",\"position\":1,\"name\":\"In\u00edcio\",\"item\":\"https:\\\/\\\/www.guibutik.pt\\\/loja\\\/\"},{\"@type\":\"ListItem\",\"position\":2,\"name\":\"Loja\",\"item\":\"https:\\\/\\\/www.guibutik.pt\\\/loja\\\/shop\\\/\"},{\"@type\":\"ListItem\",\"position\":3,\"name\":\"Sand\u00e1lia Kaytan Geox\"}]},{\"@type\":\"WebSite\",\"@id\":\"https:\\\/\\\/www.guibutik.pt\\\/loja\\\/#website\",\"url\":\"https:\\\/\\\/www.guibutik.pt\\\/loja\\\/\",\"name\":\"Guibutik\",\"description\":\"Moda e Sapataria\",\"potentialAction\":[{\"@type\":\"SearchAction\",\"target\":{\"@type\":\"EntryPoint\",\"urlTemplate\":\"https:\\\/\\\/www.guibutik.pt\\\/loja\\\/?s={search_term_string}\"},\"query-input\":{\"@type\":\"PropertyValueSpecification\",\"valueRequired\":true,\"valueName\":\"search_term_string\"}}],\"inLanguage\":\"pt-PT\"}]}<\/script>\n<!-- \/ Yoast SEO plugin. -->","yoast_head_json":{"title":"Sand\u00e1lia Kaytan Geox - Guibutik","robots":{"index":"index","follow":"follow","max-snippet":"max-snippet:-1","max-image-preview":"max-image-preview:large","max-video-preview":"max-video-preview:-1"},"canonical":"https:\/\/www.guibutik.pt\/loja\/produto\/sandalia-kaytan-geox-4\/","og_locale":"pt_PT","og_type":"article","og_title":"Sand\u00e1lia Kaytan Geox - Guibutik","og_description":"Sand\u00e1lia de primeiros passos confort\u00e1vel e respir\u00e1vel com cano em couro.  A parceira ideal para crian\u00e7as que aprendem a andar, Kaytan \u00e9 uma sand\u00e1lia fechada que se destaca por seus materiais de alta qualidade, design confort\u00e1vel e est\u00e9tica moderna.","og_url":"https:\/\/www.guibutik.pt\/loja\/produto\/sandalia-kaytan-geox-4\/","og_site_name":"Guibutik","article_publisher":"https:\/\/www.facebook.com\/guibutik\/","article_modified_time":"2026-03-06T09:54:14+00:00","og_image":[{"width":800,"height":800,"url":"https:\/\/www.guibutik.pt\/loja\/wp-content\/uploads\/2021\/04\/2000061-geox-b1550a-0cl22-kaytan-b.-a-navy.jpg","type":"image\/jpeg"}],"twitter_card":"summary_large_image","twitter_misc":{"Tempo estimado de leitura":"1 minuto"},"schema":{"@context":"https:\/\/schema.org","@graph":[{"@type":"WebPage","@id":"https:\/\/www.guibutik.pt\/loja\/produto\/sandalia-kaytan-geox-4\/","url":"https:\/\/www.guibutik.pt\/loja\/produto\/sandalia-kaytan-geox-4\/","name":"Sand\u00e1lia Kaytan Geox - Guibutik","isPartOf":{"@id":"https:\/\/www.guibutik.pt\/loja\/#website"},"primaryImageOfPage":{"@id":"https:\/\/www.guibutik.pt\/loja\/produto\/sandalia-kaytan-geox-4\/#primaryimage"},"image":{"@id":"https:\/\/www.guibutik.pt\/loja\/produto\/sandalia-kaytan-geox-4\/#primaryimage"},"thumbnailUrl":"https:\/\/www.guibutik.pt\/loja\/wp-content\/uploads\/2021\/04\/2000061-geox-b1550a-0cl22-kaytan-b.-a-navy.jpg","datePublished":"2021-04-13T15:08:18+00:00","dateModified":"2026-03-06T09:54:14+00:00","breadcrumb":{"@id":"https:\/\/www.guibutik.pt\/loja\/produto\/sandalia-kaytan-geox-4\/#breadcrumb"},"inLanguage":"pt-PT","potentialAction":[{"@type":"ReadAction","target":["https:\/\/www.guibutik.pt\/loja\/produto\/sandalia-kaytan-geox-4\/"]}]},{"@type":"ImageObject","inLanguage":"pt-PT","@id":"https:\/\/www.guibutik.pt\/loja\/produto\/sandalia-kaytan-geox-4\/#primaryimage","url":"https:\/\/www.guibutik.pt\/loja\/wp-content\/uploads\/2021\/04\/2000061-geox-b1550a-0cl22-kaytan-b.-a-navy.jpg","contentUrl":"https:\/\/www.guibutik.pt\/loja\/wp-content\/uploads\/2021\/04\/2000061-geox-b1550a-0cl22-kaytan-b.-a-navy.jpg","width":800,"height":800},{"@type":"BreadcrumbList","@id":"https:\/\/www.guibutik.pt\/loja\/produto\/sandalia-kaytan-geox-4\/#breadcrumb","itemListElement":[{"@type":"ListItem","position":1,"name":"In\u00edcio","item":"https:\/\/www.guibutik.pt\/loja\/"},{"@type":"ListItem","position":2,"name":"Loja","item":"https:\/\/www.guibutik.pt\/loja\/shop\/"},{"@type":"ListItem","position":3,"name":"Sand\u00e1lia Kaytan Geox"}]},{"@type":"WebSite","@id":"https:\/\/www.guibutik.pt\/loja\/#website","url":"https:\/\/www.guibutik.pt\/loja\/","name":"Guibutik","description":"Moda e Sapataria","potentialAction":[{"@type":"SearchAction","target":{"@type":"EntryPoint","urlTemplate":"https:\/\/www.guibutik.pt\/loja\/?s={search_term_string}"},"query-input":{"@type":"PropertyValueSpecification","valueRequired":true,"valueName":"search_term_string"}}],"inLanguage":"pt-PT"}]}},"_links":{"self":[{"href":"https:\/\/www.guibutik.pt\/loja\/wp-json\/wp\/v2\/product\/25116","targetHints":{"allow":["GET"]}}],"collection":[{"href":"https:\/\/www.guibutik.pt\/loja\/wp-json\/wp\/v2\/product"}],"about":[{"href":"https:\/\/www.guibutik.pt\/loja\/wp-json\/wp\/v2\/types\/product"}],"replies":[{"embeddable":true,"href":"https:\/\/www.guibutik.pt\/loja\/wp-json\/wp\/v2\/comments?post=25116"}],"wp:featuredmedia":[{"embeddable":true,"href":"https:\/\/www.guibutik.pt\/loja\/wp-json\/wp\/v2\/media\/25124"}],"wp:attachment":[{"href":"https:\/\/www.guibutik.pt\/loja\/wp-json\/wp\/v2\/media?parent=25116"}],"wp:term":[{"taxonomy":"product_cat","embeddable":true,"href":"https:\/\/www.guibutik.pt\/loja\/wp-json\/wp\/v2\/product_cat?post=25116"},{"taxonomy":"product_tag","embeddable":true,"href":"https:\/\/www.guibutik.pt\/loja\/wp-json\/wp\/v2\/product_tag?post=25116"}],"curies":[{"name":"wp","href":"https:\/\/api.w.org\/{rel}","templated":true}]}}