{"id":17749,"date":"2020-07-31T14:01:11","date_gmt":"2020-07-31T13:01:11","guid":{"rendered":"https:\/\/www.guibutik.pt\/loja\/?post_type=product&#038;p=17749"},"modified":"2024-12-31T14:58:57","modified_gmt":"2024-12-31T13:58:57","slug":"sapatilha-pontoise-geox","status":"publish","type":"product","link":"https:\/\/www.guibutik.pt\/loja\/produto\/sapatilha-pontoise-geox\/","title":{"rendered":"Sapatilha Pontoise Geox"},"content":{"rendered":"<ul>\n<li>\n<div class=\"label\">Superior Couro genu\u00edno &#8211; couro de gr\u00e3o integral, camur\u00e7a, couro ecol\u00f3gico &#8211; couro ecol\u00f3gico<\/div>\n<\/li>\n<li>\n<div class=\"label\">Resina: couro sint\u00e9tico<\/div>\n<\/li>\n<li>\n<div class=\"label\">Palmilha: couro<\/div>\n<\/li>\n<li>\n<div class=\"label\">Palmilhas remov\u00edveis: sim<\/div>\n<\/li>\n<li>\n<div class=\"label\">Tecnologias <a href=\"https:\/\/www.efootwear.eu\/technologies:geox_respira.html\">Geox Respira<\/a><\/div>\n<\/li>\n<li>\n<div class=\"label\">Altura total: 10 cm<\/div>\n<\/li>\n<li>\n<div class=\"label\">\u00danico: material de alta qualidade<\/div>\n<\/li>\n<li>\n<div class=\"label\">Espessura \u00fanica: 3 cm<\/div>\n<\/li>\n<li>\n<div class=\"label\">De outros: atacadores t\u00eaxteis<\/div>\n<\/li>\n<\/ul>\n","protected":false},"excerpt":{"rendered":"<p>A parte superior \u00e9 criada em couro genu\u00edno &#8211; couro de gr\u00e3o integral, camur\u00e7a, couro ecol\u00f3gico &#8211; couro ecol\u00f3gico, material &#8211; material de alta qualidade.<\/p>\n<p>A palmilha \u00e9 feita de couro.<\/p>\n<p>A sola \u00e9 produzida em material de alta qualidade e possui boa ader\u00eancia \u00e0s superf\u00edcies.<\/p>\n<p>Este modelo \u00e9 suportado pela tecnologia Geox Respira.<\/p>\n<p>Este cal\u00e7ado \u00e9 adornado com glitter, metal prateado.<\/p>\n<p>Se voc\u00ea \u00e9 uma pessoa ativa, escolha sapatos em uma sola plana.<\/p>\n","protected":false},"featured_media":17769,"comment_status":"open","ping_status":"closed","template":"","meta":[],"product_cat":[291,484,222],"product_tag":[],"class_list":{"0":"post-17749","1":"product","2":"type-product","3":"status-publish","4":"has-post-thumbnail","6":"product_cat-calcado-senhora","7":"product_cat-promocoes-senhora","8":"product_cat-senhora","9":"ts_product_brand-geox","11":"first","12":"instock","13":"sale","14":"shipping-taxable","15":"purchasable","16":"product-type-variable"},"yoast_head":"<!-- This site is optimized with the Yoast SEO plugin v27.5 - https:\/\/yoast.com\/product\/yoast-seo-wordpress\/ -->\n<title>Sapatilha Pontoise Geox - Guibutik<\/title>\n<meta name=\"robots\" content=\"index, follow, max-snippet:-1, max-image-preview:large, max-video-preview:-1\" \/>\n<link rel=\"canonical\" href=\"https:\/\/www.guibutik.pt\/loja\/produto\/sapatilha-pontoise-geox\/\" \/>\n<meta property=\"og:locale\" content=\"pt_PT\" \/>\n<meta property=\"og:type\" content=\"article\" \/>\n<meta property=\"og:title\" content=\"Sapatilha Pontoise Geox - Guibutik\" \/>\n<meta property=\"og:description\" content=\"A parte superior \u00e9 criada em couro genu\u00edno - couro de gr\u00e3o integral, camur\u00e7a, couro ecol\u00f3gico - couro ecol\u00f3gico, material - material de alta qualidade.  A palmilha \u00e9 feita de couro.  A sola \u00e9 produzida em material de alta qualidade e possui boa ader\u00eancia \u00e0s superf\u00edcies.  Este modelo \u00e9 suportado pela tecnologia Geox Respira.  Este cal\u00e7ado \u00e9 adornado com glitter, metal prateado.  Se voc\u00ea \u00e9 uma pessoa ativa, escolha sapatos em uma sola plana.\" \/>\n<meta property=\"og:url\" content=\"https:\/\/www.guibutik.pt\/loja\/produto\/sapatilha-pontoise-geox\/\" \/>\n<meta property=\"og:site_name\" content=\"Guibutik\" \/>\n<meta property=\"article:publisher\" content=\"https:\/\/www.facebook.com\/guibutik\/\" \/>\n<meta property=\"article:modified_time\" content=\"2024-12-31T13:58:57+00:00\" \/>\n<meta property=\"og:image\" content=\"https:\/\/www.guibutik.pt\/loja\/wp-content\/uploads\/2020\/07\/0000206895783_05_ks.jpg\" \/>\n\t<meta property=\"og:image:width\" content=\"650\" \/>\n\t<meta property=\"og:image:height\" content=\"650\" \/>\n\t<meta property=\"og:image:type\" content=\"image\/jpeg\" \/>\n<meta name=\"twitter:card\" content=\"summary_large_image\" \/>\n<meta name=\"twitter:label1\" content=\"Tempo estimado de leitura\" \/>\n\t<meta name=\"twitter:data1\" content=\"1 minuto\" \/>\n<script type=\"application\/ld+json\" class=\"yoast-schema-graph\">{\"@context\":\"https:\\\/\\\/schema.org\",\"@graph\":[{\"@type\":\"WebPage\",\"@id\":\"https:\\\/\\\/www.guibutik.pt\\\/loja\\\/produto\\\/sapatilha-pontoise-geox\\\/\",\"url\":\"https:\\\/\\\/www.guibutik.pt\\\/loja\\\/produto\\\/sapatilha-pontoise-geox\\\/\",\"name\":\"Sapatilha Pontoise Geox - Guibutik\",\"isPartOf\":{\"@id\":\"https:\\\/\\\/www.guibutik.pt\\\/loja\\\/#website\"},\"primaryImageOfPage\":{\"@id\":\"https:\\\/\\\/www.guibutik.pt\\\/loja\\\/produto\\\/sapatilha-pontoise-geox\\\/#primaryimage\"},\"image\":{\"@id\":\"https:\\\/\\\/www.guibutik.pt\\\/loja\\\/produto\\\/sapatilha-pontoise-geox\\\/#primaryimage\"},\"thumbnailUrl\":\"https:\\\/\\\/www.guibutik.pt\\\/loja\\\/wp-content\\\/uploads\\\/2020\\\/07\\\/0000206895783_05_ks.jpg\",\"datePublished\":\"2020-07-31T13:01:11+00:00\",\"dateModified\":\"2024-12-31T13:58:57+00:00\",\"breadcrumb\":{\"@id\":\"https:\\\/\\\/www.guibutik.pt\\\/loja\\\/produto\\\/sapatilha-pontoise-geox\\\/#breadcrumb\"},\"inLanguage\":\"pt-PT\",\"potentialAction\":[{\"@type\":\"ReadAction\",\"target\":[\"https:\\\/\\\/www.guibutik.pt\\\/loja\\\/produto\\\/sapatilha-pontoise-geox\\\/\"]}]},{\"@type\":\"ImageObject\",\"inLanguage\":\"pt-PT\",\"@id\":\"https:\\\/\\\/www.guibutik.pt\\\/loja\\\/produto\\\/sapatilha-pontoise-geox\\\/#primaryimage\",\"url\":\"https:\\\/\\\/www.guibutik.pt\\\/loja\\\/wp-content\\\/uploads\\\/2020\\\/07\\\/0000206895783_05_ks.jpg\",\"contentUrl\":\"https:\\\/\\\/www.guibutik.pt\\\/loja\\\/wp-content\\\/uploads\\\/2020\\\/07\\\/0000206895783_05_ks.jpg\",\"width\":650,\"height\":650},{\"@type\":\"BreadcrumbList\",\"@id\":\"https:\\\/\\\/www.guibutik.pt\\\/loja\\\/produto\\\/sapatilha-pontoise-geox\\\/#breadcrumb\",\"itemListElement\":[{\"@type\":\"ListItem\",\"position\":1,\"name\":\"In\u00edcio\",\"item\":\"https:\\\/\\\/www.guibutik.pt\\\/loja\\\/\"},{\"@type\":\"ListItem\",\"position\":2,\"name\":\"Loja\",\"item\":\"https:\\\/\\\/www.guibutik.pt\\\/loja\\\/shop\\\/\"},{\"@type\":\"ListItem\",\"position\":3,\"name\":\"Sapatilha Pontoise Geox\"}]},{\"@type\":\"WebSite\",\"@id\":\"https:\\\/\\\/www.guibutik.pt\\\/loja\\\/#website\",\"url\":\"https:\\\/\\\/www.guibutik.pt\\\/loja\\\/\",\"name\":\"Guibutik\",\"description\":\"Moda e Sapataria\",\"potentialAction\":[{\"@type\":\"SearchAction\",\"target\":{\"@type\":\"EntryPoint\",\"urlTemplate\":\"https:\\\/\\\/www.guibutik.pt\\\/loja\\\/?s={search_term_string}\"},\"query-input\":{\"@type\":\"PropertyValueSpecification\",\"valueRequired\":true,\"valueName\":\"search_term_string\"}}],\"inLanguage\":\"pt-PT\"}]}<\/script>\n<!-- \/ Yoast SEO plugin. -->","yoast_head_json":{"title":"Sapatilha Pontoise Geox - Guibutik","robots":{"index":"index","follow":"follow","max-snippet":"max-snippet:-1","max-image-preview":"max-image-preview:large","max-video-preview":"max-video-preview:-1"},"canonical":"https:\/\/www.guibutik.pt\/loja\/produto\/sapatilha-pontoise-geox\/","og_locale":"pt_PT","og_type":"article","og_title":"Sapatilha Pontoise Geox - Guibutik","og_description":"A parte superior \u00e9 criada em couro genu\u00edno - couro de gr\u00e3o integral, camur\u00e7a, couro ecol\u00f3gico - couro ecol\u00f3gico, material - material de alta qualidade.  A palmilha \u00e9 feita de couro.  A sola \u00e9 produzida em material de alta qualidade e possui boa ader\u00eancia \u00e0s superf\u00edcies.  Este modelo \u00e9 suportado pela tecnologia Geox Respira.  Este cal\u00e7ado \u00e9 adornado com glitter, metal prateado.  Se voc\u00ea \u00e9 uma pessoa ativa, escolha sapatos em uma sola plana.","og_url":"https:\/\/www.guibutik.pt\/loja\/produto\/sapatilha-pontoise-geox\/","og_site_name":"Guibutik","article_publisher":"https:\/\/www.facebook.com\/guibutik\/","article_modified_time":"2024-12-31T13:58:57+00:00","og_image":[{"width":650,"height":650,"url":"https:\/\/www.guibutik.pt\/loja\/wp-content\/uploads\/2020\/07\/0000206895783_05_ks.jpg","type":"image\/jpeg"}],"twitter_card":"summary_large_image","twitter_misc":{"Tempo estimado de leitura":"1 minuto"},"schema":{"@context":"https:\/\/schema.org","@graph":[{"@type":"WebPage","@id":"https:\/\/www.guibutik.pt\/loja\/produto\/sapatilha-pontoise-geox\/","url":"https:\/\/www.guibutik.pt\/loja\/produto\/sapatilha-pontoise-geox\/","name":"Sapatilha Pontoise Geox - Guibutik","isPartOf":{"@id":"https:\/\/www.guibutik.pt\/loja\/#website"},"primaryImageOfPage":{"@id":"https:\/\/www.guibutik.pt\/loja\/produto\/sapatilha-pontoise-geox\/#primaryimage"},"image":{"@id":"https:\/\/www.guibutik.pt\/loja\/produto\/sapatilha-pontoise-geox\/#primaryimage"},"thumbnailUrl":"https:\/\/www.guibutik.pt\/loja\/wp-content\/uploads\/2020\/07\/0000206895783_05_ks.jpg","datePublished":"2020-07-31T13:01:11+00:00","dateModified":"2024-12-31T13:58:57+00:00","breadcrumb":{"@id":"https:\/\/www.guibutik.pt\/loja\/produto\/sapatilha-pontoise-geox\/#breadcrumb"},"inLanguage":"pt-PT","potentialAction":[{"@type":"ReadAction","target":["https:\/\/www.guibutik.pt\/loja\/produto\/sapatilha-pontoise-geox\/"]}]},{"@type":"ImageObject","inLanguage":"pt-PT","@id":"https:\/\/www.guibutik.pt\/loja\/produto\/sapatilha-pontoise-geox\/#primaryimage","url":"https:\/\/www.guibutik.pt\/loja\/wp-content\/uploads\/2020\/07\/0000206895783_05_ks.jpg","contentUrl":"https:\/\/www.guibutik.pt\/loja\/wp-content\/uploads\/2020\/07\/0000206895783_05_ks.jpg","width":650,"height":650},{"@type":"BreadcrumbList","@id":"https:\/\/www.guibutik.pt\/loja\/produto\/sapatilha-pontoise-geox\/#breadcrumb","itemListElement":[{"@type":"ListItem","position":1,"name":"In\u00edcio","item":"https:\/\/www.guibutik.pt\/loja\/"},{"@type":"ListItem","position":2,"name":"Loja","item":"https:\/\/www.guibutik.pt\/loja\/shop\/"},{"@type":"ListItem","position":3,"name":"Sapatilha Pontoise Geox"}]},{"@type":"WebSite","@id":"https:\/\/www.guibutik.pt\/loja\/#website","url":"https:\/\/www.guibutik.pt\/loja\/","name":"Guibutik","description":"Moda e Sapataria","potentialAction":[{"@type":"SearchAction","target":{"@type":"EntryPoint","urlTemplate":"https:\/\/www.guibutik.pt\/loja\/?s={search_term_string}"},"query-input":{"@type":"PropertyValueSpecification","valueRequired":true,"valueName":"search_term_string"}}],"inLanguage":"pt-PT"}]}},"_links":{"self":[{"href":"https:\/\/www.guibutik.pt\/loja\/wp-json\/wp\/v2\/product\/17749","targetHints":{"allow":["GET"]}}],"collection":[{"href":"https:\/\/www.guibutik.pt\/loja\/wp-json\/wp\/v2\/product"}],"about":[{"href":"https:\/\/www.guibutik.pt\/loja\/wp-json\/wp\/v2\/types\/product"}],"replies":[{"embeddable":true,"href":"https:\/\/www.guibutik.pt\/loja\/wp-json\/wp\/v2\/comments?post=17749"}],"wp:featuredmedia":[{"embeddable":true,"href":"https:\/\/www.guibutik.pt\/loja\/wp-json\/wp\/v2\/media\/17769"}],"wp:attachment":[{"href":"https:\/\/www.guibutik.pt\/loja\/wp-json\/wp\/v2\/media?parent=17749"}],"wp:term":[{"taxonomy":"product_cat","embeddable":true,"href":"https:\/\/www.guibutik.pt\/loja\/wp-json\/wp\/v2\/product_cat?post=17749"},{"taxonomy":"product_tag","embeddable":true,"href":"https:\/\/www.guibutik.pt\/loja\/wp-json\/wp\/v2\/product_tag?post=17749"}],"curies":[{"name":"wp","href":"https:\/\/api.w.org\/{rel}","templated":true}]}}