{"id":13204,"date":"2020-04-25T12:03:24","date_gmt":"2020-04-25T12:03:24","guid":{"rendered":"https:\/\/www.guibutik.pt\/loja\/?post_type=product&#038;p=13204"},"modified":"2026-03-06T10:28:48","modified_gmt":"2026-03-06T09:28:48","slug":"sandalia-chicco","status":"publish","type":"product","link":"https:\/\/www.guibutik.pt\/loja\/produto\/sandalia-chicco\/","title":{"rendered":"Sand\u00e1lia Canaria M"},"content":{"rendered":"<p><span style=\"color: #0a0a0a;\"><span style=\"font-family: Poppins, sans-serif;\"><span style=\"font-size: small;\">Composi\u00e7\u00e3o:<br \/>\n<\/span><\/span><\/span><strong><span style=\"color: #0a0a0a;\"><span style=\"font-family: Poppins, sans-serif;\"><span style=\"font-size: small;\"><b>G\u00e1spea:<\/b><\/span><\/span><\/span><\/strong><span style=\"color: #0a0a0a;\"><span style=\"font-family: Poppins, sans-serif;\"><span style=\"font-size: small;\">\u00a0Sint\u00e9tico<br \/>\n<\/span><\/span><\/span><strong><span style=\"color: #0a0a0a;\"><span style=\"font-family: Poppins, sans-serif;\"><span style=\"font-size: small;\"><b>Forro:<\/b><\/span><\/span><\/span><\/strong><span style=\"color: #0a0a0a;\"><span style=\"font-family: Poppins, sans-serif;\"><span style=\"font-size: small;\">\u00a0Sint\u00e9tico<\/span><\/span><\/span><\/p>\n<p><strong><span style=\"color: #0a0a0a;\"><span style=\"font-family: Poppins, sans-serif;\"><span style=\"font-size: small;\"><b>Palmilha:<\/b><\/span><\/span><\/span><\/strong><span style=\"color: #0a0a0a;\"><span style=\"font-family: Poppins, sans-serif;\"><span style=\"font-size: small;\">\u00a0Sint\u00e9tico<\/span><\/span><\/span><\/p>\n<p><strong><span style=\"color: #0a0a0a;\"><span style=\"font-family: Poppins, sans-serif;\"><span style=\"font-size: small;\"><b>Sola:<\/b><\/span><\/span><\/span><\/strong><span style=\"color: #0a0a0a;\"><span style=\"font-family: Poppins, sans-serif;\"><span style=\"font-size: small;\">\u00a0Termo pl\u00e1stico<\/span><\/span><\/span><\/p>\n","protected":false},"excerpt":{"rendered":"<p><span style=\"color: #0a0a0a;\"><span style=\"font-family: Poppins, sans-serif;\"><span style=\"font-size: small;\">Sand\u00e1lia de menina aberta \u00e0 frente, da linha primeiros passos.<br \/>\nAjust\u00e1vel com dois velcros, sendo um deles de regula\u00e7\u00e3o na zona do peito do p\u00e9. Decora\u00e7\u00e3o com flores aplicadas em ecopele.<br \/>\n\u201cFlex Zone\u201d: Sola com linha flex\u00edvel para garantir a flexibilidade natural do p\u00e9 e ajudar o movimento rotativo.<br \/>\n\u201cPalmilha Natural Chicco\u201d: a palmilha exclusiva que estimula o p\u00e9 durante os primeiros passos e ajuda no desenvolvimento natural do arco plantar.<br \/>\n<\/span><\/span><\/span><\/p>\n","protected":false},"featured_media":16712,"comment_status":"open","ping_status":"closed","template":"","meta":[],"product_cat":[296,267,236,552],"product_tag":[],"class_list":{"0":"post-13204","1":"product","2":"type-product","3":"status-publish","4":"has-post-thumbnail","6":"product_cat-calcado-menina","7":"product_cat-crianca","8":"product_cat-menina","9":"product_cat-sandalia","10":"ts_product_brand-chicco","12":"first","13":"instock","14":"sale","15":"shipping-taxable","16":"purchasable","17":"product-type-variable"},"yoast_head":"<!-- This site is optimized with the Yoast SEO plugin v27.5 - https:\/\/yoast.com\/product\/yoast-seo-wordpress\/ -->\n<title>Sand\u00e1lia Canaria M - Guibutik<\/title>\n<meta name=\"robots\" content=\"index, follow, max-snippet:-1, max-image-preview:large, max-video-preview:-1\" \/>\n<link rel=\"canonical\" href=\"https:\/\/www.guibutik.pt\/loja\/produto\/sandalia-chicco\/\" \/>\n<meta property=\"og:locale\" content=\"pt_PT\" \/>\n<meta property=\"og:type\" content=\"article\" \/>\n<meta property=\"og:title\" content=\"Sand\u00e1lia Canaria M - Guibutik\" \/>\n<meta property=\"og:description\" content=\"Sand\u00e1lia de menina aberta \u00e0 frente, da linha primeiros passos. Ajust\u00e1vel com dois velcros, sendo um deles de regula\u00e7\u00e3o na zona do peito do p\u00e9. Decora\u00e7\u00e3o com flores aplicadas em ecopele. \u201cFlex Zone\u201d: Sola com linha flex\u00edvel para garantir a flexibilidade natural do p\u00e9 e ajudar o movimento rotativo. \u201cPalmilha Natural Chicco\u201d: a palmilha exclusiva que estimula o p\u00e9 durante os primeiros passos e ajuda no desenvolvimento natural do arco plantar.\" \/>\n<meta property=\"og:url\" content=\"https:\/\/www.guibutik.pt\/loja\/produto\/sandalia-chicco\/\" \/>\n<meta property=\"og:site_name\" content=\"Guibutik\" \/>\n<meta property=\"article:publisher\" content=\"https:\/\/www.facebook.com\/guibutik\/\" \/>\n<meta property=\"article:modified_time\" content=\"2026-03-06T09:28:48+00:00\" \/>\n<meta property=\"og:image\" content=\"https:\/\/www.guibutik.pt\/loja\/wp-content\/uploads\/2020\/04\/chicco-canaria-800.jpg\" \/>\n\t<meta property=\"og:image:width\" content=\"700\" \/>\n\t<meta property=\"og:image:height\" content=\"800\" \/>\n\t<meta property=\"og:image:type\" content=\"image\/jpeg\" \/>\n<meta name=\"twitter:card\" content=\"summary_large_image\" \/>\n<meta name=\"twitter:label1\" content=\"Tempo estimado de leitura\" \/>\n\t<meta name=\"twitter:data1\" content=\"1 minuto\" \/>\n<script type=\"application\/ld+json\" class=\"yoast-schema-graph\">{\"@context\":\"https:\\\/\\\/schema.org\",\"@graph\":[{\"@type\":\"WebPage\",\"@id\":\"https:\\\/\\\/www.guibutik.pt\\\/loja\\\/produto\\\/sandalia-chicco\\\/\",\"url\":\"https:\\\/\\\/www.guibutik.pt\\\/loja\\\/produto\\\/sandalia-chicco\\\/\",\"name\":\"Sand\u00e1lia Canaria M - Guibutik\",\"isPartOf\":{\"@id\":\"https:\\\/\\\/www.guibutik.pt\\\/loja\\\/#website\"},\"primaryImageOfPage\":{\"@id\":\"https:\\\/\\\/www.guibutik.pt\\\/loja\\\/produto\\\/sandalia-chicco\\\/#primaryimage\"},\"image\":{\"@id\":\"https:\\\/\\\/www.guibutik.pt\\\/loja\\\/produto\\\/sandalia-chicco\\\/#primaryimage\"},\"thumbnailUrl\":\"https:\\\/\\\/www.guibutik.pt\\\/loja\\\/wp-content\\\/uploads\\\/2020\\\/04\\\/chicco-canaria-800.jpg\",\"datePublished\":\"2020-04-25T12:03:24+00:00\",\"dateModified\":\"2026-03-06T09:28:48+00:00\",\"breadcrumb\":{\"@id\":\"https:\\\/\\\/www.guibutik.pt\\\/loja\\\/produto\\\/sandalia-chicco\\\/#breadcrumb\"},\"inLanguage\":\"pt-PT\",\"potentialAction\":[{\"@type\":\"ReadAction\",\"target\":[\"https:\\\/\\\/www.guibutik.pt\\\/loja\\\/produto\\\/sandalia-chicco\\\/\"]}]},{\"@type\":\"ImageObject\",\"inLanguage\":\"pt-PT\",\"@id\":\"https:\\\/\\\/www.guibutik.pt\\\/loja\\\/produto\\\/sandalia-chicco\\\/#primaryimage\",\"url\":\"https:\\\/\\\/www.guibutik.pt\\\/loja\\\/wp-content\\\/uploads\\\/2020\\\/04\\\/chicco-canaria-800.jpg\",\"contentUrl\":\"https:\\\/\\\/www.guibutik.pt\\\/loja\\\/wp-content\\\/uploads\\\/2020\\\/04\\\/chicco-canaria-800.jpg\",\"width\":700,\"height\":800},{\"@type\":\"BreadcrumbList\",\"@id\":\"https:\\\/\\\/www.guibutik.pt\\\/loja\\\/produto\\\/sandalia-chicco\\\/#breadcrumb\",\"itemListElement\":[{\"@type\":\"ListItem\",\"position\":1,\"name\":\"In\u00edcio\",\"item\":\"https:\\\/\\\/www.guibutik.pt\\\/loja\\\/\"},{\"@type\":\"ListItem\",\"position\":2,\"name\":\"Loja\",\"item\":\"https:\\\/\\\/www.guibutik.pt\\\/loja\\\/shop\\\/\"},{\"@type\":\"ListItem\",\"position\":3,\"name\":\"Sand\u00e1lia Canaria M\"}]},{\"@type\":\"WebSite\",\"@id\":\"https:\\\/\\\/www.guibutik.pt\\\/loja\\\/#website\",\"url\":\"https:\\\/\\\/www.guibutik.pt\\\/loja\\\/\",\"name\":\"Guibutik\",\"description\":\"Moda e Sapataria\",\"potentialAction\":[{\"@type\":\"SearchAction\",\"target\":{\"@type\":\"EntryPoint\",\"urlTemplate\":\"https:\\\/\\\/www.guibutik.pt\\\/loja\\\/?s={search_term_string}\"},\"query-input\":{\"@type\":\"PropertyValueSpecification\",\"valueRequired\":true,\"valueName\":\"search_term_string\"}}],\"inLanguage\":\"pt-PT\"}]}<\/script>\n<!-- \/ Yoast SEO plugin. -->","yoast_head_json":{"title":"Sand\u00e1lia Canaria M - Guibutik","robots":{"index":"index","follow":"follow","max-snippet":"max-snippet:-1","max-image-preview":"max-image-preview:large","max-video-preview":"max-video-preview:-1"},"canonical":"https:\/\/www.guibutik.pt\/loja\/produto\/sandalia-chicco\/","og_locale":"pt_PT","og_type":"article","og_title":"Sand\u00e1lia Canaria M - Guibutik","og_description":"Sand\u00e1lia de menina aberta \u00e0 frente, da linha primeiros passos. Ajust\u00e1vel com dois velcros, sendo um deles de regula\u00e7\u00e3o na zona do peito do p\u00e9. Decora\u00e7\u00e3o com flores aplicadas em ecopele. \u201cFlex Zone\u201d: Sola com linha flex\u00edvel para garantir a flexibilidade natural do p\u00e9 e ajudar o movimento rotativo. \u201cPalmilha Natural Chicco\u201d: a palmilha exclusiva que estimula o p\u00e9 durante os primeiros passos e ajuda no desenvolvimento natural do arco plantar.","og_url":"https:\/\/www.guibutik.pt\/loja\/produto\/sandalia-chicco\/","og_site_name":"Guibutik","article_publisher":"https:\/\/www.facebook.com\/guibutik\/","article_modified_time":"2026-03-06T09:28:48+00:00","og_image":[{"width":700,"height":800,"url":"https:\/\/www.guibutik.pt\/loja\/wp-content\/uploads\/2020\/04\/chicco-canaria-800.jpg","type":"image\/jpeg"}],"twitter_card":"summary_large_image","twitter_misc":{"Tempo estimado de leitura":"1 minuto"},"schema":{"@context":"https:\/\/schema.org","@graph":[{"@type":"WebPage","@id":"https:\/\/www.guibutik.pt\/loja\/produto\/sandalia-chicco\/","url":"https:\/\/www.guibutik.pt\/loja\/produto\/sandalia-chicco\/","name":"Sand\u00e1lia Canaria M - Guibutik","isPartOf":{"@id":"https:\/\/www.guibutik.pt\/loja\/#website"},"primaryImageOfPage":{"@id":"https:\/\/www.guibutik.pt\/loja\/produto\/sandalia-chicco\/#primaryimage"},"image":{"@id":"https:\/\/www.guibutik.pt\/loja\/produto\/sandalia-chicco\/#primaryimage"},"thumbnailUrl":"https:\/\/www.guibutik.pt\/loja\/wp-content\/uploads\/2020\/04\/chicco-canaria-800.jpg","datePublished":"2020-04-25T12:03:24+00:00","dateModified":"2026-03-06T09:28:48+00:00","breadcrumb":{"@id":"https:\/\/www.guibutik.pt\/loja\/produto\/sandalia-chicco\/#breadcrumb"},"inLanguage":"pt-PT","potentialAction":[{"@type":"ReadAction","target":["https:\/\/www.guibutik.pt\/loja\/produto\/sandalia-chicco\/"]}]},{"@type":"ImageObject","inLanguage":"pt-PT","@id":"https:\/\/www.guibutik.pt\/loja\/produto\/sandalia-chicco\/#primaryimage","url":"https:\/\/www.guibutik.pt\/loja\/wp-content\/uploads\/2020\/04\/chicco-canaria-800.jpg","contentUrl":"https:\/\/www.guibutik.pt\/loja\/wp-content\/uploads\/2020\/04\/chicco-canaria-800.jpg","width":700,"height":800},{"@type":"BreadcrumbList","@id":"https:\/\/www.guibutik.pt\/loja\/produto\/sandalia-chicco\/#breadcrumb","itemListElement":[{"@type":"ListItem","position":1,"name":"In\u00edcio","item":"https:\/\/www.guibutik.pt\/loja\/"},{"@type":"ListItem","position":2,"name":"Loja","item":"https:\/\/www.guibutik.pt\/loja\/shop\/"},{"@type":"ListItem","position":3,"name":"Sand\u00e1lia Canaria M"}]},{"@type":"WebSite","@id":"https:\/\/www.guibutik.pt\/loja\/#website","url":"https:\/\/www.guibutik.pt\/loja\/","name":"Guibutik","description":"Moda e Sapataria","potentialAction":[{"@type":"SearchAction","target":{"@type":"EntryPoint","urlTemplate":"https:\/\/www.guibutik.pt\/loja\/?s={search_term_string}"},"query-input":{"@type":"PropertyValueSpecification","valueRequired":true,"valueName":"search_term_string"}}],"inLanguage":"pt-PT"}]}},"_links":{"self":[{"href":"https:\/\/www.guibutik.pt\/loja\/wp-json\/wp\/v2\/product\/13204","targetHints":{"allow":["GET"]}}],"collection":[{"href":"https:\/\/www.guibutik.pt\/loja\/wp-json\/wp\/v2\/product"}],"about":[{"href":"https:\/\/www.guibutik.pt\/loja\/wp-json\/wp\/v2\/types\/product"}],"replies":[{"embeddable":true,"href":"https:\/\/www.guibutik.pt\/loja\/wp-json\/wp\/v2\/comments?post=13204"}],"wp:featuredmedia":[{"embeddable":true,"href":"https:\/\/www.guibutik.pt\/loja\/wp-json\/wp\/v2\/media\/16712"}],"wp:attachment":[{"href":"https:\/\/www.guibutik.pt\/loja\/wp-json\/wp\/v2\/media?parent=13204"}],"wp:term":[{"taxonomy":"product_cat","embeddable":true,"href":"https:\/\/www.guibutik.pt\/loja\/wp-json\/wp\/v2\/product_cat?post=13204"},{"taxonomy":"product_tag","embeddable":true,"href":"https:\/\/www.guibutik.pt\/loja\/wp-json\/wp\/v2\/product_tag?post=13204"}],"curies":[{"name":"wp","href":"https:\/\/api.w.org\/{rel}","templated":true}]}}