{"id":12572,"date":"2020-04-06T13:43:33","date_gmt":"2020-04-06T13:43:33","guid":{"rendered":"https:\/\/www.guibutik.pt\/loja\/?page_id=12572"},"modified":"2023-05-25T14:46:25","modified_gmt":"2023-05-25T13:46:25","slug":"politica-de-troca-e-devolucao","status":"publish","type":"page","link":"https:\/\/www.guibutik.pt\/loja\/politica-de-troca-e-devolucao\/","title":{"rendered":"Pol\u00edtica de Troca e Devolu\u00e7\u00e3o"},"content":{"rendered":"\r\n<p><strong>DEVOLU\u00c7\u00d5ES \/ TROCAS<\/strong><\/p>\r\n\r\n\r\n\r\n<p>As despesas relacionadas com as devolu\u00e7\u00f5es \/ trocas s\u00e3o a cargo do cliente.<\/p>\r\n\r\n\r\n\r\n<p>Em caso de insatisfa\u00e7\u00e3o, reembolsamos ou procedemos \u00e0 devolu\u00e7\u00e3o e troca de qualquer produto dentro do prazo estabelecido para o efeito (15 dias).<\/p>\r\n\r\n\r\n\r\n<p>\u00c9 a cargo do cliente o envio do produto para a nossa loja.<\/p>\r\n\r\n\r\n\r\n<p>Onde posso efetuar uma devolu\u00e7\u00e3o\/troca?<\/p>\r\n\r\n\r\n\r\n<p>Na loja GUIBUTIK<\/p>\r\n\r\n\r\n\r\n<p>Para que possamos validar a sua devolu\u00e7\u00e3o dever\u00e1 fazer-se acompanhar sempre do seu comprovativo de compra (fatura).<\/p>\r\n\r\n\r\n\r\n<p>Quais as condi\u00e7\u00f5es para se efetuar uma devolu\u00e7\u00e3o?<\/p>\r\n\r\n\r\n\r\n<p>O cliente beneficia de um prazo de 15 (quinze) dias, a contar da data da rece\u00e7\u00e3o da encomenda. Poder\u00e1 experimentar os seus artigos e se por algum motivo pretender devolver, poder\u00e1 faz\u00ea-lo e ser\u00e1 ressarcido do valor que efetivamente pagou pela sua encomenda, atrav\u00e9s de transfer\u00eancia banc\u00e1ria pelo mesmo meio de pagamento utilizado ou vale. A troca de artigos \u00e9 apenas poss\u00edvel caso o cliente pretenda outro tamanho e\/ou cor dos mesmos artigos, ou se os artigos em quest\u00e3o apresentarem algum defeito ou n\u00e3o estiverem em conformidade. Todos os artigos podem ser devolvidos, existem, no entanto, algumas exce\u00e7\u00f5es:<\/p>\r\n\r\n\r\n\r\n<p>\u2022 Os artigos n\u00e3o devem apresentar vest\u00edgios de uso.<\/p>\r\n\r\n\r\n\r\n<p>Quando pretender proceder a uma devolu\u00e7\u00e3o deve ter em aten\u00e7\u00e3o os seguintes aspetos:<\/p>\r\n\r\n\r\n\r\n<p>1. Apenas aceitaremos devolu\u00e7\u00f5es de artigos no mesmo estado em que foram enviados, sem sinais de utiliza\u00e7\u00e3o.<\/p>\r\n\r\n\r\n\r\n<p>2. Os artigos devem sempre ser acompanhados da factura e dos motivos da devolu\u00e7\u00e3o ou troca.<\/p>\r\n\r\n\r\n\r\n<p>3. A GUIBUTIK proceder\u00e1 \u00e0 an\u00e1lise do produto devolvido e informar\u00e1 o cliente do direito ao respetivo reembolso. Em regra, ap\u00f3s a rece\u00e7\u00e3o do produto nos nossos armaz\u00e9ns, a GUIBUTIK procede ao reembolso num prazo de 15 dias \u00fateis.<\/p>\r\n\r\n\r\n\r\n<p>4. O reembolso da quantia paga ser\u00e1 sempre feito atrav\u00e9s de transfer\u00eancia banc\u00e1ria.<\/p>\r\n\r\n\r\n\r\n<p>No caso de devolver a totalidade dos artigos, caso a mesma contenha uma oferta, este dever\u00e1 ser igualmente devolvido.<\/p>\r\n\r\n\r\n\r\n<p>Para mais informa\u00e7\u00f5es ligue para o 236950103 <span style=\"font-size: 10px;\"> (Chamada para a rede fixa nacional)<\/span> ou contacte atrav\u00e9s do email info.guibutik@gmail.com<\/p>\r\n","protected":false},"excerpt":{"rendered":"<p>DEVOLU\u00c7\u00d5ES \/ TROCAS As despesas relacionadas com as devolu\u00e7\u00f5es \/ trocas s\u00e3o a cargo do cliente. Em caso de insatisfa\u00e7\u00e3o, reembolsamos ou procedemos \u00e0 devolu\u00e7\u00e3o e troca de qualquer produto dentro do prazo estabelecido para o efeito (15 dias). \u00c9 a cargo do cliente o envio do produto para a nossa loja. Onde posso efetuar [&hellip;]<\/p>\n","protected":false},"author":2,"featured_media":0,"parent":0,"menu_order":0,"comment_status":"closed","ping_status":"closed","template":"","meta":{"footnotes":""},"class_list":["post-12572","page","type-page","status-publish","hentry"],"yoast_head":"<!-- This site is optimized with the Yoast SEO plugin v27.3 - https:\/\/yoast.com\/product\/yoast-seo-wordpress\/ -->\n<title>Pol\u00edtica de Troca e Devolu\u00e7\u00e3o - Guibutik<\/title>\n<meta name=\"robots\" content=\"index, follow, max-snippet:-1, max-image-preview:large, max-video-preview:-1\" \/>\n<link rel=\"canonical\" href=\"https:\/\/www.guibutik.pt\/loja\/politica-de-troca-e-devolucao\/\" \/>\n<meta property=\"og:locale\" content=\"pt_PT\" \/>\n<meta property=\"og:type\" content=\"article\" \/>\n<meta property=\"og:title\" content=\"Pol\u00edtica de Troca e Devolu\u00e7\u00e3o - Guibutik\" \/>\n<meta property=\"og:description\" content=\"DEVOLU\u00c7\u00d5ES \/ TROCAS As despesas relacionadas com as devolu\u00e7\u00f5es \/ trocas s\u00e3o a cargo do cliente. Em caso de insatisfa\u00e7\u00e3o, reembolsamos ou procedemos \u00e0 devolu\u00e7\u00e3o e troca de qualquer produto dentro do prazo estabelecido para o efeito (15 dias). \u00c9 a cargo do cliente o envio do produto para a nossa loja. Onde posso efetuar [&hellip;]\" \/>\n<meta property=\"og:url\" content=\"https:\/\/www.guibutik.pt\/loja\/politica-de-troca-e-devolucao\/\" \/>\n<meta property=\"og:site_name\" content=\"Guibutik\" \/>\n<meta property=\"article:publisher\" content=\"https:\/\/www.facebook.com\/guibutik\/\" \/>\n<meta property=\"article:modified_time\" content=\"2023-05-25T13:46:25+00:00\" \/>\n<meta name=\"twitter:card\" content=\"summary_large_image\" \/>\n<meta name=\"twitter:label1\" content=\"Tempo estimado de leitura\" \/>\n\t<meta name=\"twitter:data1\" content=\"2 minutos\" \/>\n<script type=\"application\/ld+json\" class=\"yoast-schema-graph\">{\"@context\":\"https:\\\/\\\/schema.org\",\"@graph\":[{\"@type\":\"WebPage\",\"@id\":\"https:\\\/\\\/www.guibutik.pt\\\/loja\\\/politica-de-troca-e-devolucao\\\/\",\"url\":\"https:\\\/\\\/www.guibutik.pt\\\/loja\\\/politica-de-troca-e-devolucao\\\/\",\"name\":\"Pol\u00edtica de Troca e Devolu\u00e7\u00e3o - Guibutik\",\"isPartOf\":{\"@id\":\"https:\\\/\\\/www.guibutik.pt\\\/loja\\\/#website\"},\"datePublished\":\"2020-04-06T13:43:33+00:00\",\"dateModified\":\"2023-05-25T13:46:25+00:00\",\"breadcrumb\":{\"@id\":\"https:\\\/\\\/www.guibutik.pt\\\/loja\\\/politica-de-troca-e-devolucao\\\/#breadcrumb\"},\"inLanguage\":\"pt-PT\",\"potentialAction\":[{\"@type\":\"ReadAction\",\"target\":[\"https:\\\/\\\/www.guibutik.pt\\\/loja\\\/politica-de-troca-e-devolucao\\\/\"]}]},{\"@type\":\"BreadcrumbList\",\"@id\":\"https:\\\/\\\/www.guibutik.pt\\\/loja\\\/politica-de-troca-e-devolucao\\\/#breadcrumb\",\"itemListElement\":[{\"@type\":\"ListItem\",\"position\":1,\"name\":\"In\u00edcio\",\"item\":\"https:\\\/\\\/www.guibutik.pt\\\/loja\\\/\"},{\"@type\":\"ListItem\",\"position\":2,\"name\":\"Pol\u00edtica de Troca e Devolu\u00e7\u00e3o\"}]},{\"@type\":\"WebSite\",\"@id\":\"https:\\\/\\\/www.guibutik.pt\\\/loja\\\/#website\",\"url\":\"https:\\\/\\\/www.guibutik.pt\\\/loja\\\/\",\"name\":\"Guibutik\",\"description\":\"Moda e Sapataria\",\"potentialAction\":[{\"@type\":\"SearchAction\",\"target\":{\"@type\":\"EntryPoint\",\"urlTemplate\":\"https:\\\/\\\/www.guibutik.pt\\\/loja\\\/?s={search_term_string}\"},\"query-input\":{\"@type\":\"PropertyValueSpecification\",\"valueRequired\":true,\"valueName\":\"search_term_string\"}}],\"inLanguage\":\"pt-PT\"}]}<\/script>\n<!-- \/ Yoast SEO plugin. -->","yoast_head_json":{"title":"Pol\u00edtica de Troca e Devolu\u00e7\u00e3o - Guibutik","robots":{"index":"index","follow":"follow","max-snippet":"max-snippet:-1","max-image-preview":"max-image-preview:large","max-video-preview":"max-video-preview:-1"},"canonical":"https:\/\/www.guibutik.pt\/loja\/politica-de-troca-e-devolucao\/","og_locale":"pt_PT","og_type":"article","og_title":"Pol\u00edtica de Troca e Devolu\u00e7\u00e3o - Guibutik","og_description":"DEVOLU\u00c7\u00d5ES \/ TROCAS As despesas relacionadas com as devolu\u00e7\u00f5es \/ trocas s\u00e3o a cargo do cliente. Em caso de insatisfa\u00e7\u00e3o, reembolsamos ou procedemos \u00e0 devolu\u00e7\u00e3o e troca de qualquer produto dentro do prazo estabelecido para o efeito (15 dias). \u00c9 a cargo do cliente o envio do produto para a nossa loja. Onde posso efetuar [&hellip;]","og_url":"https:\/\/www.guibutik.pt\/loja\/politica-de-troca-e-devolucao\/","og_site_name":"Guibutik","article_publisher":"https:\/\/www.facebook.com\/guibutik\/","article_modified_time":"2023-05-25T13:46:25+00:00","twitter_card":"summary_large_image","twitter_misc":{"Tempo estimado de leitura":"2 minutos"},"schema":{"@context":"https:\/\/schema.org","@graph":[{"@type":"WebPage","@id":"https:\/\/www.guibutik.pt\/loja\/politica-de-troca-e-devolucao\/","url":"https:\/\/www.guibutik.pt\/loja\/politica-de-troca-e-devolucao\/","name":"Pol\u00edtica de Troca e Devolu\u00e7\u00e3o - Guibutik","isPartOf":{"@id":"https:\/\/www.guibutik.pt\/loja\/#website"},"datePublished":"2020-04-06T13:43:33+00:00","dateModified":"2023-05-25T13:46:25+00:00","breadcrumb":{"@id":"https:\/\/www.guibutik.pt\/loja\/politica-de-troca-e-devolucao\/#breadcrumb"},"inLanguage":"pt-PT","potentialAction":[{"@type":"ReadAction","target":["https:\/\/www.guibutik.pt\/loja\/politica-de-troca-e-devolucao\/"]}]},{"@type":"BreadcrumbList","@id":"https:\/\/www.guibutik.pt\/loja\/politica-de-troca-e-devolucao\/#breadcrumb","itemListElement":[{"@type":"ListItem","position":1,"name":"In\u00edcio","item":"https:\/\/www.guibutik.pt\/loja\/"},{"@type":"ListItem","position":2,"name":"Pol\u00edtica de Troca e Devolu\u00e7\u00e3o"}]},{"@type":"WebSite","@id":"https:\/\/www.guibutik.pt\/loja\/#website","url":"https:\/\/www.guibutik.pt\/loja\/","name":"Guibutik","description":"Moda e Sapataria","potentialAction":[{"@type":"SearchAction","target":{"@type":"EntryPoint","urlTemplate":"https:\/\/www.guibutik.pt\/loja\/?s={search_term_string}"},"query-input":{"@type":"PropertyValueSpecification","valueRequired":true,"valueName":"search_term_string"}}],"inLanguage":"pt-PT"}]}},"_links":{"self":[{"href":"https:\/\/www.guibutik.pt\/loja\/wp-json\/wp\/v2\/pages\/12572","targetHints":{"allow":["GET"]}}],"collection":[{"href":"https:\/\/www.guibutik.pt\/loja\/wp-json\/wp\/v2\/pages"}],"about":[{"href":"https:\/\/www.guibutik.pt\/loja\/wp-json\/wp\/v2\/types\/page"}],"author":[{"embeddable":true,"href":"https:\/\/www.guibutik.pt\/loja\/wp-json\/wp\/v2\/users\/2"}],"replies":[{"embeddable":true,"href":"https:\/\/www.guibutik.pt\/loja\/wp-json\/wp\/v2\/comments?post=12572"}],"version-history":[{"count":3,"href":"https:\/\/www.guibutik.pt\/loja\/wp-json\/wp\/v2\/pages\/12572\/revisions"}],"predecessor-version":[{"id":44354,"href":"https:\/\/www.guibutik.pt\/loja\/wp-json\/wp\/v2\/pages\/12572\/revisions\/44354"}],"wp:attachment":[{"href":"https:\/\/www.guibutik.pt\/loja\/wp-json\/wp\/v2\/media?parent=12572"}],"curies":[{"name":"wp","href":"https:\/\/api.w.org\/{rel}","templated":true}]}}