{"id":12570,"date":"2020-04-06T13:42:51","date_gmt":"2020-04-06T13:42:51","guid":{"rendered":"https:\/\/www.guibutik.pt\/loja\/?page_id=12570"},"modified":"2023-05-25T14:46:12","modified_gmt":"2023-05-25T13:46:12","slug":"informacao-de-entrega","status":"publish","type":"page","link":"https:\/\/www.guibutik.pt\/loja\/informacao-de-entrega\/","title":{"rendered":"Informa\u00e7\u00e3o de Entrega"},"content":{"rendered":"\n<p>ENVIOS<\/p>\n\n\n\n<p>Ter\u00e1 a possibilidade de receber as suas encomendas na loja GUIBUTIK ou ao domic\u00edlio.&nbsp;<\/p>\n\n\n\n<p>No caso da entrega n\u00e3o se efetuar por aus\u00eancia do destinat\u00e1rio, ser\u00e1 efetuada uma segunda tentativa que, caso n\u00e3o seja bem-sucedida, a encomenda ser\u00e1 encaminhada novamente para a nossa loja. No caso do m\u00e9todo de pagamento por multibanco dever\u00e1 efetuar o pagamento da sua encomenda logo que poss\u00edvel para que garanta o seu stock e para que seja iniciado o processo de expedi\u00e7\u00e3o.<\/p>\n\n\n\n<p>\u2014 ENTREGA NA LOJA GUIBUTIK:<\/p>\n\n\n\n<p>Gratuito<\/p>\n\n\n\n<p>\u2014 ENTREGA AO DOMIC\u00cdLIO<\/p>\n\n\n\n<p>Portugal Continental<\/p>\n\n\n\n<p>Gratuito<\/p>\n\n\n\n<p>Portes de envio gratuitos em compras de valor igual ou superior a 50 EUR<\/p>\n\n\n\n<p>4.99 EUR em compras abaixo de 50 EUR<\/p>\n\n\n\n<p>Tempo de entrega:&nbsp; 3 a 7 dias \u00fateis<\/p>\n","protected":false},"excerpt":{"rendered":"<p>ENVIOS Ter\u00e1 a possibilidade de receber as suas encomendas na loja GUIBUTIK ou ao domic\u00edlio.&nbsp; No caso da entrega n\u00e3o se efetuar por aus\u00eancia do destinat\u00e1rio, ser\u00e1 efetuada uma segunda tentativa que, caso n\u00e3o seja bem-sucedida, a encomenda ser\u00e1 encaminhada novamente para a nossa loja. No caso do m\u00e9todo de pagamento por multibanco dever\u00e1 efetuar [&hellip;]<\/p>\n","protected":false},"author":2,"featured_media":0,"parent":0,"menu_order":0,"comment_status":"closed","ping_status":"closed","template":"","meta":{"footnotes":""},"class_list":["post-12570","page","type-page","status-publish","hentry"],"yoast_head":"<!-- This site is optimized with the Yoast SEO plugin v27.5 - https:\/\/yoast.com\/product\/yoast-seo-wordpress\/ -->\n<title>Informa\u00e7\u00e3o de Entrega - Guibutik<\/title>\n<meta name=\"robots\" content=\"index, follow, max-snippet:-1, max-image-preview:large, max-video-preview:-1\" \/>\n<link rel=\"canonical\" href=\"https:\/\/www.guibutik.pt\/loja\/informacao-de-entrega\/\" \/>\n<meta property=\"og:locale\" content=\"pt_PT\" \/>\n<meta property=\"og:type\" content=\"article\" \/>\n<meta property=\"og:title\" content=\"Informa\u00e7\u00e3o de Entrega - Guibutik\" \/>\n<meta property=\"og:description\" content=\"ENVIOS Ter\u00e1 a possibilidade de receber as suas encomendas na loja GUIBUTIK ou ao domic\u00edlio.&nbsp; No caso da entrega n\u00e3o se efetuar por aus\u00eancia do destinat\u00e1rio, ser\u00e1 efetuada uma segunda tentativa que, caso n\u00e3o seja bem-sucedida, a encomenda ser\u00e1 encaminhada novamente para a nossa loja. No caso do m\u00e9todo de pagamento por multibanco dever\u00e1 efetuar [&hellip;]\" \/>\n<meta property=\"og:url\" content=\"https:\/\/www.guibutik.pt\/loja\/informacao-de-entrega\/\" \/>\n<meta property=\"og:site_name\" content=\"Guibutik\" \/>\n<meta property=\"article:publisher\" content=\"https:\/\/www.facebook.com\/guibutik\/\" \/>\n<meta property=\"article:modified_time\" content=\"2023-05-25T13:46:12+00:00\" \/>\n<meta name=\"twitter:card\" content=\"summary_large_image\" \/>\n<meta name=\"twitter:label1\" content=\"Tempo estimado de leitura\" \/>\n\t<meta name=\"twitter:data1\" content=\"1 minuto\" \/>\n<script type=\"application\/ld+json\" class=\"yoast-schema-graph\">{\"@context\":\"https:\\\/\\\/schema.org\",\"@graph\":[{\"@type\":\"WebPage\",\"@id\":\"https:\\\/\\\/www.guibutik.pt\\\/loja\\\/informacao-de-entrega\\\/\",\"url\":\"https:\\\/\\\/www.guibutik.pt\\\/loja\\\/informacao-de-entrega\\\/\",\"name\":\"Informa\u00e7\u00e3o de Entrega - Guibutik\",\"isPartOf\":{\"@id\":\"https:\\\/\\\/www.guibutik.pt\\\/loja\\\/#website\"},\"datePublished\":\"2020-04-06T13:42:51+00:00\",\"dateModified\":\"2023-05-25T13:46:12+00:00\",\"breadcrumb\":{\"@id\":\"https:\\\/\\\/www.guibutik.pt\\\/loja\\\/informacao-de-entrega\\\/#breadcrumb\"},\"inLanguage\":\"pt-PT\",\"potentialAction\":[{\"@type\":\"ReadAction\",\"target\":[\"https:\\\/\\\/www.guibutik.pt\\\/loja\\\/informacao-de-entrega\\\/\"]}]},{\"@type\":\"BreadcrumbList\",\"@id\":\"https:\\\/\\\/www.guibutik.pt\\\/loja\\\/informacao-de-entrega\\\/#breadcrumb\",\"itemListElement\":[{\"@type\":\"ListItem\",\"position\":1,\"name\":\"In\u00edcio\",\"item\":\"https:\\\/\\\/www.guibutik.pt\\\/loja\\\/\"},{\"@type\":\"ListItem\",\"position\":2,\"name\":\"Informa\u00e7\u00e3o de Entrega\"}]},{\"@type\":\"WebSite\",\"@id\":\"https:\\\/\\\/www.guibutik.pt\\\/loja\\\/#website\",\"url\":\"https:\\\/\\\/www.guibutik.pt\\\/loja\\\/\",\"name\":\"Guibutik\",\"description\":\"Moda e Sapataria\",\"potentialAction\":[{\"@type\":\"SearchAction\",\"target\":{\"@type\":\"EntryPoint\",\"urlTemplate\":\"https:\\\/\\\/www.guibutik.pt\\\/loja\\\/?s={search_term_string}\"},\"query-input\":{\"@type\":\"PropertyValueSpecification\",\"valueRequired\":true,\"valueName\":\"search_term_string\"}}],\"inLanguage\":\"pt-PT\"}]}<\/script>\n<!-- \/ Yoast SEO plugin. -->","yoast_head_json":{"title":"Informa\u00e7\u00e3o de Entrega - Guibutik","robots":{"index":"index","follow":"follow","max-snippet":"max-snippet:-1","max-image-preview":"max-image-preview:large","max-video-preview":"max-video-preview:-1"},"canonical":"https:\/\/www.guibutik.pt\/loja\/informacao-de-entrega\/","og_locale":"pt_PT","og_type":"article","og_title":"Informa\u00e7\u00e3o de Entrega - Guibutik","og_description":"ENVIOS Ter\u00e1 a possibilidade de receber as suas encomendas na loja GUIBUTIK ou ao domic\u00edlio.&nbsp; No caso da entrega n\u00e3o se efetuar por aus\u00eancia do destinat\u00e1rio, ser\u00e1 efetuada uma segunda tentativa que, caso n\u00e3o seja bem-sucedida, a encomenda ser\u00e1 encaminhada novamente para a nossa loja. No caso do m\u00e9todo de pagamento por multibanco dever\u00e1 efetuar [&hellip;]","og_url":"https:\/\/www.guibutik.pt\/loja\/informacao-de-entrega\/","og_site_name":"Guibutik","article_publisher":"https:\/\/www.facebook.com\/guibutik\/","article_modified_time":"2023-05-25T13:46:12+00:00","twitter_card":"summary_large_image","twitter_misc":{"Tempo estimado de leitura":"1 minuto"},"schema":{"@context":"https:\/\/schema.org","@graph":[{"@type":"WebPage","@id":"https:\/\/www.guibutik.pt\/loja\/informacao-de-entrega\/","url":"https:\/\/www.guibutik.pt\/loja\/informacao-de-entrega\/","name":"Informa\u00e7\u00e3o de Entrega - Guibutik","isPartOf":{"@id":"https:\/\/www.guibutik.pt\/loja\/#website"},"datePublished":"2020-04-06T13:42:51+00:00","dateModified":"2023-05-25T13:46:12+00:00","breadcrumb":{"@id":"https:\/\/www.guibutik.pt\/loja\/informacao-de-entrega\/#breadcrumb"},"inLanguage":"pt-PT","potentialAction":[{"@type":"ReadAction","target":["https:\/\/www.guibutik.pt\/loja\/informacao-de-entrega\/"]}]},{"@type":"BreadcrumbList","@id":"https:\/\/www.guibutik.pt\/loja\/informacao-de-entrega\/#breadcrumb","itemListElement":[{"@type":"ListItem","position":1,"name":"In\u00edcio","item":"https:\/\/www.guibutik.pt\/loja\/"},{"@type":"ListItem","position":2,"name":"Informa\u00e7\u00e3o de Entrega"}]},{"@type":"WebSite","@id":"https:\/\/www.guibutik.pt\/loja\/#website","url":"https:\/\/www.guibutik.pt\/loja\/","name":"Guibutik","description":"Moda e Sapataria","potentialAction":[{"@type":"SearchAction","target":{"@type":"EntryPoint","urlTemplate":"https:\/\/www.guibutik.pt\/loja\/?s={search_term_string}"},"query-input":{"@type":"PropertyValueSpecification","valueRequired":true,"valueName":"search_term_string"}}],"inLanguage":"pt-PT"}]}},"_links":{"self":[{"href":"https:\/\/www.guibutik.pt\/loja\/wp-json\/wp\/v2\/pages\/12570","targetHints":{"allow":["GET"]}}],"collection":[{"href":"https:\/\/www.guibutik.pt\/loja\/wp-json\/wp\/v2\/pages"}],"about":[{"href":"https:\/\/www.guibutik.pt\/loja\/wp-json\/wp\/v2\/types\/page"}],"author":[{"embeddable":true,"href":"https:\/\/www.guibutik.pt\/loja\/wp-json\/wp\/v2\/users\/2"}],"replies":[{"embeddable":true,"href":"https:\/\/www.guibutik.pt\/loja\/wp-json\/wp\/v2\/comments?post=12570"}],"version-history":[{"count":4,"href":"https:\/\/www.guibutik.pt\/loja\/wp-json\/wp\/v2\/pages\/12570\/revisions"}],"predecessor-version":[{"id":46822,"href":"https:\/\/www.guibutik.pt\/loja\/wp-json\/wp\/v2\/pages\/12570\/revisions\/46822"}],"wp:attachment":[{"href":"https:\/\/www.guibutik.pt\/loja\/wp-json\/wp\/v2\/media?parent=12570"}],"curies":[{"name":"wp","href":"https:\/\/api.w.org\/{rel}","templated":true}]}}