{"id":12566,"date":"2020-04-06T13:38:48","date_gmt":"2020-04-06T13:38:48","guid":{"rendered":"https:\/\/www.guibutik.pt\/loja\/?page_id=12566"},"modified":"2023-05-25T14:46:24","modified_gmt":"2023-05-25T13:46:24","slug":"politica-de-privacidade","status":"publish","type":"page","link":"https:\/\/www.guibutik.pt\/loja\/politica-de-privacidade\/","title":{"rendered":"Pol\u00edtica de Privacidade"},"content":{"rendered":"\n<p>1. POL\u00cdTICA DE PRIVACIDADE E COOKIES<\/p>\n\n\n\n<p>1.1 &nbsp; INTRODU\u00c7\u00c3O<\/p>\n\n\n\n<p>&nbsp;Na GUIBUTIK estamos conscientes da nossa responsabilidade legal como \u201crespons\u00e1vel do tratamento de dados\u201d e apoiamos os princ\u00edpios da prote\u00e7\u00e3o de dados refletidos no Regulamento (UE) 2016\/679 do Parlamento Europeu e do Conselho relativo \u00e0 prote\u00e7\u00e3o das pessoas singulares no que diz respeito ao tratamento de dados pessoais e \u00e0 livre circula\u00e7\u00e3o desses dados, aplic\u00e1vel a partir de 25 de Maio de 2018.&nbsp;<\/p>\n\n\n\n<p>A GUIBUTIK Unipessoal Lda, com sede na Travessa do Zacarias n\u00ba2 3105-089 Guia concelho de Pombal e distrito do Leiria,&nbsp; matriculada na Conservat\u00f3ria do Registo Comercial do Pombal sob o n\u00famero \u00fanico de matr\u00edcula e NIPC 514324732, garante que os seus dados pessoais s\u00e3o tratados em Portugal, mantidos, usados e transferidos de acordo com as nossas obriga\u00e7\u00f5es legais.&nbsp; Continuaremos a atividade de processamento de dados \/ marketing em territ\u00f3rio nacional.<\/p>\n\n\n\n<p>Se o cliente n\u00e3o concordar com os termos desta Pol\u00edtica de Privacidade, deve parar de utilizar o Site. Caso seja cliente registado pode cancelar a sua conta entrando em contato connosco. Nesse momento, a conta ser\u00e1 encerrada e o cliente n\u00e3o ficar\u00e1 vinculado aos termos. Enquanto Cliente tamb\u00e9m pode pedir para excluir as suas informa\u00e7\u00f5es. Caso contr\u00e1rio, a utiliza\u00e7\u00e3o de forma continuada do site, ap\u00f3s a data efetiva das altera\u00e7\u00f5es, constitui uma aceita\u00e7\u00e3o dos termos desta Pol\u00edtica de Privacidade.&nbsp;<\/p>\n\n\n\n<p>2. DADOS PESSOAIS, TITULARES DE DADOS PESSOAIS E CATEGORIAS DE DADOS PESSOAIS<\/p>\n\n\n\n<p>Os dados pessoais s\u00e3o qualquer informa\u00e7\u00e3o relativa a uma pessoa singular identificada ou identific\u00e1vel. O cliente, pessoa singular, a quem os dados dizem respeito e que celebrou uma rela\u00e7\u00e3o contratual com a GUIBUTIK Unipessoal Lda.<\/p>\n\n\n\n<p>Dados fornecidos diretamente pelo titular; dados recolhidos no \u00e2mbito da rela\u00e7\u00e3o constitu\u00edda com o titular desses dados; dados pessoais solicitados ao titular tratados com o seu consentimento, nomeadamente, identifica\u00e7\u00e3o e contactos, t\u00edtulo acad\u00e9mico, sexo, data de nascimento, informa\u00e7\u00e3o sobre o agregado familiar, situa\u00e7\u00e3o profissional, endere\u00e7o de e-mail, n\u00famero de telefone, informa\u00e7\u00f5es financeiras (por exemplo IBAN), bem como morada de fatura\u00e7\u00e3o e qualquer outra informa\u00e7\u00e3o que considere necess\u00e1ria fornecer-nos.<\/p>\n\n\n\n<p>O tratamento de dados inclui, nomeadamente, o registo, recolha, consulta, adapta\u00e7\u00e3o, altera\u00e7\u00e3o, armazenamento, destrui\u00e7\u00e3o dos dados, entre outras opera\u00e7\u00f5es, necess\u00e1rias para a celebra\u00e7\u00e3o, execu\u00e7\u00e3o e gest\u00e3o do contrato celebrado com a GUIBUTIK Unipessoal Lda; ou para o cumprimento de obriga\u00e7\u00e3o legal, ou havendo um interesse leg\u00edtimo.<\/p>\n\n\n\n<p>3. FINALIDADE DA RECOLHA DOS DADOS PESSOAIS<\/p>\n\n\n\n<p>3.1 Os seus dados pessoais s\u00e3o recolhidos e tratados pela GUIBUTIK, apenas para fins estritamente ligados ao uso deste site e na loja GUIBUTIK, com vista \u00e0 presta\u00e7\u00e3o de um servi\u00e7o de excel\u00eancia durante e ap\u00f3s a experi\u00eancia de aquisi\u00e7\u00e3o de produtos. Os dados pessoais poder\u00e3o ser recolhidos mediante o consentimento prestado quando o utilizador efetue um registo no website para cumprir as obriga\u00e7\u00f5es decorrentes de quaisquer contratos celebrados entre n\u00f3s e fornecer-lhe informa\u00e7\u00f5es, produtos e servi\u00e7os solicitados, ou seja, completar seus pedidos e processar os seus pagamentos;&nbsp;<\/p>\n\n\n\n<p>Ainda para:<\/p>\n\n\n\n<p>Para lembr\u00e1-lo de produtos que colocou no seu carrinho no site, mas n\u00e3o comprou;&nbsp;<\/p>\n\n\n\n<p>Para nos ajudar a identific\u00e1-lo e as contas que mant\u00e9m connosco;&nbsp;<\/p>\n\n\n\n<p>Fornecer outros servi\u00e7os solicitados por si, conforme descrito quando recolhemos os dados;&nbsp;<\/p>\n\n\n\n<p>Para prevenir, detetar e investigar fraudes, viola\u00e7\u00f5es de seguran\u00e7a, viola\u00e7\u00f5es da lei e outros usos indevidos do Site e para aplicar os nossos Termos e Condi\u00e7\u00f5es Gerais;&nbsp;<\/p>\n\n\n\n<p>Para resolver quaisquer d\u00favidas, correspond\u00eancias, preocupa\u00e7\u00f5es ou reclama\u00e7\u00f5es que tenha levantado;&nbsp;<\/p>\n\n\n\n<p>Para opera\u00e7\u00f5es internas, incluindo an\u00e1lise de dados, testes, pesquisa, fins estat\u00edsticos e solu\u00e7\u00e3o de problemas;&nbsp;<\/p>\n\n\n\n<p>Para notific\u00e1-lo sobre altera\u00e7\u00f5es em qualquer elemento do site;&nbsp;<\/p>\n\n\n\n<p>Fornecer-lhe informa\u00e7\u00f5es sobre outros produtos e servi\u00e7os que oferecemos semelhantes \u00e0queles sobre os quais j\u00e1 comprou ou perguntou;&nbsp;<\/p>\n\n\n\n<p>Para entregar publicidade relevante, por exemplo, newsletter informativa; &nbsp;<\/p>\n\n\n\n<p>Fazer sugest\u00f5es e recomenda\u00e7\u00f5es sobre outros produtos ou servi\u00e7os que possam ser de seu interesse;<\/p>\n\n\n\n<p>Para cumprir leis aplic\u00e1veis;<\/p>\n\n\n\n<p>4. PER\u00cdODO DE ARMAZENAMENTO DOS DADOS PESSOAIS<\/p>\n\n\n\n<p>Os dados pessoais recolhidos s\u00e3o tratados pela GUIBUTIK pelo per\u00edodo necess\u00e1rio para a realiza\u00e7\u00e3o da finalidade definida, ou conforme requerido ao abrigo de qualquer contrato ou legisla\u00e7\u00e3o aplic\u00e1vel, num prazo m\u00e1ximo de 2 (dois) anos ou, caso lhe seja aplic\u00e1vel, o cliente exer\u00e7a o direito de oposi\u00e7\u00e3o, direito a ser esquecido ou retire o seu consentimento. Depois de decorrido o respectivo per\u00edodo de conserva\u00e7\u00e3o, a GUIBUTIK eliminar\u00e1 ou anonimizar\u00e1 os dados sempre que os mesmos n\u00e3o devam ser conservados para finalidade distinta que possa subsistir.<\/p>\n\n\n\n<p>7. QUAIS S\u00c3O OS SEUS DIREITOS<\/p>\n\n\n\n<p>O Cliente tem os seguintes direitos em rela\u00e7\u00e3o \u00e0s suas informa\u00e7\u00f5es pessoais:&nbsp;<\/p>\n\n\n\n<p>Acesso. O Cliente tem o direito a aceder aos dados de que dispomos. Vamos precisar o cliente comprove a sua identidade antes de informarmos quaisquer dados pessoais.&nbsp;<\/p>\n\n\n\n<p>Retifica\u00e7\u00e3o ou elimina\u00e7\u00e3o ou \u201cdireito a ser esquecido\u201d. O Cliente tem o direito de solicitar que a GUIBUTIK retifique ou exclua quaisquer dados pessoais que detenha sobre o cliente (a menos que tenhamos o direito legal ou a obriga\u00e7\u00e3o de ret\u00ea-lo).&nbsp;<\/p>\n\n\n\n<p>Restri\u00e7\u00e3o. O Cliente tem o direito de restringir o uso de informa\u00e7\u00f5es pessoais se os dados forem imprecisos, se o uso das informa\u00e7\u00f5es for ilegal ou se deixar de ser necess\u00e1rio o uso os dados para os prop\u00f3sitos para os quais os armazenamos.&nbsp;<\/p>\n\n\n\n<p>Mudan\u00e7a de prefer\u00eancias. O Cliente pode alterar as suas prefer\u00eancias de processamento de dados a qualquer momento. Por exemplo, se o cliente tiver dado o seu consentimento para o marketing direto, mas tiver mudado de ideia, poder\u00e1 cancelar o recebimento de comunica\u00e7\u00f5es de marketing entrando em contato connosco.<\/p>\n\n\n\n<p>Reclama\u00e7\u00f5es. Se por algum motivo o Cliente n\u00e3o estiver satisfeito com a forma como lidamos com seus dados pessoais, pedimos o favor de entrar em contato com a GUIBUTIK.&nbsp;<\/p>\n\n\n\n<p>Para exercer qualquer um dos direitos mencionados acima, por favor envie um e-mail para info.guibutik@gmail.com<\/p>\n\n\n\n<p>Se o cliente solicitar o cancelamento do processamento das suas informa\u00e7\u00f5es pessoais para determinadas a\u00e7\u00f5es ou que as suas informa\u00e7\u00f5es pessoais sejam apagadas, sendo isso necess\u00e1rio para facilitar o uso do Site ou para nos permitir fornecer um servi\u00e7o (como para gerenciar sua conta on-line), talvez o Cliente n\u00e3o consiga usar o site ou o servi\u00e7o como antes.&nbsp;<\/p>\n\n\n\n<p>8. CONTE\u00daDO DE TERCEIROS<\/p>\n\n\n\n<p>Este Website pode conter links para sites de terceiros (&#8220;sites vinculados&#8221;). Os sites vinculados n\u00e3o est\u00e3o sob o controle da GUIBUTIK, n\u00e3o sendo GUIBUTIK respons\u00e1vel pelo conte\u00fado de qualquer Site Vinculado.<\/p>\n\n\n\n<p>A \u2014 LEGISLA\u00c7\u00c3O<\/p>\n\n\n\n<p>O tratamento de dados pessoais pela GUIBUTIK ser\u00e1 realizado em conformidade com o Regulamento (UE) 2016\/679 do Parlamento Europeu e do Conselho relativo \u00e0 prote\u00e7\u00e3o das pessoas singulares no que diz respeito ao tratamento de dados pessoais e \u00e0 livre circula\u00e7\u00e3o desses dados, aplic\u00e1vel a partir de 25 de Maio de 2018 conjugado com demais legisla\u00e7\u00e3o portuguesa em vigor.&nbsp;<\/p>\n\n\n\n<p>Os contratos de compra e venda de produtos atrav\u00e9s deste site s\u00e3o regulados pela Lei Portuguesa.&nbsp;<\/p>\n\n\n\n<p>B \u2014 NEWSLETTERS DE MARKETING E\/OU COMUNICA\u00c7\u00d5ES<\/p>\n\n\n\n<p>A GUIBUTIK transmite informa\u00e7\u00f5es sobre produtos, servi\u00e7os, eventos, vendas e marketing (incluindo conte\u00fado online personalizado e publicidade atrav\u00e9s do site <a href=\"https:\/\/www.guibutik.pt\/loja\">www.guibutik.pt<\/a> , redes sociais ou parceiros on-line).&nbsp;<\/p>\n\n\n\n<p>&nbsp;N\u00e3o partilharemos as suas informa\u00e7\u00f5es pessoais com empresas fora do GUIBUTIK.<\/p>\n\n\n\n<p>C \u2014 COOKIES<\/p>\n\n\n\n<p>As cookies s\u00e3o divulgadas pelos nossos servidores e ningu\u00e9m pode ter acesso \u00e0s informa\u00e7\u00f5es nelas contidas. Apenas a GUIBUTIK tem acesso \u00e0s informa\u00e7\u00f5es recolhidas pelas cookies, de forma coletiva e an\u00f3nima, a fim de otimizar os seus servi\u00e7os e os deste site para as necessidades e prefer\u00eancias do utilizador e para que a prepara\u00e7\u00e3o das p\u00e1ginas da Web sejam personalizadas.&nbsp;<\/p>\n\n\n\n<p>A aceita\u00e7\u00e3o dos nossos procedimentos autom\u00e1ticos de recolha de dados e o uso de cookies \u00e9 necess\u00e1ria para tirar proveito dos muitos recursos e servi\u00e7os oferecidos atrav\u00e9s deste site, incluindo a compra de produtos. Se configurar o seu browser para bloquear ou apagar cookies, n\u00e3o podemos garantir que ter\u00e1 acesso a todos os recursos e servi\u00e7os oferecidos atrav\u00e9s deste site (por exemplo, o computador pode n\u00e3o ser capaz de exibir a imagem do produto que est\u00e1 a tentar adquirir).&nbsp;<\/p>\n\n\n\n<p>Vamos utilizar as cookies para fun\u00e7\u00f5es como a navega\u00e7\u00e3o no cat\u00e1logo, compra de produtos on-line e a presta\u00e7\u00e3o de servi\u00e7os reservados aos utilizadores registados.<\/p>\n\n\n\n<p>D \u2014 POL\u00cdTICA DE PRIVACIDADE<\/p>\n\n\n\n<p>A GUIBUTIK agradece a sua confian\u00e7a e leva muito a s\u00e9rio a privacidade dos seus dados pessoais. Esta pol\u00edtica de privacidade visa oferecer-lhe uma vis\u00e3o clara de como podemos utilizar as suas informa\u00e7\u00f5es, da nossa dedica\u00e7\u00e3o em proteger os seus dados e as op\u00e7\u00f5es que tem para exercer controlo sobre as suas informa\u00e7\u00f5es e proteger a sua privacidade. Contudo, se tiver alguma quest\u00e3o relativamente \u00e0s nossas pr\u00e1ticas no \u00e2mbito desta Pol\u00edtica de Privacidade pode colocar as suas quest\u00f5es atrav\u00e9s do e-mail: info.guibutik@gmail.com<\/p>\n","protected":false},"excerpt":{"rendered":"<p>1. POL\u00cdTICA DE PRIVACIDADE E COOKIES 1.1 &nbsp; INTRODU\u00c7\u00c3O &nbsp;Na GUIBUTIK estamos conscientes da nossa responsabilidade legal como \u201crespons\u00e1vel do tratamento de dados\u201d e apoiamos os princ\u00edpios da prote\u00e7\u00e3o de dados refletidos no Regulamento (UE) 2016\/679 do Parlamento Europeu e do Conselho relativo \u00e0 prote\u00e7\u00e3o das pessoas singulares no que diz respeito ao tratamento de [&hellip;]<\/p>\n","protected":false},"author":2,"featured_media":0,"parent":0,"menu_order":0,"comment_status":"closed","ping_status":"closed","template":"","meta":{"footnotes":""},"class_list":["post-12566","page","type-page","status-publish","hentry"],"yoast_head":"<!-- This site is optimized with the Yoast SEO plugin v27.5 - https:\/\/yoast.com\/product\/yoast-seo-wordpress\/ -->\n<title>Pol\u00edtica de Privacidade - Guibutik<\/title>\n<meta name=\"robots\" content=\"index, follow, max-snippet:-1, max-image-preview:large, max-video-preview:-1\" \/>\n<link rel=\"canonical\" href=\"https:\/\/www.guibutik.pt\/loja\/politica-de-privacidade\/\" \/>\n<meta property=\"og:locale\" content=\"pt_PT\" \/>\n<meta property=\"og:type\" content=\"article\" \/>\n<meta property=\"og:title\" content=\"Pol\u00edtica de Privacidade - Guibutik\" \/>\n<meta property=\"og:description\" content=\"1. POL\u00cdTICA DE PRIVACIDADE E COOKIES 1.1 &nbsp; INTRODU\u00c7\u00c3O &nbsp;Na GUIBUTIK estamos conscientes da nossa responsabilidade legal como \u201crespons\u00e1vel do tratamento de dados\u201d e apoiamos os princ\u00edpios da prote\u00e7\u00e3o de dados refletidos no Regulamento (UE) 2016\/679 do Parlamento Europeu e do Conselho relativo \u00e0 prote\u00e7\u00e3o das pessoas singulares no que diz respeito ao tratamento de [&hellip;]\" \/>\n<meta property=\"og:url\" content=\"https:\/\/www.guibutik.pt\/loja\/politica-de-privacidade\/\" \/>\n<meta property=\"og:site_name\" content=\"Guibutik\" \/>\n<meta property=\"article:publisher\" content=\"https:\/\/www.facebook.com\/guibutik\/\" \/>\n<meta property=\"article:modified_time\" content=\"2023-05-25T13:46:24+00:00\" \/>\n<meta name=\"twitter:card\" content=\"summary_large_image\" \/>\n<meta name=\"twitter:label1\" content=\"Tempo estimado de leitura\" \/>\n\t<meta name=\"twitter:data1\" content=\"8 minutos\" \/>\n<script type=\"application\/ld+json\" class=\"yoast-schema-graph\">{\"@context\":\"https:\\\/\\\/schema.org\",\"@graph\":[{\"@type\":\"WebPage\",\"@id\":\"https:\\\/\\\/www.guibutik.pt\\\/loja\\\/politica-de-privacidade\\\/\",\"url\":\"https:\\\/\\\/www.guibutik.pt\\\/loja\\\/politica-de-privacidade\\\/\",\"name\":\"Pol\u00edtica de Privacidade - Guibutik\",\"isPartOf\":{\"@id\":\"https:\\\/\\\/www.guibutik.pt\\\/loja\\\/#website\"},\"datePublished\":\"2020-04-06T13:38:48+00:00\",\"dateModified\":\"2023-05-25T13:46:24+00:00\",\"breadcrumb\":{\"@id\":\"https:\\\/\\\/www.guibutik.pt\\\/loja\\\/politica-de-privacidade\\\/#breadcrumb\"},\"inLanguage\":\"pt-PT\",\"potentialAction\":[{\"@type\":\"ReadAction\",\"target\":[\"https:\\\/\\\/www.guibutik.pt\\\/loja\\\/politica-de-privacidade\\\/\"]}]},{\"@type\":\"BreadcrumbList\",\"@id\":\"https:\\\/\\\/www.guibutik.pt\\\/loja\\\/politica-de-privacidade\\\/#breadcrumb\",\"itemListElement\":[{\"@type\":\"ListItem\",\"position\":1,\"name\":\"In\u00edcio\",\"item\":\"https:\\\/\\\/www.guibutik.pt\\\/loja\\\/\"},{\"@type\":\"ListItem\",\"position\":2,\"name\":\"Pol\u00edtica de Privacidade\"}]},{\"@type\":\"WebSite\",\"@id\":\"https:\\\/\\\/www.guibutik.pt\\\/loja\\\/#website\",\"url\":\"https:\\\/\\\/www.guibutik.pt\\\/loja\\\/\",\"name\":\"Guibutik\",\"description\":\"Moda e Sapataria\",\"potentialAction\":[{\"@type\":\"SearchAction\",\"target\":{\"@type\":\"EntryPoint\",\"urlTemplate\":\"https:\\\/\\\/www.guibutik.pt\\\/loja\\\/?s={search_term_string}\"},\"query-input\":{\"@type\":\"PropertyValueSpecification\",\"valueRequired\":true,\"valueName\":\"search_term_string\"}}],\"inLanguage\":\"pt-PT\"}]}<\/script>\n<!-- \/ Yoast SEO plugin. -->","yoast_head_json":{"title":"Pol\u00edtica de Privacidade - Guibutik","robots":{"index":"index","follow":"follow","max-snippet":"max-snippet:-1","max-image-preview":"max-image-preview:large","max-video-preview":"max-video-preview:-1"},"canonical":"https:\/\/www.guibutik.pt\/loja\/politica-de-privacidade\/","og_locale":"pt_PT","og_type":"article","og_title":"Pol\u00edtica de Privacidade - Guibutik","og_description":"1. POL\u00cdTICA DE PRIVACIDADE E COOKIES 1.1 &nbsp; INTRODU\u00c7\u00c3O &nbsp;Na GUIBUTIK estamos conscientes da nossa responsabilidade legal como \u201crespons\u00e1vel do tratamento de dados\u201d e apoiamos os princ\u00edpios da prote\u00e7\u00e3o de dados refletidos no Regulamento (UE) 2016\/679 do Parlamento Europeu e do Conselho relativo \u00e0 prote\u00e7\u00e3o das pessoas singulares no que diz respeito ao tratamento de [&hellip;]","og_url":"https:\/\/www.guibutik.pt\/loja\/politica-de-privacidade\/","og_site_name":"Guibutik","article_publisher":"https:\/\/www.facebook.com\/guibutik\/","article_modified_time":"2023-05-25T13:46:24+00:00","twitter_card":"summary_large_image","twitter_misc":{"Tempo estimado de leitura":"8 minutos"},"schema":{"@context":"https:\/\/schema.org","@graph":[{"@type":"WebPage","@id":"https:\/\/www.guibutik.pt\/loja\/politica-de-privacidade\/","url":"https:\/\/www.guibutik.pt\/loja\/politica-de-privacidade\/","name":"Pol\u00edtica de Privacidade - Guibutik","isPartOf":{"@id":"https:\/\/www.guibutik.pt\/loja\/#website"},"datePublished":"2020-04-06T13:38:48+00:00","dateModified":"2023-05-25T13:46:24+00:00","breadcrumb":{"@id":"https:\/\/www.guibutik.pt\/loja\/politica-de-privacidade\/#breadcrumb"},"inLanguage":"pt-PT","potentialAction":[{"@type":"ReadAction","target":["https:\/\/www.guibutik.pt\/loja\/politica-de-privacidade\/"]}]},{"@type":"BreadcrumbList","@id":"https:\/\/www.guibutik.pt\/loja\/politica-de-privacidade\/#breadcrumb","itemListElement":[{"@type":"ListItem","position":1,"name":"In\u00edcio","item":"https:\/\/www.guibutik.pt\/loja\/"},{"@type":"ListItem","position":2,"name":"Pol\u00edtica de Privacidade"}]},{"@type":"WebSite","@id":"https:\/\/www.guibutik.pt\/loja\/#website","url":"https:\/\/www.guibutik.pt\/loja\/","name":"Guibutik","description":"Moda e Sapataria","potentialAction":[{"@type":"SearchAction","target":{"@type":"EntryPoint","urlTemplate":"https:\/\/www.guibutik.pt\/loja\/?s={search_term_string}"},"query-input":{"@type":"PropertyValueSpecification","valueRequired":true,"valueName":"search_term_string"}}],"inLanguage":"pt-PT"}]}},"_links":{"self":[{"href":"https:\/\/www.guibutik.pt\/loja\/wp-json\/wp\/v2\/pages\/12566","targetHints":{"allow":["GET"]}}],"collection":[{"href":"https:\/\/www.guibutik.pt\/loja\/wp-json\/wp\/v2\/pages"}],"about":[{"href":"https:\/\/www.guibutik.pt\/loja\/wp-json\/wp\/v2\/types\/page"}],"author":[{"embeddable":true,"href":"https:\/\/www.guibutik.pt\/loja\/wp-json\/wp\/v2\/users\/2"}],"replies":[{"embeddable":true,"href":"https:\/\/www.guibutik.pt\/loja\/wp-json\/wp\/v2\/comments?post=12566"}],"version-history":[{"count":2,"href":"https:\/\/www.guibutik.pt\/loja\/wp-json\/wp\/v2\/pages\/12566\/revisions"}],"predecessor-version":[{"id":14237,"href":"https:\/\/www.guibutik.pt\/loja\/wp-json\/wp\/v2\/pages\/12566\/revisions\/14237"}],"wp:attachment":[{"href":"https:\/\/www.guibutik.pt\/loja\/wp-json\/wp\/v2\/media?parent=12566"}],"curies":[{"name":"wp","href":"https:\/\/api.w.org\/{rel}","templated":true}]}}